{"id":117,"date":"2022-02-13T18:03:03","date_gmt":"2022-02-13T18:03:03","guid":{"rendered":"http:\/\/mesaymantel.digital\/?page_id=117"},"modified":"2022-02-21T12:23:06","modified_gmt":"2022-02-21T12:23:06","slug":"aranda-de-duero","status":"publish","type":"page","link":"https:\/\/mesaymantel.digital\/index.php\/aranda-de-duero\/","title":{"rendered":"Aranda de Duero"},"content":{"rendered":"\n<hr class=\"wp-block-separator\"\/>\n\n\n\n<figure class=\"wp-block-image size-large\"><img loading=\"lazy\" width=\"1024\" height=\"120\" src=\"http:\/\/mesaymantel.digital\/wp-content\/uploads\/2022\/02\/2-1024x120.png\" alt=\"\" class=\"wp-image-1466\" srcset=\"https:\/\/mesaymantel.digital\/wp-content\/uploads\/2022\/02\/2-1024x120.png 1024w, https:\/\/mesaymantel.digital\/wp-content\/uploads\/2022\/02\/2-300x35.png 300w, https:\/\/mesaymantel.digital\/wp-content\/uploads\/2022\/02\/2-768x90.png 768w, https:\/\/mesaymantel.digital\/wp-content\/uploads\/2022\/02\/2-1536x179.png 1536w, https:\/\/mesaymantel.digital\/wp-content\/uploads\/2022\/02\/2-2048x239.png 2048w, https:\/\/mesaymantel.digital\/wp-content\/uploads\/2022\/02\/2-389x45.png 389w\" sizes=\"(max-width: 1024px) 100vw, 1024px\" \/><\/figure>\n\n\n\n<hr class=\"wp-block-separator\"\/>\n\n\n\n<figure class=\"wp-block-image size-full is-resized\"><img loading=\"lazy\" src=\"http:\/\/mesaymantel.digital\/wp-content\/uploads\/2022\/02\/2ayuntamiento-aranda-de-duero-en-657x369-2.jpg\" alt=\"\" class=\"wp-image-1195\" width=\"1238\" height=\"694\" srcset=\"https:\/\/mesaymantel.digital\/wp-content\/uploads\/2022\/02\/2ayuntamiento-aranda-de-duero-en-657x369-2.jpg 657w, https:\/\/mesaymantel.digital\/wp-content\/uploads\/2022\/02\/2ayuntamiento-aranda-de-duero-en-657x369-2-300x168.jpg 300w, https:\/\/mesaymantel.digital\/wp-content\/uploads\/2022\/02\/2ayuntamiento-aranda-de-duero-en-657x369-2-389x218.jpg 389w\" sizes=\"(max-width: 1238px) 100vw, 1238px\" \/><figcaption>Aranda de Duero<\/figcaption><\/figure>\n\n\n\n<hr class=\"wp-block-separator\"\/>\n\n\n\n<div class=\"wp-block-media-text alignwide is-stacked-on-mobile\"><figure class=\"wp-block-media-text__media\"><img loading=\"lazy\" width=\"934\" height=\"206\" src=\"http:\/\/mesaymantel.digital\/wp-content\/uploads\/2022\/02\/Captura-de-pantalla-1418.png\" alt=\"\" class=\"wp-image-728 size-full\" srcset=\"https:\/\/mesaymantel.digital\/wp-content\/uploads\/2022\/02\/Captura-de-pantalla-1418.png 934w, https:\/\/mesaymantel.digital\/wp-content\/uploads\/2022\/02\/Captura-de-pantalla-1418-300x66.png 300w, https:\/\/mesaymantel.digital\/wp-content\/uploads\/2022\/02\/Captura-de-pantalla-1418-768x169.png 768w, https:\/\/mesaymantel.digital\/wp-content\/uploads\/2022\/02\/Captura-de-pantalla-1418-389x86.png 389w\" sizes=\"(max-width: 934px) 100vw, 934px\" \/><\/figure><div class=\"wp-block-media-text__content\">\n<blockquote class=\"wp-block-quote\"><p><strong>En Restaurante AITANA apostamos por un nuevo concepto en el mundo de la restauraci\u00f3n, con una&nbsp;visi\u00f3n contempor\u00e1nea de la cocina.<\/strong><\/p><p><strong>Unido a nuestra&nbsp;persistencia y experiencia, hemos conseguido un reconocimiento a nuestro trabajo&nbsp;apareciendo como restaurante destacado&nbsp;en la gu\u00eda gastron\u00f3mica m\u00e1s importante de nuestro pa\u00eds,&nbsp;la Gu\u00eda Michel\u00edn&nbsp;(2020 y 2021).<\/strong><\/p><\/blockquote>\n\n\n\n<p><\/p>\n\n\n\n<p><a href=\"https:\/\/aitanarestaurante.es\/\" target=\"_blank\" rel=\"noreferrer noopener\">https:\/\/aitanarestaurante.es\/<\/a><\/p>\n\n\n\n<div class=\"wp-container-1 wp-block-buttons\">\n<div class=\"wp-block-button\"><a class=\"wp-block-button__link\" href=\"https:\/\/www.google.com\/maps\/place\/Restaurante+Aitana\/@41.6704107,-3.6842524,15z\/data=!4m2!3m1!1s0x0:0x71fff97e21af9050?sa=X&amp;ved=2ahUKEwjgo9b9toL2AhUVrqQKHauuD5YQ_BJ6BAgjEAU\" target=\"_blank\" rel=\"noreferrer noopener\">C\u00f3mo llegar<\/a><\/div>\n<\/div>\n<\/div><\/div>\n\n\n\n<hr class=\"wp-block-separator\"\/>\n\n\n\n<div class=\"wp-block-media-text alignwide is-stacked-on-mobile\"><figure class=\"wp-block-media-text__media\"><a href=\"https:\/\/turismoburgos.es\/asadorrafaelcorrales\/index.html\"><img loading=\"lazy\" width=\"790\" height=\"355\" src=\"http:\/\/mesaymantel.digital\/wp-content\/uploads\/2022\/02\/Captura-de-pantalla-205.png\" alt=\"\" class=\"wp-image-730 size-full\" srcset=\"https:\/\/mesaymantel.digital\/wp-content\/uploads\/2022\/02\/Captura-de-pantalla-205.png 790w, https:\/\/mesaymantel.digital\/wp-content\/uploads\/2022\/02\/Captura-de-pantalla-205-300x135.png 300w, https:\/\/mesaymantel.digital\/wp-content\/uploads\/2022\/02\/Captura-de-pantalla-205-768x345.png 768w, https:\/\/mesaymantel.digital\/wp-content\/uploads\/2022\/02\/Captura-de-pantalla-205-389x175.png 389w\" sizes=\"(max-width: 790px) 100vw, 790px\" \/><\/a><\/figure><div class=\"wp-block-media-text__content\">\n<blockquote class=\"wp-block-quote\"><p><strong>Muy pocos restaurantes<\/strong> <strong>pueden presumir de 120 a\u00f1os de historia, como Casa Rafael Corrales,<\/strong> <strong>su asador en Aranda de Duero.<\/strong><\/p><p><strong>Somos el asador m\u00e1s antiguo de la ciudad.<\/strong><\/p><p><strong>Abrimos nuestras puertas en 1902 con la finalidad de ofrecer<\/strong> <strong>a todos los visitantes la mejor comida de toda nuestra ciudad.<\/strong><\/p><p><strong>Ahora contamos con m\u00e1s de un siglo de reconocida trayectoria<\/strong> <strong>y cuatro generaciones satisfaciendo los paladares m\u00e1s exigentes.<\/strong><\/p><p><strong>Nos sentimos orgullosos de ser parte de la historia de nuestra localidad.<\/strong><\/p><\/blockquote>\n\n\n\n<p><a href=\"https:\/\/turismoburgos.es\/asadorrafaelcorrales\/index.html\" target=\"_blank\" rel=\"noreferrer noopener\">https:\/\/turismoburgos.es\/asadorrafaelcorrales\/index.html<\/a><\/p>\n\n\n\n<div class=\"wp-container-2 wp-block-buttons\">\n<div class=\"wp-block-button\"><a class=\"wp-block-button__link\" href=\"https:\/\/www.google.com\/maps\/place\/Asador+Rafael+Corrales\/@41.6713918,-3.6849181,15z\/data=!4m2!3m1!1s0x0:0x1641f3bfa2e15a9d?sa=X&amp;ved=2ahUKEwiDvOCYuIL2AhVRKBoKHaAxCJEQ_BJ6BAgyEAU\" target=\"_blank\" rel=\"noreferrer noopener\">C\u00f3mo llegar<\/a><\/div>\n<\/div>\n<\/div><\/div>\n\n\n\n<hr class=\"wp-block-separator\"\/>\n\n\n\n<div class=\"wp-block-media-text alignwide is-stacked-on-mobile\"><figure class=\"wp-block-media-text__media\"><img loading=\"lazy\" width=\"1024\" height=\"470\" src=\"http:\/\/mesaymantel.digital\/wp-content\/uploads\/2022\/02\/Imagen2-6-1024x470.png\" alt=\"\" class=\"wp-image-731 size-full\" srcset=\"https:\/\/mesaymantel.digital\/wp-content\/uploads\/2022\/02\/Imagen2-6-1024x470.png 1024w, https:\/\/mesaymantel.digital\/wp-content\/uploads\/2022\/02\/Imagen2-6-300x138.png 300w, https:\/\/mesaymantel.digital\/wp-content\/uploads\/2022\/02\/Imagen2-6-768x352.png 768w, https:\/\/mesaymantel.digital\/wp-content\/uploads\/2022\/02\/Imagen2-6-1536x705.png 1536w, https:\/\/mesaymantel.digital\/wp-content\/uploads\/2022\/02\/Imagen2-6-2048x940.png 2048w, https:\/\/mesaymantel.digital\/wp-content\/uploads\/2022\/02\/Imagen2-6-389x179.png 389w\" sizes=\"(max-width: 1024px) 100vw, 1024px\" \/><\/figure><div class=\"wp-block-media-text__content\">\n<blockquote class=\"wp-block-quote\"><p><strong>Bar Avenida. En el centro de Aranda.<\/strong><br><strong>PRUEBA NUESTRAS&#8230;<\/strong><\/p><p><strong>Tortillas variadas<\/strong><br><strong>Boller\u00eda<\/strong><br><strong>Churros<\/strong><br><strong>Pulgas variadas<\/strong><br><strong>Raciones<\/strong><br><strong>Almuerzos<\/strong><br><strong>Platos combinados<\/strong><br><strong>Desayunos<\/strong><br><strong>Zumo de naranja natural&#8230;<\/strong><\/p><\/blockquote>\n\n\n\n<p><\/p>\n\n\n\n<p><a href=\"https:\/\/clickturismo.es\/baravenidaaranda\/\" target=\"_blank\" rel=\"noreferrer noopener\">https:\/\/clickturismo.es\/baravenidaaranda\/<\/a><\/p>\n\n\n\n<div class=\"wp-container-3 wp-block-buttons\">\n<div class=\"wp-block-button\"><a class=\"wp-block-button__link\" href=\"https:\/\/www.google.com\/maps\/place\/Bar+AVENIDA\/@41.6714881,-3.685291,15z\/data=!4m2!3m1!1s0x0:0x8bd3b1278060678a?sa=X&amp;ved=2ahUKEwiT4vqEuIL2AhVJKBoKHUpMDnMQ_BJ6BAgiEAU\" target=\"_blank\" rel=\"noreferrer noopener\">C\u00f3mo llegar<\/a><\/div>\n<\/div>\n<\/div><\/div>\n\n\n\n<hr class=\"wp-block-separator\"\/>\n\n\n\n<hr class=\"wp-block-separator\"\/>\n\n\n\n<div class=\"wp-block-media-text alignwide is-stacked-on-mobile\"><figure class=\"wp-block-media-text__media\"><a href=\"https:\/\/turismoburgos.es\/arandadeduero\/\"><img loading=\"lazy\" width=\"852\" height=\"223\" src=\"http:\/\/mesaymantel.digital\/wp-content\/uploads\/2022\/02\/Imagen39-1.png\" alt=\"\" class=\"wp-image-619 size-full\" srcset=\"https:\/\/mesaymantel.digital\/wp-content\/uploads\/2022\/02\/Imagen39-1.png 852w, https:\/\/mesaymantel.digital\/wp-content\/uploads\/2022\/02\/Imagen39-1-300x79.png 300w, https:\/\/mesaymantel.digital\/wp-content\/uploads\/2022\/02\/Imagen39-1-768x201.png 768w, https:\/\/mesaymantel.digital\/wp-content\/uploads\/2022\/02\/Imagen39-1-389x102.png 389w\" sizes=\"(max-width: 852px) 100vw, 852px\" \/><\/a><\/figure><div class=\"wp-block-media-text__content\">\n<p class=\"has-large-font-size\">Toda la informaci\u00f3n tur\u00edstica de Aranda de Duero en un click.<\/p>\n\n\n\n<p><a href=\"https:\/\/turismoburgos.es\/arandadeduero\/\" target=\"_blank\" rel=\"noreferrer noopener\">https:\/\/turismoburgos.es\/arandadeduero\/<\/a><\/p>\n<\/div><\/div>\n\n\n\n<hr class=\"wp-block-separator\"\/>\n\n\n\n<hr class=\"wp-block-separator\"\/>\n","protected":false},"excerpt":{"rendered":"<p>Toda la informaci\u00f3n tur\u00edstica de Aranda de Duero en un click. https:\/\/turismoburgos.es\/arandadeduero\/<\/p>\n","protected":false},"author":1,"featured_media":0,"parent":0,"menu_order":0,"comment_status":"closed","ping_status":"closed","template":"","meta":{"_monsterinsights_skip_tracking":false,"_monsterinsights_sitenote_active":false,"_monsterinsights_sitenote_note":"","_monsterinsights_sitenote_category":0},"_links":{"self":[{"href":"https:\/\/mesaymantel.digital\/index.php\/wp-json\/wp\/v2\/pages\/117"}],"collection":[{"href":"https:\/\/mesaymantel.digital\/index.php\/wp-json\/wp\/v2\/pages"}],"about":[{"href":"https:\/\/mesaymantel.digital\/index.php\/wp-json\/wp\/v2\/types\/page"}],"author":[{"embeddable":true,"href":"https:\/\/mesaymantel.digital\/index.php\/wp-json\/wp\/v2\/users\/1"}],"replies":[{"embeddable":true,"href":"https:\/\/mesaymantel.digital\/index.php\/wp-json\/wp\/v2\/comments?post=117"}],"version-history":[{"count":5,"href":"https:\/\/mesaymantel.digital\/index.php\/wp-json\/wp\/v2\/pages\/117\/revisions"}],"predecessor-version":[{"id":1469,"href":"https:\/\/mesaymantel.digital\/index.php\/wp-json\/wp\/v2\/pages\/117\/revisions\/1469"}],"wp:attachment":[{"href":"https:\/\/mesaymantel.digital\/index.php\/wp-json\/wp\/v2\/media?parent=117"}],"curies":[{"name":"wp","href":"https:\/\/api.w.org\/{rel}","templated":true}]}}