{"id":636,"date":"2022-02-15T19:04:30","date_gmt":"2022-02-15T19:04:30","guid":{"rendered":"http:\/\/mesaymantel.digital\/?page_id=636"},"modified":"2022-02-21T12:24:31","modified_gmt":"2022-02-21T12:24:31","slug":"cardenuela-rio-pico","status":"publish","type":"page","link":"https:\/\/mesaymantel.digital\/index.php\/cardenuela-rio-pico\/","title":{"rendered":"Carde\u00f1uela R\u00edo Pico"},"content":{"rendered":"\n<hr class=\"wp-block-separator\"\/>\n\n\n\n<figure class=\"wp-block-image size-large\"><img loading=\"lazy\" width=\"1024\" height=\"120\" src=\"http:\/\/mesaymantel.digital\/wp-content\/uploads\/2022\/02\/2-1024x120.png\" alt=\"\" class=\"wp-image-1466\" srcset=\"https:\/\/mesaymantel.digital\/wp-content\/uploads\/2022\/02\/2-1024x120.png 1024w, https:\/\/mesaymantel.digital\/wp-content\/uploads\/2022\/02\/2-300x35.png 300w, https:\/\/mesaymantel.digital\/wp-content\/uploads\/2022\/02\/2-768x90.png 768w, https:\/\/mesaymantel.digital\/wp-content\/uploads\/2022\/02\/2-1536x179.png 1536w, https:\/\/mesaymantel.digital\/wp-content\/uploads\/2022\/02\/2-2048x239.png 2048w, https:\/\/mesaymantel.digital\/wp-content\/uploads\/2022\/02\/2-389x45.png 389w\" sizes=\"(max-width: 1024px) 100vw, 1024px\" \/><\/figure>\n\n\n\n<hr class=\"wp-block-separator\"\/>\n\n\n\n<figure class=\"wp-block-image size-full is-resized\"><img loading=\"lazy\" src=\"http:\/\/mesaymantel.digital\/wp-content\/uploads\/2022\/02\/Cardenuela_Riopico_Burgos_Camino_Frances_iglesia_Santa_Eulalia.jpg\" alt=\"\" class=\"wp-image-1211\" width=\"1238\" height=\"694\" srcset=\"https:\/\/mesaymantel.digital\/wp-content\/uploads\/2022\/02\/Cardenuela_Riopico_Burgos_Camino_Frances_iglesia_Santa_Eulalia.jpg 900w, https:\/\/mesaymantel.digital\/wp-content\/uploads\/2022\/02\/Cardenuela_Riopico_Burgos_Camino_Frances_iglesia_Santa_Eulalia-300x168.jpg 300w, https:\/\/mesaymantel.digital\/wp-content\/uploads\/2022\/02\/Cardenuela_Riopico_Burgos_Camino_Frances_iglesia_Santa_Eulalia-768x431.jpg 768w, https:\/\/mesaymantel.digital\/wp-content\/uploads\/2022\/02\/Cardenuela_Riopico_Burgos_Camino_Frances_iglesia_Santa_Eulalia-389x218.jpg 389w\" sizes=\"(max-width: 1238px) 100vw, 1238px\" \/><figcaption>Carde\u00f1uela R\u00edo Pico<\/figcaption><\/figure>\n\n\n\n<hr class=\"wp-block-separator\"\/>\n\n\n\n<div class=\"wp-block-media-text alignwide is-stacked-on-mobile\"><figure class=\"wp-block-media-text__media\"><a href=\"https:\/\/turismoburgos.es\/alberguesantafe\/\"><img loading=\"lazy\" width=\"621\" height=\"280\" src=\"http:\/\/mesaymantel.digital\/wp-content\/uploads\/2022\/02\/Captura-de-pantalla-44.png\" alt=\"\" class=\"wp-image-748 size-full\" srcset=\"https:\/\/mesaymantel.digital\/wp-content\/uploads\/2022\/02\/Captura-de-pantalla-44.png 621w, https:\/\/mesaymantel.digital\/wp-content\/uploads\/2022\/02\/Captura-de-pantalla-44-300x135.png 300w, https:\/\/mesaymantel.digital\/wp-content\/uploads\/2022\/02\/Captura-de-pantalla-44-389x175.png 389w\" sizes=\"(max-width: 621px) 100vw, 621px\" \/><\/a><\/figure><div class=\"wp-block-media-text__content\">\n<blockquote class=\"wp-block-quote\"><p><strong>Albergue Santa F\u00e9 se encuentra en el camino de Santiago,<br>a 14 km de Burgos.<\/strong><\/p><p><strong>Un lugar tranquilo donde descansar y comer con gusto, antes del \u00faltimo tramo para llegar a la ciudad de Burgos.<\/strong><\/p><\/blockquote>\n\n\n\n<p><a href=\"https:\/\/turismoburgos.es\/alberguesantafe\/\" target=\"_blank\" rel=\"noreferrer noopener\">https:\/\/turismoburgos.es\/alberguesantafe\/<\/a><\/p>\n\n\n\n<div class=\"wp-container-1 wp-block-buttons\">\n<div class=\"wp-block-button\"><a class=\"wp-block-button__link\" href=\"\" target=\"_blank\" rel=\"noreferrer noopener\">C\u00f3mo llegar<\/a><\/div>\n<\/div>\n<\/div><\/div>\n\n\n\n<hr class=\"wp-block-separator\"\/>\n\n\n\n<hr class=\"wp-block-separator\"\/>\n\n\n\n<div class=\"wp-block-media-text alignwide is-stacked-on-mobile\"><figure class=\"wp-block-media-text__media\"><a href=\"https:\/\/clickturismo.es\/cardenuelariopico\/\"><img loading=\"lazy\" width=\"852\" height=\"223\" src=\"http:\/\/mesaymantel.digital\/wp-content\/uploads\/2022\/02\/Imagen39-1.png\" alt=\"\" class=\"wp-image-619 size-full\" srcset=\"https:\/\/mesaymantel.digital\/wp-content\/uploads\/2022\/02\/Imagen39-1.png 852w, https:\/\/mesaymantel.digital\/wp-content\/uploads\/2022\/02\/Imagen39-1-300x79.png 300w, https:\/\/mesaymantel.digital\/wp-content\/uploads\/2022\/02\/Imagen39-1-768x201.png 768w, https:\/\/mesaymantel.digital\/wp-content\/uploads\/2022\/02\/Imagen39-1-389x102.png 389w\" sizes=\"(max-width: 852px) 100vw, 852px\" \/><\/a><\/figure><div class=\"wp-block-media-text__content\">\n<p class=\"has-large-font-size\">Toda la informaci\u00f3n tur\u00edstica de Carde\u00f1uela R\u00edo Pico en un click.<\/p>\n<\/div><\/div>\n\n\n\n<hr class=\"wp-block-separator\"\/>\n\n\n\n<hr class=\"wp-block-separator\"\/>\n","protected":false},"excerpt":{"rendered":"<p>Toda la informaci\u00f3n tur\u00edstica de Carde\u00f1uela R\u00edo Pico en un click.<\/p>\n","protected":false},"author":1,"featured_media":0,"parent":0,"menu_order":0,"comment_status":"closed","ping_status":"closed","template":"","meta":{"_monsterinsights_skip_tracking":false,"_monsterinsights_sitenote_active":false,"_monsterinsights_sitenote_note":"","_monsterinsights_sitenote_category":0},"_links":{"self":[{"href":"https:\/\/mesaymantel.digital\/index.php\/wp-json\/wp\/v2\/pages\/636"}],"collection":[{"href":"https:\/\/mesaymantel.digital\/index.php\/wp-json\/wp\/v2\/pages"}],"about":[{"href":"https:\/\/mesaymantel.digital\/index.php\/wp-json\/wp\/v2\/types\/page"}],"author":[{"embeddable":true,"href":"https:\/\/mesaymantel.digital\/index.php\/wp-json\/wp\/v2\/users\/1"}],"replies":[{"embeddable":true,"href":"https:\/\/mesaymantel.digital\/index.php\/wp-json\/wp\/v2\/comments?post=636"}],"version-history":[{"count":5,"href":"https:\/\/mesaymantel.digital\/index.php\/wp-json\/wp\/v2\/pages\/636\/revisions"}],"predecessor-version":[{"id":1472,"href":"https:\/\/mesaymantel.digital\/index.php\/wp-json\/wp\/v2\/pages\/636\/revisions\/1472"}],"wp:attachment":[{"href":"https:\/\/mesaymantel.digital\/index.php\/wp-json\/wp\/v2\/media?parent=636"}],"curies":[{"name":"wp","href":"https:\/\/api.w.org\/{rel}","templated":true}]}}