{"id":638,"date":"2022-02-15T19:04:30","date_gmt":"2022-02-15T19:04:30","guid":{"rendered":"http:\/\/mesaymantel.digital\/?page_id=638"},"modified":"2022-02-21T12:25:33","modified_gmt":"2022-02-21T12:25:33","slug":"covarrubias","status":"publish","type":"page","link":"https:\/\/mesaymantel.digital\/index.php\/covarrubias\/","title":{"rendered":"Covarrubias"},"content":{"rendered":"\n<hr class=\"wp-block-separator\"\/>\n\n\n\n<figure class=\"wp-block-image size-large\"><img loading=\"lazy\" width=\"1024\" height=\"120\" src=\"http:\/\/mesaymantel.digital\/wp-content\/uploads\/2022\/02\/2-1024x120.png\" alt=\"\" class=\"wp-image-1466\" srcset=\"https:\/\/mesaymantel.digital\/wp-content\/uploads\/2022\/02\/2-1024x120.png 1024w, https:\/\/mesaymantel.digital\/wp-content\/uploads\/2022\/02\/2-300x35.png 300w, https:\/\/mesaymantel.digital\/wp-content\/uploads\/2022\/02\/2-768x90.png 768w, https:\/\/mesaymantel.digital\/wp-content\/uploads\/2022\/02\/2-1536x179.png 1536w, https:\/\/mesaymantel.digital\/wp-content\/uploads\/2022\/02\/2-2048x239.png 2048w, https:\/\/mesaymantel.digital\/wp-content\/uploads\/2022\/02\/2-389x45.png 389w\" sizes=\"(max-width: 1024px) 100vw, 1024px\" \/><\/figure>\n\n\n\n<hr class=\"wp-block-separator\"\/>\n\n\n\n<figure class=\"wp-block-image size-full is-resized\"><img loading=\"lazy\" src=\"http:\/\/mesaymantel.digital\/wp-content\/uploads\/2022\/02\/calle-covarrubias-768x513-1.jpg\" alt=\"\" class=\"wp-image-1217\" width=\"1240\" height=\"828\" srcset=\"https:\/\/mesaymantel.digital\/wp-content\/uploads\/2022\/02\/calle-covarrubias-768x513-1.jpg 768w, https:\/\/mesaymantel.digital\/wp-content\/uploads\/2022\/02\/calle-covarrubias-768x513-1-300x200.jpg 300w, https:\/\/mesaymantel.digital\/wp-content\/uploads\/2022\/02\/calle-covarrubias-768x513-1-389x260.jpg 389w\" sizes=\"(max-width: 1240px) 100vw, 1240px\" \/><figcaption>Covarrubias<\/figcaption><\/figure>\n\n\n\n<hr class=\"wp-block-separator\"\/>\n\n\n\n<div class=\"wp-block-media-text alignwide is-stacked-on-mobile\"><figure class=\"wp-block-media-text__media\"><a href=\"https:\/\/turismoburgos.es\/cafechumi\/\"><img loading=\"lazy\" width=\"603\" height=\"149\" src=\"http:\/\/mesaymantel.digital\/wp-content\/uploads\/2022\/02\/2018-01-09.png\" alt=\"\" class=\"wp-image-758 size-full\" srcset=\"https:\/\/mesaymantel.digital\/wp-content\/uploads\/2022\/02\/2018-01-09.png 603w, https:\/\/mesaymantel.digital\/wp-content\/uploads\/2022\/02\/2018-01-09-300x74.png 300w, https:\/\/mesaymantel.digital\/wp-content\/uploads\/2022\/02\/2018-01-09-389x96.png 389w\" sizes=\"(max-width: 603px) 100vw, 603px\" \/><\/a><\/figure><div class=\"wp-block-media-text__content\">\n<blockquote class=\"wp-block-quote\"><p><strong>Si quieres un lugar donde disfrutar de buenas tapas,<\/strong><\/p><p><strong>buenas raciones, buen caf\u00e9 y la mejor compa\u00f1\u00eda&#8230;<\/strong><\/p><p><strong>CAF\u00c9 CHUMI &#8230;.<\/strong><\/p><p><strong>VENGA VA !!!<\/strong><\/p><\/blockquote>\n\n\n\n<p><a href=\"https:\/\/turismoburgos.es\/cafechumi\/\" target=\"_blank\" rel=\"noreferrer noopener\">https:\/\/turismoburgos.es\/cafechumi\/<\/a><\/p>\n\n\n\n<div class=\"wp-container-1 wp-block-buttons\">\n<div class=\"wp-block-button\"><a class=\"wp-block-button__link\" href=\"https:\/\/www.google.com\/maps\/place\/Caf%C3%A9+Bar+Chumi\/@42.0588363,-3.5197789,15z\/data=!4m2!3m1!1s0x0:0xb2584199fc22b10c?sa=X&amp;ved=2ahUKEwixrL-vxoL2AhUMJhoKHfRXCNcQ_BJ6BAgmEAU\" target=\"_blank\" rel=\"noreferrer noopener\">C\u00f3mo llegar<\/a><\/div>\n<\/div>\n<\/div><\/div>\n\n\n\n<hr class=\"wp-block-separator\"\/>\n\n\n\n<div class=\"wp-block-media-text alignwide is-stacked-on-mobile\"><figure class=\"wp-block-media-text__media\"><a href=\"https:\/\/turismoburgos.es\/casagalin\/\"><img loading=\"lazy\" width=\"269\" height=\"79\" src=\"http:\/\/mesaymantel.digital\/wp-content\/uploads\/2022\/02\/2018-01-09-1.png\" alt=\"\" class=\"wp-image-760 size-full\"\/><\/a><\/figure><div class=\"wp-block-media-text__content\">\n<blockquote class=\"wp-block-quote\"><p><strong>Es el restaurante el que da fama a nuestro establecimiento. <\/strong><\/p><p><strong>Cocina casera al m\u00e1s puro estilo castellano: olla podrida, cordero lechal asado, pollo de corral en pepitoria, son algunos de los platos m\u00e1s degustados por nuestra clientela.<\/strong><\/p><p><strong>Muchos de nuestros comensales vienen aconsejados por otros, o por las gu\u00edas de viaje. Un ejemplo de ellas son la Gu\u00eda Trotamundos, o la Gu\u00eda de la buena vida de El Pa\u00eds.<\/strong><\/p><p><strong>Conoce nuestros salones y los platos recomendados para esta temporada.<br>Cerrado por descanso semanal<\/strong> <strong>los domingo noche y martes.<\/strong><\/p><\/blockquote>\n\n\n\n<p><a href=\"https:\/\/turismoburgos.es\/casagalin\/\" target=\"_blank\" rel=\"noreferrer noopener\">https:\/\/turismoburgos.es\/casagalin\/<\/a><\/p>\n\n\n\n<div class=\"wp-container-2 wp-block-buttons\">\n<div class=\"wp-block-button\"><a class=\"wp-block-button__link\" href=\"https:\/\/www.google.com\/maps\/place\/Casa+Gal%C3%ADn\/@42.0590412,-3.5201179,15z\/data=!4m2!3m1!1s0x0:0xdc18ee66e9dd669e?sa=X&amp;ved=2ahUKEwi2iYCWx4L2AhUXgs4BHaKxDzsQ_BJ6BAggEAU\" target=\"_blank\" rel=\"noreferrer noopener\">C\u00f3mo llegar<\/a><\/div>\n<\/div>\n<\/div><\/div>\n\n\n\n<hr class=\"wp-block-separator\"\/>\n\n\n\n<div class=\"wp-block-media-text alignwide is-stacked-on-mobile\"><figure class=\"wp-block-media-text__media\"><a href=\"https:\/\/turismoburgos.es\/casagalo\/\"><img loading=\"lazy\" width=\"265\" height=\"290\" src=\"http:\/\/mesaymantel.digital\/wp-content\/uploads\/2022\/02\/de_galo.jpg\" alt=\"\" class=\"wp-image-761 size-full\"\/><\/a><\/figure><div class=\"wp-block-media-text__content\">\n<blockquote class=\"wp-block-quote\"><p><strong>Desde 1994 el restaurante, siendo la tercera generaci\u00f3n de la familia, ofrece una versi\u00f3n tradicional de la comida castellana.<\/strong><\/p><p><strong>Cada rinc\u00f3n de nuestro restaurante destila esencia rural. Paredes de adobe y piedra, vigas de madera, aperos de labranza y utensilios cotidianos conforman la acogedora decoraci\u00f3n del comedor.<\/strong><\/p><p><strong>Como buen amante de la gastronom\u00eda, Galo conoce la importancia que tiene sentirse c\u00f3modo, para disfrutar de una buena comida.<\/strong><\/p><\/blockquote>\n\n\n\n<p><a href=\"https:\/\/turismoburgos.es\/casagalo\/\" target=\"_blank\" rel=\"noreferrer noopener\">https:\/\/turismoburgos.es\/casagalo\/<\/a><\/p>\n\n\n\n<div class=\"wp-container-3 wp-block-buttons\">\n<div class=\"wp-block-button\"><a class=\"wp-block-button__link\" href=\"https:\/\/www.google.com\/maps\/place\/Restaurante+De+Galo\/@42.0594522,-3.5195651,15z\/data=!4m2!3m1!1s0x0:0xcbe7d6929f578120?sa=X&amp;ved=2ahUKEwi_wK7nx4L2AhUJ3xoKHf70BMoQ_BJ6BAglEAU\" target=\"_blank\" rel=\"noreferrer noopener\">C\u00f3mo llegar<\/a><\/div>\n<\/div>\n<\/div><\/div>\n\n\n\n<hr class=\"wp-block-separator\"\/>\n\n\n\n<div class=\"wp-block-media-text alignwide is-stacked-on-mobile\"><figure class=\"wp-block-media-text__media\"><a href=\"https:\/\/turismoburgos.es\/elpozo\/\"><img loading=\"lazy\" width=\"212\" height=\"345\" src=\"http:\/\/mesaymantel.digital\/wp-content\/uploads\/2022\/02\/unnamed1.jpg\" alt=\"\" class=\"wp-image-762 size-full\" srcset=\"https:\/\/mesaymantel.digital\/wp-content\/uploads\/2022\/02\/unnamed1.jpg 212w, https:\/\/mesaymantel.digital\/wp-content\/uploads\/2022\/02\/unnamed1-184x300.jpg 184w\" sizes=\"(max-width: 212px) 100vw, 212px\" \/><\/a><\/figure><div class=\"wp-block-media-text__content\">\n<blockquote class=\"wp-block-quote\"><p><strong>EL POZO DE FERN\u00c1N GONZ\u00c1LEZ<\/strong><\/p><p><strong>Un gran sitio donde comer, tomar un aperitivo o lo que te apetezca,<\/strong><\/p><p><strong>siempre atendido con una gran sonrisa y gran amabilidad&#8230;<\/strong><\/p><\/blockquote>\n\n\n\n<p><a href=\"https:\/\/turismoburgos.es\/elpozo\/\" target=\"_blank\" rel=\"noreferrer noopener\">https:\/\/turismoburgos.es\/elpozo\/<\/a><\/p>\n\n\n\n<div class=\"wp-container-4 wp-block-buttons\">\n<div class=\"wp-block-button\"><a class=\"wp-block-button__link\" href=\"https:\/\/www.google.com\/maps\/place\/El+Pozo+de+Fern%C3%A1n+Gonz%C3%A1lez\/@42.0593291,-3.5203282,15z\/data=!4m2!3m1!1s0x0:0xf6785454a371bcdf?sa=X&amp;ved=2ahUKEwiwp9eYyIL2AhUbQ_EDHT2FDNkQ_BJ6BAgtEAU\" target=\"_blank\" rel=\"noreferrer noopener\">C\u00f3mo llegar<\/a><\/div>\n<\/div>\n<\/div><\/div>\n\n\n\n<hr class=\"wp-block-separator\"\/>\n\n\n\n<hr class=\"wp-block-separator\"\/>\n\n\n\n<div class=\"wp-block-media-text alignwide is-stacked-on-mobile\"><figure class=\"wp-block-media-text__media\"><a href=\"https:\/\/turismoburgos.es\/covarrubias\/\"><img loading=\"lazy\" width=\"852\" height=\"223\" src=\"http:\/\/mesaymantel.digital\/wp-content\/uploads\/2022\/02\/Imagen39-1.png\" alt=\"\" class=\"wp-image-619 size-full\" srcset=\"https:\/\/mesaymantel.digital\/wp-content\/uploads\/2022\/02\/Imagen39-1.png 852w, https:\/\/mesaymantel.digital\/wp-content\/uploads\/2022\/02\/Imagen39-1-300x79.png 300w, https:\/\/mesaymantel.digital\/wp-content\/uploads\/2022\/02\/Imagen39-1-768x201.png 768w, https:\/\/mesaymantel.digital\/wp-content\/uploads\/2022\/02\/Imagen39-1-389x102.png 389w\" sizes=\"(max-width: 852px) 100vw, 852px\" \/><\/a><\/figure><div class=\"wp-block-media-text__content\">\n<p class=\"has-large-font-size\">Toda la informaci\u00f3n tur\u00edstica de Covarrubias en un click.<\/p>\n\n\n\n<p><a href=\"https:\/\/turismoburgos.es\/covarrubias\/\" target=\"_blank\" rel=\"noreferrer noopener\">https:\/\/turismoburgos.es\/covarrubias\/<\/a><\/p>\n<\/div><\/div>\n\n\n\n<hr class=\"wp-block-separator\"\/>\n\n\n\n<hr class=\"wp-block-separator\"\/>\n","protected":false},"excerpt":{"rendered":"<p>Toda la informaci\u00f3n tur\u00edstica de Covarrubias en un click. https:\/\/turismoburgos.es\/covarrubias\/<\/p>\n","protected":false},"author":1,"featured_media":0,"parent":0,"menu_order":0,"comment_status":"closed","ping_status":"closed","template":"","meta":{"_monsterinsights_skip_tracking":false,"_monsterinsights_sitenote_active":false,"_monsterinsights_sitenote_note":"","_monsterinsights_sitenote_category":0},"_links":{"self":[{"href":"https:\/\/mesaymantel.digital\/index.php\/wp-json\/wp\/v2\/pages\/638"}],"collection":[{"href":"https:\/\/mesaymantel.digital\/index.php\/wp-json\/wp\/v2\/pages"}],"about":[{"href":"https:\/\/mesaymantel.digital\/index.php\/wp-json\/wp\/v2\/types\/page"}],"author":[{"embeddable":true,"href":"https:\/\/mesaymantel.digital\/index.php\/wp-json\/wp\/v2\/users\/1"}],"replies":[{"embeddable":true,"href":"https:\/\/mesaymantel.digital\/index.php\/wp-json\/wp\/v2\/comments?post=638"}],"version-history":[{"count":6,"href":"https:\/\/mesaymantel.digital\/index.php\/wp-json\/wp\/v2\/pages\/638\/revisions"}],"predecessor-version":[{"id":1474,"href":"https:\/\/mesaymantel.digital\/index.php\/wp-json\/wp\/v2\/pages\/638\/revisions\/1474"}],"wp:attachment":[{"href":"https:\/\/mesaymantel.digital\/index.php\/wp-json\/wp\/v2\/media?parent=638"}],"curies":[{"name":"wp","href":"https:\/\/api.w.org\/{rel}","templated":true}]}}