{"id":643,"date":"2022-02-15T19:04:30","date_gmt":"2022-02-15T19:04:30","guid":{"rendered":"http:\/\/mesaymantel.digital\/?page_id=643"},"modified":"2022-02-21T12:27:31","modified_gmt":"2022-02-21T12:27:31","slug":"rabe-de-las-calzadas","status":"publish","type":"page","link":"https:\/\/mesaymantel.digital\/index.php\/rabe-de-las-calzadas\/","title":{"rendered":"Rab\u00e9 de las Calzadas"},"content":{"rendered":"\n<hr class=\"wp-block-separator\"\/>\n\n\n\n<figure class=\"wp-block-image size-large\"><img loading=\"lazy\" width=\"1024\" height=\"120\" src=\"http:\/\/mesaymantel.digital\/wp-content\/uploads\/2022\/02\/2-1024x120.png\" alt=\"\" class=\"wp-image-1466\" srcset=\"https:\/\/mesaymantel.digital\/wp-content\/uploads\/2022\/02\/2-1024x120.png 1024w, https:\/\/mesaymantel.digital\/wp-content\/uploads\/2022\/02\/2-300x35.png 300w, https:\/\/mesaymantel.digital\/wp-content\/uploads\/2022\/02\/2-768x90.png 768w, https:\/\/mesaymantel.digital\/wp-content\/uploads\/2022\/02\/2-1536x179.png 1536w, https:\/\/mesaymantel.digital\/wp-content\/uploads\/2022\/02\/2-2048x239.png 2048w, https:\/\/mesaymantel.digital\/wp-content\/uploads\/2022\/02\/2-389x45.png 389w\" sizes=\"(max-width: 1024px) 100vw, 1024px\" \/><\/figure>\n\n\n\n<hr class=\"wp-block-separator\"\/>\n\n\n\n<figure class=\"wp-block-image size-full is-resized\"><img loading=\"lazy\" src=\"http:\/\/mesaymantel.digital\/wp-content\/uploads\/2022\/02\/ea59543f74d4a9ab106df7a72eb593de.jpg\" alt=\"\" class=\"wp-image-1232\" width=\"1238\" height=\"930\" srcset=\"https:\/\/mesaymantel.digital\/wp-content\/uploads\/2022\/02\/ea59543f74d4a9ab106df7a72eb593de.jpg 736w, https:\/\/mesaymantel.digital\/wp-content\/uploads\/2022\/02\/ea59543f74d4a9ab106df7a72eb593de-300x225.jpg 300w, https:\/\/mesaymantel.digital\/wp-content\/uploads\/2022\/02\/ea59543f74d4a9ab106df7a72eb593de-389x292.jpg 389w\" sizes=\"(max-width: 1238px) 100vw, 1238px\" \/><figcaption>Rab\u00e9 de las Calzadas<\/figcaption><\/figure>\n\n\n\n<p><\/p>\n\n\n\n<hr class=\"wp-block-separator\"\/>\n\n\n\n<div class=\"wp-block-media-text alignwide is-stacked-on-mobile\"><figure class=\"wp-block-media-text__media\"><a href=\"https:\/\/turismoburgos.es\/barlapena\/\"><img loading=\"lazy\" width=\"1024\" height=\"753\" src=\"http:\/\/mesaymantel.digital\/wp-content\/uploads\/2022\/02\/cantina-1024x753.gif\" alt=\"\" class=\"wp-image-782 size-full\" srcset=\"https:\/\/mesaymantel.digital\/wp-content\/uploads\/2022\/02\/cantina-1024x753.gif 1024w, https:\/\/mesaymantel.digital\/wp-content\/uploads\/2022\/02\/cantina-300x221.gif 300w, https:\/\/mesaymantel.digital\/wp-content\/uploads\/2022\/02\/cantina-768x565.gif 768w, https:\/\/mesaymantel.digital\/wp-content\/uploads\/2022\/02\/cantina-389x286.gif 389w\" sizes=\"(max-width: 1024px) 100vw, 1024px\" \/><\/a><\/figure><div class=\"wp-block-media-text__content\">\n<p><strong>Bar de la Pe\u00f1a, Rab\u00e9 de las Calzadas<\/strong><br><strong>Bar frente al Ayuntamiento, que abre<\/strong><br><strong>desde las 7 de la ma\u00f1ana en temporada estival,<\/strong><br><strong>para atender a los peregrinos que deseen hacer un receso, caf\u00e9 caliente, PINCHO DE TORTILLA, especialidad de la casa.<\/strong><br><strong>Tenemos pan de pueblo, de Tardajos.<\/strong><br><strong>Diariamente ofrecemos cazuelitas caseras, comidas por encargo&#8230;<\/strong><br><strong>Tapas diferentes cada domingo con vuestra consumici\u00f3n&#8230;<\/strong><\/p>\n\n\n\n<ul><li><strong>Angel Ortega y Honorato os atender\u00e1n con verdadero placer.<\/strong><\/li><li><strong>Se sellan credenciales.<\/strong><\/li><\/ul>\n\n\n\n<p><a href=\"https:\/\/turismoburgos.es\/barlapena\/\" target=\"_blank\" rel=\"noreferrer noopener\">https:\/\/turismoburgos.es\/barlapena\/<\/a><\/p>\n\n\n\n<div class=\"wp-container-1 wp-block-buttons\">\n<div class=\"wp-block-button\"><a class=\"wp-block-button__link\" href=\"https:\/\/www.google.com\/maps\/dir\/\/C.+Baldomero+Pampliega,+2+09130+Rab%C3%A9+de+las+Calzadas+Burgos\/@42.3399389,-3.8356995,17z\/data=!4m5!4m4!1m0!1m2!1m1!1s0xd4605efe3121013:0x50c8741c36fdc423\" target=\"_blank\" rel=\"noreferrer noopener\">C\u00f3mo llegar<\/a><\/div>\n<\/div>\n<\/div><\/div>\n\n\n\n<hr class=\"wp-block-separator\"\/>\n\n\n\n<div class=\"wp-block-media-text alignwide is-stacked-on-mobile\"><figure class=\"wp-block-media-text__media\"><a href=\"https:\/\/turismoburgos.es\/hostalfuentederabe\/\"><img loading=\"lazy\" width=\"240\" height=\"89\" src=\"http:\/\/mesaymantel.digital\/wp-content\/uploads\/2022\/02\/Captura-de-pantalla-189.png\" alt=\"\" class=\"wp-image-783 size-full\"\/><\/a><\/figure><div class=\"wp-block-media-text__content\">\n<blockquote class=\"wp-block-quote\"><p><strong>El bar sutuado a la entrada<\/strong>&nbsp;<strong>atiende durante el d\u00eda tanto a los peregrinos de paso<br>como a los que se quedan a pernoctar.<br>En Horario de 7 de la ma\u00f1ana a 22 horas por la noche.<br>Se sirven bocadillos, platos combinados, tapas variadas como la morcilla de Burgos<br>y ricos quesos de la zona.<br>Disponemos de men\u00fa del peregrino con 4 primeros y 4 segundos platos.<br>Destacando los postres caseros con elaboraci\u00f3n propia. 12 \u20ac.<\/strong><\/p><p><strong>Se puede comer a la carta, destacando bacalao, pollo de corral y rabo de toro.<\/strong><\/p><p><strong>Tambi\u00e9n disponemos de un men\u00fa vegetariano. Tambi\u00e9n 12 \u20ac<\/strong><\/p><\/blockquote>\n\n\n\n<p><a href=\"https:\/\/turismoburgos.es\/hostalfuentederabe\/\" target=\"_blank\" rel=\"noreferrer noopener\">https:\/\/turismoburgos.es\/hostalfuentederabe\/<\/a><\/p>\n\n\n\n<div class=\"wp-container-2 wp-block-buttons\">\n<div class=\"wp-block-button\"><a class=\"wp-block-button__link\" href=\"https:\/\/www.google.com\/maps\/place\/Restaurante-Hostal+Fuente+de+Rab%C3%A9\/@42.3406296,-3.8339342,15z\/data=!4m2!3m1!1s0x0:0xbe6aa5dd92a6193f?sa=X&amp;hl=es&amp;ved=2ahUKEwic8s_xqcntAhWD8eAKHQI5DtoQ_BIwC3oECBQQBQ\" target=\"_blank\" rel=\"noreferrer noopener\">C\u00f3mo llegar<\/a><\/div>\n<\/div>\n<\/div><\/div>\n\n\n\n<hr class=\"wp-block-separator\"\/>\n\n\n\n<hr class=\"wp-block-separator\"\/>\n\n\n\n<div class=\"wp-block-media-text alignwide is-stacked-on-mobile\"><figure class=\"wp-block-media-text__media\"><a href=\"https:\/\/turismoburgos.es\/rabedelascalzadas\/\"><img loading=\"lazy\" width=\"852\" height=\"223\" src=\"http:\/\/mesaymantel.digital\/wp-content\/uploads\/2022\/02\/Imagen39-1.png\" alt=\"\" class=\"wp-image-619 size-full\" srcset=\"https:\/\/mesaymantel.digital\/wp-content\/uploads\/2022\/02\/Imagen39-1.png 852w, https:\/\/mesaymantel.digital\/wp-content\/uploads\/2022\/02\/Imagen39-1-300x79.png 300w, https:\/\/mesaymantel.digital\/wp-content\/uploads\/2022\/02\/Imagen39-1-768x201.png 768w, https:\/\/mesaymantel.digital\/wp-content\/uploads\/2022\/02\/Imagen39-1-389x102.png 389w\" sizes=\"(max-width: 852px) 100vw, 852px\" \/><\/a><\/figure><div class=\"wp-block-media-text__content\">\n<p class=\"has-large-font-size\">Toda la informaci\u00f3n tur\u00edstica de Rab\u00e9 de las Calzadas en un click.<\/p>\n\n\n\n<p><a href=\"https:\/\/turismoburgos.es\/rabedelascalzadas\/\" target=\"_blank\" rel=\"noreferrer noopener\">https:\/\/turismoburgos.es\/rabedelascalzadas\/<\/a><\/p>\n<\/div><\/div>\n\n\n\n<hr class=\"wp-block-separator\"\/>\n\n\n\n<hr class=\"wp-block-separator\"\/>\n","protected":false},"excerpt":{"rendered":"<p>Toda la informaci\u00f3n tur\u00edstica de Rab\u00e9 de las Calzadas en un click. https:\/\/turismoburgos.es\/rabedelascalzadas\/<\/p>\n","protected":false},"author":1,"featured_media":0,"parent":0,"menu_order":0,"comment_status":"closed","ping_status":"closed","template":"","meta":{"_monsterinsights_skip_tracking":false,"_monsterinsights_sitenote_active":false,"_monsterinsights_sitenote_note":"","_monsterinsights_sitenote_category":0},"_links":{"self":[{"href":"https:\/\/mesaymantel.digital\/index.php\/wp-json\/wp\/v2\/pages\/643"}],"collection":[{"href":"https:\/\/mesaymantel.digital\/index.php\/wp-json\/wp\/v2\/pages"}],"about":[{"href":"https:\/\/mesaymantel.digital\/index.php\/wp-json\/wp\/v2\/types\/page"}],"author":[{"embeddable":true,"href":"https:\/\/mesaymantel.digital\/index.php\/wp-json\/wp\/v2\/users\/1"}],"replies":[{"embeddable":true,"href":"https:\/\/mesaymantel.digital\/index.php\/wp-json\/wp\/v2\/comments?post=643"}],"version-history":[{"count":4,"href":"https:\/\/mesaymantel.digital\/index.php\/wp-json\/wp\/v2\/pages\/643\/revisions"}],"predecessor-version":[{"id":1479,"href":"https:\/\/mesaymantel.digital\/index.php\/wp-json\/wp\/v2\/pages\/643\/revisions\/1479"}],"wp:attachment":[{"href":"https:\/\/mesaymantel.digital\/index.php\/wp-json\/wp\/v2\/media?parent=643"}],"curies":[{"name":"wp","href":"https:\/\/api.w.org\/{rel}","templated":true}]}}