{"id":649,"date":"2022-02-15T19:04:30","date_gmt":"2022-02-15T19:04:30","guid":{"rendered":"http:\/\/mesaymantel.digital\/?page_id=649"},"modified":"2022-02-21T12:30:12","modified_gmt":"2022-02-21T12:30:12","slug":"tardajos","status":"publish","type":"page","link":"https:\/\/mesaymantel.digital\/index.php\/tardajos\/","title":{"rendered":"Tardajos"},"content":{"rendered":"\n<hr class=\"wp-block-separator\"\/>\n\n\n\n<figure class=\"wp-block-image size-large\"><img loading=\"lazy\" width=\"1024\" height=\"120\" src=\"http:\/\/mesaymantel.digital\/wp-content\/uploads\/2022\/02\/2-1024x120.png\" alt=\"\" class=\"wp-image-1466\" srcset=\"https:\/\/mesaymantel.digital\/wp-content\/uploads\/2022\/02\/2-1024x120.png 1024w, https:\/\/mesaymantel.digital\/wp-content\/uploads\/2022\/02\/2-300x35.png 300w, https:\/\/mesaymantel.digital\/wp-content\/uploads\/2022\/02\/2-768x90.png 768w, https:\/\/mesaymantel.digital\/wp-content\/uploads\/2022\/02\/2-1536x179.png 1536w, https:\/\/mesaymantel.digital\/wp-content\/uploads\/2022\/02\/2-2048x239.png 2048w, https:\/\/mesaymantel.digital\/wp-content\/uploads\/2022\/02\/2-389x45.png 389w\" sizes=\"(max-width: 1024px) 100vw, 1024px\" \/><\/figure>\n\n\n\n<hr class=\"wp-block-separator\"\/>\n\n\n\n<figure class=\"wp-block-image size-large is-resized\"><img loading=\"lazy\" src=\"http:\/\/mesaymantel.digital\/wp-content\/uploads\/2022\/02\/Tardajos-1-1024x292.jpg\" alt=\"\" class=\"wp-image-1252\" width=\"1238\" height=\"353\" srcset=\"https:\/\/mesaymantel.digital\/wp-content\/uploads\/2022\/02\/Tardajos-1-1024x292.jpg 1024w, https:\/\/mesaymantel.digital\/wp-content\/uploads\/2022\/02\/Tardajos-1-300x86.jpg 300w, https:\/\/mesaymantel.digital\/wp-content\/uploads\/2022\/02\/Tardajos-1-768x219.jpg 768w, https:\/\/mesaymantel.digital\/wp-content\/uploads\/2022\/02\/Tardajos-1-1536x438.jpg 1536w, https:\/\/mesaymantel.digital\/wp-content\/uploads\/2022\/02\/Tardajos-1-389x111.jpg 389w, https:\/\/mesaymantel.digital\/wp-content\/uploads\/2022\/02\/Tardajos-1.jpg 2000w\" sizes=\"(max-width: 1238px) 100vw, 1238px\" \/><figcaption>Tardajos<\/figcaption><\/figure>\n\n\n\n<hr class=\"wp-block-separator\"\/>\n\n\n\n<div class=\"wp-block-media-text alignwide is-stacked-on-mobile\"><figure class=\"wp-block-media-text__media\"><a href=\"https:\/\/turismoburgos.es\/lacasadebeli\/\"><img loading=\"lazy\" width=\"355\" height=\"273\" src=\"http:\/\/mesaymantel.digital\/wp-content\/uploads\/2022\/02\/4e92423e224b4b1085fb0587e3d163a5.gif\" alt=\"\" class=\"wp-image-812 size-full\"\/><\/a><\/figure><div class=\"wp-block-media-text__content\">\n<blockquote class=\"wp-block-quote\"><p><strong>Situado a la entrada de la poblaci\u00f3n de Tardajos,<br>&nbsp;est\u00e1 ubicado en un edificio de 1903 que ha sido rehabilitado actualmente.<\/strong><\/p><p><strong>Es el lugar perfecto para el descanso del viajero.<br>Sus acogedoras habitaciones y su cuidado jard\u00edn hacen de este alojamiento rural<br>el lugar ideal para relajarse.<\/strong><\/p><p><strong>Bar Restaurante<br>Abierto desde las 6 de la ma\u00f1ana para dar de desayunar a los peregrinos y a los hu\u00e9spedes del hotel. Men\u00fa con 4 primeros 4 segundos y postre a elegir acompa\u00f1ado por una copa de vino de rioja por 10 \u20ac. Tambi\u00e9n disponemos de una carta de productos t\u00edpicos de la zona.<\/strong><\/p><p><strong>Realizamos jornadas gastron\u00f3micas que puedes seguir en nuestro Facebook.<\/strong><\/p><\/blockquote>\n\n\n\n<p><a href=\"https:\/\/turismoburgos.es\/lacasadebeli\/\" target=\"_blank\" rel=\"noreferrer noopener\">https:\/\/turismoburgos.es\/lacasadebeli\/<\/a><\/p>\n\n\n\n<div class=\"wp-container-1 wp-block-buttons\">\n<div class=\"wp-block-button\"><a class=\"wp-block-button__link\" href=\"https:\/\/www.google.com\/maps\/place\/Hotel+la+Casa+de+Beli\/@42.3495346,-3.8157753,15z\/data=!4m8!3m7!1s0x0:0x344fd63b29edbf19!5m2!4m1!1i2!8m2!3d42.3495346!4d-3.8157753\" target=\"_blank\" rel=\"noreferrer noopener\">C\u00f3mo llegar<\/a><\/div>\n<\/div>\n<\/div><\/div>\n\n\n\n<hr class=\"wp-block-separator\"\/>\n\n\n\n<div class=\"wp-block-media-text alignwide is-stacked-on-mobile\"><figure class=\"wp-block-media-text__media\"><a href=\"https:\/\/turismoburgos.es\/lafabrica\/\"><img loading=\"lazy\" width=\"530\" height=\"371\" src=\"http:\/\/mesaymantel.digital\/wp-content\/uploads\/2022\/02\/11811420_906655756067215_1569206017101605522_n.jpg\" alt=\"\" class=\"wp-image-814 size-full\" srcset=\"https:\/\/mesaymantel.digital\/wp-content\/uploads\/2022\/02\/11811420_906655756067215_1569206017101605522_n.jpg 530w, https:\/\/mesaymantel.digital\/wp-content\/uploads\/2022\/02\/11811420_906655756067215_1569206017101605522_n-300x210.jpg 300w, https:\/\/mesaymantel.digital\/wp-content\/uploads\/2022\/02\/11811420_906655756067215_1569206017101605522_n-389x272.jpg 389w\" sizes=\"(max-width: 530px) 100vw, 530px\" \/><\/a><\/figure><div class=\"wp-block-media-text__content\">\n<blockquote class=\"wp-block-quote\"><p><strong>Entorno<\/strong><br><strong>Naturaleza. Campo. Tierras de cereal. Un r\u00edo, el Arlanz\u00f3n, y magn\u00edficas choperas en su ribera.<br>Y al mismo tiempo, a siete minutos caminando, el pueblo de Tardajos. Paz.<\/strong><\/p><p><strong>Comida y bebida<br>El albergue La F\u00e1brica dispone tambi\u00e9n de un bar-restaurante con dos comedores en invierno<br>y una extensa terraza, parcial-mente cubierta, para el verano.<br>&nbsp;Nuestra especialidad: carnes y pescados a la parrilla.<\/strong><\/p><p><strong>Habitaciones<br>Nuestro albergue dispone de 14 habitaciones con 34 plazas en total,<br>distribuidas en habitaciones dobles (con cama matrimonial o con dos camas sencillas),<br>&nbsp;triples y cu\u00e1druples.<br>Un gran abanico para elegir.<\/strong><\/p><\/blockquote>\n\n\n\n<p><a href=\"https:\/\/turismoburgos.es\/lafabrica\/\" target=\"_blank\" rel=\"noreferrer noopener\">https:\/\/turismoburgos.es\/lafabrica\/<\/a><\/p>\n\n\n\n<div class=\"wp-container-2 wp-block-buttons\">\n<div class=\"wp-block-button\"><a class=\"wp-block-button__link\" href=\"https:\/\/www.google.com\/maps\/place\/Albergue+La+F%C3%A1brica\/@42.344889,-3.810039,15z\/data=!4m2!3m1!1s0x0:0xb222e7f940bc23a3?sa=X&amp;ved=2ahUKEwj31OKCjsvtAhUGQkEAHWixAw4Q_BIwDHoECBkQBQ\" target=\"_blank\" rel=\"noreferrer noopener\">C\u00f3mo llegar<\/a><\/div>\n<\/div>\n<\/div><\/div>\n\n\n\n<hr class=\"wp-block-separator\"\/>\n\n\n\n<hr class=\"wp-block-separator\"\/>\n\n\n\n<div class=\"wp-block-media-text alignwide is-stacked-on-mobile\"><figure class=\"wp-block-media-text__media\"><img loading=\"lazy\" width=\"852\" height=\"223\" src=\"http:\/\/mesaymantel.digital\/wp-content\/uploads\/2022\/02\/Imagen39-1.png\" alt=\"\" class=\"wp-image-619 size-full\" srcset=\"https:\/\/mesaymantel.digital\/wp-content\/uploads\/2022\/02\/Imagen39-1.png 852w, https:\/\/mesaymantel.digital\/wp-content\/uploads\/2022\/02\/Imagen39-1-300x79.png 300w, https:\/\/mesaymantel.digital\/wp-content\/uploads\/2022\/02\/Imagen39-1-768x201.png 768w, https:\/\/mesaymantel.digital\/wp-content\/uploads\/2022\/02\/Imagen39-1-389x102.png 389w\" sizes=\"(max-width: 852px) 100vw, 852px\" \/><\/figure><div class=\"wp-block-media-text__content\">\n<p class=\"has-large-font-size\">Toda la informaci\u00f3n tur\u00edstica de Tardajos en un click.<\/p>\n\n\n\n<p><a href=\"https:\/\/turismoburgos.es\/tardajos\/\" target=\"_blank\" rel=\"noreferrer noopener\">https:\/\/turismoburgos.es\/tardajos\/<\/a><\/p>\n<\/div><\/div>\n\n\n\n<hr class=\"wp-block-separator\"\/>\n\n\n\n<hr class=\"wp-block-separator\"\/>\n","protected":false},"excerpt":{"rendered":"<p>Toda la informaci\u00f3n tur\u00edstica de Tardajos en un click. https:\/\/turismoburgos.es\/tardajos\/<\/p>\n","protected":false},"author":1,"featured_media":0,"parent":0,"menu_order":0,"comment_status":"closed","ping_status":"closed","template":"","meta":{"_monsterinsights_skip_tracking":false,"_monsterinsights_sitenote_active":false,"_monsterinsights_sitenote_note":"","_monsterinsights_sitenote_category":0},"_links":{"self":[{"href":"https:\/\/mesaymantel.digital\/index.php\/wp-json\/wp\/v2\/pages\/649"}],"collection":[{"href":"https:\/\/mesaymantel.digital\/index.php\/wp-json\/wp\/v2\/pages"}],"about":[{"href":"https:\/\/mesaymantel.digital\/index.php\/wp-json\/wp\/v2\/types\/page"}],"author":[{"embeddable":true,"href":"https:\/\/mesaymantel.digital\/index.php\/wp-json\/wp\/v2\/users\/1"}],"replies":[{"embeddable":true,"href":"https:\/\/mesaymantel.digital\/index.php\/wp-json\/wp\/v2\/comments?post=649"}],"version-history":[{"count":4,"href":"https:\/\/mesaymantel.digital\/index.php\/wp-json\/wp\/v2\/pages\/649\/revisions"}],"predecessor-version":[{"id":1485,"href":"https:\/\/mesaymantel.digital\/index.php\/wp-json\/wp\/v2\/pages\/649\/revisions\/1485"}],"wp:attachment":[{"href":"https:\/\/mesaymantel.digital\/index.php\/wp-json\/wp\/v2\/media?parent=649"}],"curies":[{"name":"wp","href":"https:\/\/api.w.org\/{rel}","templated":true}]}}