{"id":842,"date":"2022-02-16T11:03:03","date_gmt":"2022-02-16T11:03:03","guid":{"rendered":"http:\/\/mesaymantel.digital\/?page_id=842"},"modified":"2022-02-21T12:34:27","modified_gmt":"2022-02-21T12:34:27","slug":"alba-de-los-cardanos","status":"publish","type":"page","link":"https:\/\/mesaymantel.digital\/index.php\/alba-de-los-cardanos\/","title":{"rendered":"Alba de los Carda\u00f1os"},"content":{"rendered":"\n<hr class=\"wp-block-separator\"\/>\n\n\n\n<figure class=\"wp-block-image size-large\"><img loading=\"lazy\" width=\"1024\" height=\"120\" src=\"http:\/\/mesaymantel.digital\/wp-content\/uploads\/2022\/02\/2-1024x120.png\" alt=\"\" class=\"wp-image-1466\" srcset=\"https:\/\/mesaymantel.digital\/wp-content\/uploads\/2022\/02\/2-1024x120.png 1024w, https:\/\/mesaymantel.digital\/wp-content\/uploads\/2022\/02\/2-300x35.png 300w, https:\/\/mesaymantel.digital\/wp-content\/uploads\/2022\/02\/2-768x90.png 768w, https:\/\/mesaymantel.digital\/wp-content\/uploads\/2022\/02\/2-1536x179.png 1536w, https:\/\/mesaymantel.digital\/wp-content\/uploads\/2022\/02\/2-2048x239.png 2048w, https:\/\/mesaymantel.digital\/wp-content\/uploads\/2022\/02\/2-389x45.png 389w\" sizes=\"(max-width: 1024px) 100vw, 1024px\" \/><\/figure>\n\n\n\n<hr class=\"wp-block-separator\"\/>\n\n\n\n<figure class=\"wp-block-image size-full is-resized\"><img loading=\"lazy\" src=\"http:\/\/mesaymantel.digital\/wp-content\/uploads\/2022\/02\/11_alba-de-los-cardaa-os-palencia-01.jpg\" alt=\"\" class=\"wp-image-1280\" width=\"1240\" height=\"620\" srcset=\"https:\/\/mesaymantel.digital\/wp-content\/uploads\/2022\/02\/11_alba-de-los-cardaa-os-palencia-01.jpg 600w, https:\/\/mesaymantel.digital\/wp-content\/uploads\/2022\/02\/11_alba-de-los-cardaa-os-palencia-01-300x150.jpg 300w, https:\/\/mesaymantel.digital\/wp-content\/uploads\/2022\/02\/11_alba-de-los-cardaa-os-palencia-01-389x195.jpg 389w\" sizes=\"(max-width: 1240px) 100vw, 1240px\" \/><figcaption>Alba de los Carda\u00f1os<\/figcaption><\/figure>\n\n\n\n<hr class=\"wp-block-separator\"\/>\n\n\n\n<div class=\"wp-block-media-text alignwide is-stacked-on-mobile\"><figure class=\"wp-block-media-text__media\"><a href=\"https:\/\/www.laappdelosrestaurantes.com\/wal\/B270\/wa2\/?rcode=1381#\/\"><img loading=\"lazy\" width=\"328\" height=\"131\" src=\"http:\/\/mesaymantel.digital\/wp-content\/uploads\/2022\/02\/miralba-1.png\" alt=\"\" class=\"wp-image-953 size-full\" srcset=\"https:\/\/mesaymantel.digital\/wp-content\/uploads\/2022\/02\/miralba-1.png 328w, https:\/\/mesaymantel.digital\/wp-content\/uploads\/2022\/02\/miralba-1-300x120.png 300w\" sizes=\"(max-width: 328px) 100vw, 328px\" \/><\/a><\/figure><div class=\"wp-block-media-text__content\">\n<blockquote class=\"wp-block-quote\"><p><strong>Con un total de&nbsp;<strong>10 habitaciones<\/strong>, este alojamiento es perfecto para escaparse solo, en&nbsp;<strong>pareja o en familia<\/strong>. El hotel est\u00e1 ubicado en un lugar privilegiado, como es la<strong>&nbsp;monta\u00f1a palentina<\/strong>. A 1325m, disfrutar\u00e1s de una&nbsp;<strong>tranquilidad&nbsp;<\/strong>y unas&nbsp;<strong>vistas&nbsp;<\/strong>sin precedentes. En nuestra vivienda se mezclan sensaciones&nbsp;<strong>acogedoras&nbsp;<\/strong>con&nbsp;<strong>aromas naturales<\/strong>, ideal para alejarse del estr\u00e9s de la ciudad.<\/strong><\/p><\/blockquote>\n\n\n\n<figure class=\"wp-block-embed is-type-wp-embed is-provider-hotel-miralba wp-block-embed-hotel-miralba\"><div class=\"wp-block-embed__wrapper\">\n<blockquote class=\"wp-embedded-content\" data-secret=\"L1Tl6sv9Dn\"><a href=\"https:\/\/hotelmiralba.com\/\">Hotel Miralba en Alba de los Carda\u00f1os, Palencia<\/a><\/blockquote><iframe class=\"wp-embedded-content\" sandbox=\"allow-scripts\" security=\"restricted\" style=\"position: absolute; clip: rect(1px, 1px, 1px, 1px);\" title=\"\u00abHotel Miralba en Alba de los Carda\u00f1os, Palencia\u00bb \u2014 Hotel Miralba\" src=\"https:\/\/hotelmiralba.com\/embed\/#?secret=L1Tl6sv9Dn\" data-secret=\"L1Tl6sv9Dn\" width=\"600\" height=\"338\" frameborder=\"0\" marginwidth=\"0\" marginheight=\"0\" scrolling=\"no\"><\/iframe>\n<\/div><\/figure>\n\n\n\n<p>CARTA DIGITAL <a href=\"https:\/\/www.laappdelosrestaurantes.com\/wal\/B270\/wa2\/?rcode=1381#\/\" target=\"_blank\" rel=\"noreferrer noopener\">https:\/\/www.laappdelosrestaurantes.com\/wal\/B270\/wa2\/?rcode=1381#\/<\/a><\/p>\n\n\n\n<div class=\"wp-container-1 wp-block-buttons\">\n<div class=\"wp-block-button\"><a class=\"wp-block-button__link\" href=\"https:\/\/www.google.com\/maps\/place\/Restaurante+Miralba+Hotel\/@42.9085044,-4.7250747,15z\/data=!4m8!3m7!1s0x0:0x7a7ab555f15f6fa4!5m2!4m1!1i2!8m2!3d42.9085044!4d-4.7250747\" target=\"_blank\" rel=\"noreferrer noopener\">C\u00f3mo llegar<\/a><\/div>\n<\/div>\n\n\n\n<p><\/p>\n<\/div><\/div>\n\n\n\n<hr class=\"wp-block-separator\"\/>\n\n\n\n<hr class=\"wp-block-separator\"\/>\n\n\n\n<div class=\"wp-block-media-text alignwide is-stacked-on-mobile\"><figure class=\"wp-block-media-text__media\"><a href=\"https:\/\/clickturismo.es\/palencia\/albadeloscardanos\/\"><img loading=\"lazy\" width=\"1024\" height=\"291\" src=\"http:\/\/mesaymantel.digital\/wp-content\/uploads\/2022\/02\/turismo-palencia-fondo-blanco-1-1024x291.png\" alt=\"\" class=\"wp-image-615 size-full\" srcset=\"https:\/\/mesaymantel.digital\/wp-content\/uploads\/2022\/02\/turismo-palencia-fondo-blanco-1-1024x291.png 1024w, https:\/\/mesaymantel.digital\/wp-content\/uploads\/2022\/02\/turismo-palencia-fondo-blanco-1-300x85.png 300w, https:\/\/mesaymantel.digital\/wp-content\/uploads\/2022\/02\/turismo-palencia-fondo-blanco-1-768x218.png 768w, https:\/\/mesaymantel.digital\/wp-content\/uploads\/2022\/02\/turismo-palencia-fondo-blanco-1-1536x437.png 1536w, https:\/\/mesaymantel.digital\/wp-content\/uploads\/2022\/02\/turismo-palencia-fondo-blanco-1-389x111.png 389w, https:\/\/mesaymantel.digital\/wp-content\/uploads\/2022\/02\/turismo-palencia-fondo-blanco-1.png 1923w\" sizes=\"(max-width: 1024px) 100vw, 1024px\" \/><\/a><\/figure><div class=\"wp-block-media-text__content\">\n<p class=\"has-large-font-size\">Toda la informaci\u00f3n tur\u00edstica de Alba de los Carda\u00f1os en un click.<\/p>\n\n\n\n<p><a href=\"https:\/\/clickturismo.es\/palencia\/albadeloscardanos\/\" target=\"_blank\" rel=\"noreferrer noopener\">https:\/\/clickturismo.es\/palencia\/albadeloscardanos\/<\/a><\/p>\n<\/div><\/div>\n\n\n\n<hr class=\"wp-block-separator\"\/>\n\n\n\n<hr class=\"wp-block-separator\"\/>\n","protected":false},"excerpt":{"rendered":"<p>Toda la informaci\u00f3n tur\u00edstica de Alba de los Carda\u00f1os en un click. https:\/\/clickturismo.es\/palencia\/albadeloscardanos\/<\/p>\n","protected":false},"author":1,"featured_media":0,"parent":0,"menu_order":0,"comment_status":"closed","ping_status":"closed","template":"","meta":{"_monsterinsights_skip_tracking":false,"_monsterinsights_sitenote_active":false,"_monsterinsights_sitenote_note":"","_monsterinsights_sitenote_category":0},"_links":{"self":[{"href":"https:\/\/mesaymantel.digital\/index.php\/wp-json\/wp\/v2\/pages\/842"}],"collection":[{"href":"https:\/\/mesaymantel.digital\/index.php\/wp-json\/wp\/v2\/pages"}],"about":[{"href":"https:\/\/mesaymantel.digital\/index.php\/wp-json\/wp\/v2\/types\/page"}],"author":[{"embeddable":true,"href":"https:\/\/mesaymantel.digital\/index.php\/wp-json\/wp\/v2\/users\/1"}],"replies":[{"embeddable":true,"href":"https:\/\/mesaymantel.digital\/index.php\/wp-json\/wp\/v2\/comments?post=842"}],"version-history":[{"count":5,"href":"https:\/\/mesaymantel.digital\/index.php\/wp-json\/wp\/v2\/pages\/842\/revisions"}],"predecessor-version":[{"id":1495,"href":"https:\/\/mesaymantel.digital\/index.php\/wp-json\/wp\/v2\/pages\/842\/revisions\/1495"}],"wp:attachment":[{"href":"https:\/\/mesaymantel.digital\/index.php\/wp-json\/wp\/v2\/media?parent=842"}],"curies":[{"name":"wp","href":"https:\/\/api.w.org\/{rel}","templated":true}]}}