{"id":845,"date":"2022-02-16T11:03:03","date_gmt":"2022-02-16T11:03:03","guid":{"rendered":"http:\/\/mesaymantel.digital\/?page_id=845"},"modified":"2022-02-21T12:35:29","modified_gmt":"2022-02-21T12:35:29","slug":"baltanas","status":"publish","type":"page","link":"https:\/\/mesaymantel.digital\/index.php\/baltanas\/","title":{"rendered":"Baltan\u00e1s"},"content":{"rendered":"\n<hr class=\"wp-block-separator\"\/>\n\n\n\n<figure class=\"wp-block-image size-large\"><img loading=\"lazy\" width=\"1024\" height=\"120\" src=\"http:\/\/mesaymantel.digital\/wp-content\/uploads\/2022\/02\/2-1024x120.png\" alt=\"\" class=\"wp-image-1466\" srcset=\"https:\/\/mesaymantel.digital\/wp-content\/uploads\/2022\/02\/2-1024x120.png 1024w, https:\/\/mesaymantel.digital\/wp-content\/uploads\/2022\/02\/2-300x35.png 300w, https:\/\/mesaymantel.digital\/wp-content\/uploads\/2022\/02\/2-768x90.png 768w, https:\/\/mesaymantel.digital\/wp-content\/uploads\/2022\/02\/2-1536x179.png 1536w, https:\/\/mesaymantel.digital\/wp-content\/uploads\/2022\/02\/2-2048x239.png 2048w, https:\/\/mesaymantel.digital\/wp-content\/uploads\/2022\/02\/2-389x45.png 389w\" sizes=\"(max-width: 1024px) 100vw, 1024px\" \/><\/figure>\n\n\n\n<hr class=\"wp-block-separator\"\/>\n\n\n\n<figure class=\"wp-block-image size-large is-resized\"><img loading=\"lazy\" src=\"http:\/\/mesaymantel.digital\/wp-content\/uploads\/2022\/02\/bodegas1-1024x470.jpg\" alt=\"\" class=\"wp-image-1287\" width=\"1240\" height=\"569\" srcset=\"https:\/\/mesaymantel.digital\/wp-content\/uploads\/2022\/02\/bodegas1-1024x470.jpg 1024w, https:\/\/mesaymantel.digital\/wp-content\/uploads\/2022\/02\/bodegas1-300x138.jpg 300w, https:\/\/mesaymantel.digital\/wp-content\/uploads\/2022\/02\/bodegas1-768x353.jpg 768w, https:\/\/mesaymantel.digital\/wp-content\/uploads\/2022\/02\/bodegas1-389x179.jpg 389w, https:\/\/mesaymantel.digital\/wp-content\/uploads\/2022\/02\/bodegas1.jpg 1195w\" sizes=\"(max-width: 1240px) 100vw, 1240px\" \/><figcaption>Baltan\u00e1s<\/figcaption><\/figure>\n\n\n\n<hr class=\"wp-block-separator\"\/>\n\n\n\n<div class=\"wp-block-media-text alignwide is-stacked-on-mobile\"><figure class=\"wp-block-media-text__media\"><a href=\"https:\/\/clickturismo.es\/akimekedo\/aquimequedo.htm\"><img loading=\"lazy\" width=\"596\" height=\"1024\" src=\"http:\/\/mesaymantel.digital\/wp-content\/uploads\/2022\/02\/aqui-me-quedo-596x1024.gif\" alt=\"\" class=\"wp-image-965 size-full\" srcset=\"https:\/\/mesaymantel.digital\/wp-content\/uploads\/2022\/02\/aqui-me-quedo-596x1024.gif 596w, https:\/\/mesaymantel.digital\/wp-content\/uploads\/2022\/02\/aqui-me-quedo-175x300.gif 175w\" sizes=\"(max-width: 596px) 100vw, 596px\" \/><\/a><\/figure><div class=\"wp-block-media-text__content\">\n<blockquote class=\"wp-block-quote\"><p><strong><strong>Bar AK\u00cd ME KEDO. Baltan\u00e1s.<\/strong><\/strong><\/p><p><strong><strong>Un renovado local donde quedar con los amigos, desde el desayuno hasta la noche,<\/strong><\/strong><\/p><p><strong><strong>te har\u00e1 repetir la experiencia&#8230;<\/strong><\/strong><\/p><p><strong><strong>Con cada consumici\u00f3n una tapa, desde el desayuno&#8230;<\/strong><\/strong><\/p><p><strong><strong>Ya ver\u00e1s c\u00f3mo vas a decir&#8230;<\/strong><\/strong><\/p><p><strong><strong>AK\u00cd ME KEDO&#8230;!!!<\/strong><\/strong><\/p><\/blockquote>\n\n\n\n<p><a href=\"https:\/\/clickturismo.es\/akimekedo\/aquimequedo.htm\" target=\"_blank\" rel=\"noreferrer noopener\">https:\/\/clickturismo.es\/akimekedo\/aquimequedo.htm<\/a><\/p>\n\n\n\n<div class=\"wp-container-1 wp-block-buttons\">\n<div class=\"wp-block-button\"><a class=\"wp-block-button__link\" href=\"https:\/\/www.google.com\/maps\/place\/Aki+Me+Kedo\/@41.9377148,-4.2462464,15z\/data=!4m2!3m1!1s0x0:0xcf8dfa71dc8172f8?sa=X&amp;ved=2ahUKEwjY4-C-hob2AhX_gc4BHapbB6YQ_BJ6BAgnEAU\" target=\"_blank\" rel=\"noreferrer noopener\">C\u00f3mo llegar<\/a><\/div>\n<\/div>\n<\/div><\/div>\n\n\n\n<hr class=\"wp-block-separator\"\/>\n\n\n\n<div class=\"wp-block-media-text alignwide is-stacked-on-mobile\"><figure class=\"wp-block-media-text__media\"><a href=\"https:\/\/clickturismo.es\/cafeplaza\/\"><img loading=\"lazy\" width=\"1024\" height=\"799\" src=\"http:\/\/mesaymantel.digital\/wp-content\/uploads\/2022\/02\/Imagen4-1-1024x799.png\" alt=\"\" class=\"wp-image-967 size-full\" srcset=\"https:\/\/mesaymantel.digital\/wp-content\/uploads\/2022\/02\/Imagen4-1-1024x799.png 1024w, https:\/\/mesaymantel.digital\/wp-content\/uploads\/2022\/02\/Imagen4-1-300x234.png 300w, https:\/\/mesaymantel.digital\/wp-content\/uploads\/2022\/02\/Imagen4-1-768x599.png 768w, https:\/\/mesaymantel.digital\/wp-content\/uploads\/2022\/02\/Imagen4-1-385x300.png 385w, https:\/\/mesaymantel.digital\/wp-content\/uploads\/2022\/02\/Imagen4-1.png 1068w\" sizes=\"(max-width: 1024px) 100vw, 1024px\" \/><\/a><\/figure><div class=\"wp-block-media-text__content\">\n<blockquote class=\"wp-block-quote\"><p><strong><strong>Caf\u00e9 Plaza, Baltan\u00e1s.<\/strong><\/strong><\/p><p><strong><strong>Disfruta de nuestra cuidada decoraci\u00f3n donde se desarrollamos exposiciones temporales<\/strong><\/strong> <strong><strong>as\u00ed como conciertos &#8230;<\/strong><\/strong><\/p><p><strong><strong>Prueba nuestro caf\u00e9 y nuestros m\u00e1s de 60 tipos de Te e Infusiones<\/strong><\/strong> <strong><strong>y nuestra amplia carta de copas de helado en la gran terraza de verano.<\/strong><\/strong><\/p><p><strong><strong>Lo que de verdad nos define es la gran barra de Pintxos que ponemos todos los fines de semana<\/strong><\/strong> <strong><strong>y los catering para eventos.<\/strong><\/strong><\/p><\/blockquote>\n\n\n\n<p><a href=\"https:\/\/clickturismo.es\/cafeplaza\/\" target=\"_blank\" rel=\"noreferrer noopener\">https:\/\/clickturismo.es\/cafeplaza\/<\/a><\/p>\n\n\n\n<div class=\"wp-container-2 wp-block-buttons\">\n<div class=\"wp-block-button\"><a class=\"wp-block-button__link\" href=\"https:\/\/www.google.com\/maps\/place\/Caf%C3%A9+Plaza\/@41.9380565,-4.2469142,15z\/data=!4m2!3m1!1s0x0:0x77566d75d4340628?sa=X&amp;ved=2ahUKEwj10eDNhob2AhWGxIUKHVYADdEQ_BJ6BAgoEAU\" target=\"_blank\" rel=\"noreferrer noopener\">C\u00f3mo llegar<\/a><\/div>\n<\/div>\n<\/div><\/div>\n\n\n\n<hr class=\"wp-block-separator\"\/>\n\n\n\n<hr class=\"wp-block-separator\"\/>\n\n\n\n<div class=\"wp-block-media-text alignwide is-stacked-on-mobile\"><figure class=\"wp-block-media-text__media\"><a href=\"https:\/\/clickturismo.es\/baltanas\/\"><img loading=\"lazy\" width=\"1024\" height=\"291\" src=\"http:\/\/mesaymantel.digital\/wp-content\/uploads\/2022\/02\/turismo-palencia-fondo-blanco-1-1024x291.png\" alt=\"\" class=\"wp-image-615 size-full\" srcset=\"https:\/\/mesaymantel.digital\/wp-content\/uploads\/2022\/02\/turismo-palencia-fondo-blanco-1-1024x291.png 1024w, https:\/\/mesaymantel.digital\/wp-content\/uploads\/2022\/02\/turismo-palencia-fondo-blanco-1-300x85.png 300w, https:\/\/mesaymantel.digital\/wp-content\/uploads\/2022\/02\/turismo-palencia-fondo-blanco-1-768x218.png 768w, https:\/\/mesaymantel.digital\/wp-content\/uploads\/2022\/02\/turismo-palencia-fondo-blanco-1-1536x437.png 1536w, https:\/\/mesaymantel.digital\/wp-content\/uploads\/2022\/02\/turismo-palencia-fondo-blanco-1-389x111.png 389w, https:\/\/mesaymantel.digital\/wp-content\/uploads\/2022\/02\/turismo-palencia-fondo-blanco-1.png 1923w\" sizes=\"(max-width: 1024px) 100vw, 1024px\" \/><\/a><\/figure><div class=\"wp-block-media-text__content\">\n<p class=\"has-large-font-size\">Toda la informaci\u00f3n tur\u00edstica de Baltan\u00e1s en un click.<\/p>\n\n\n\n<p><a href=\"https:\/\/clickturismo.es\/baltanas\/\" target=\"_blank\" rel=\"noreferrer noopener\">https:\/\/clickturismo.es\/baltanas\/<\/a><\/p>\n<\/div><\/div>\n\n\n\n<hr class=\"wp-block-separator\"\/>\n\n\n\n<hr class=\"wp-block-separator\"\/>\n","protected":false},"excerpt":{"rendered":"<p>Toda la informaci\u00f3n tur\u00edstica de Baltan\u00e1s en un click. https:\/\/clickturismo.es\/baltanas\/<\/p>\n","protected":false},"author":1,"featured_media":0,"parent":0,"menu_order":0,"comment_status":"closed","ping_status":"closed","template":"","meta":{"_monsterinsights_skip_tracking":false,"_monsterinsights_sitenote_active":false,"_monsterinsights_sitenote_note":"","_monsterinsights_sitenote_category":0},"_links":{"self":[{"href":"https:\/\/mesaymantel.digital\/index.php\/wp-json\/wp\/v2\/pages\/845"}],"collection":[{"href":"https:\/\/mesaymantel.digital\/index.php\/wp-json\/wp\/v2\/pages"}],"about":[{"href":"https:\/\/mesaymantel.digital\/index.php\/wp-json\/wp\/v2\/types\/page"}],"author":[{"embeddable":true,"href":"https:\/\/mesaymantel.digital\/index.php\/wp-json\/wp\/v2\/users\/1"}],"replies":[{"embeddable":true,"href":"https:\/\/mesaymantel.digital\/index.php\/wp-json\/wp\/v2\/comments?post=845"}],"version-history":[{"count":5,"href":"https:\/\/mesaymantel.digital\/index.php\/wp-json\/wp\/v2\/pages\/845\/revisions"}],"predecessor-version":[{"id":1498,"href":"https:\/\/mesaymantel.digital\/index.php\/wp-json\/wp\/v2\/pages\/845\/revisions\/1498"}],"wp:attachment":[{"href":"https:\/\/mesaymantel.digital\/index.php\/wp-json\/wp\/v2\/media?parent=845"}],"curies":[{"name":"wp","href":"https:\/\/api.w.org\/{rel}","templated":true}]}}