{"id":847,"date":"2022-02-16T11:03:03","date_gmt":"2022-02-16T11:03:03","guid":{"rendered":"http:\/\/mesaymantel.digital\/?page_id=847"},"modified":"2022-02-21T12:36:21","modified_gmt":"2022-02-21T12:36:21","slug":"boadilla-del-camino","status":"publish","type":"page","link":"https:\/\/mesaymantel.digital\/index.php\/boadilla-del-camino\/","title":{"rendered":"Boadilla del Camino"},"content":{"rendered":"\n<hr class=\"wp-block-separator\"\/>\n\n\n\n<figure class=\"wp-block-image size-large\"><img loading=\"lazy\" width=\"1024\" height=\"120\" src=\"http:\/\/mesaymantel.digital\/wp-content\/uploads\/2022\/02\/2-1024x120.png\" alt=\"\" class=\"wp-image-1466\" srcset=\"https:\/\/mesaymantel.digital\/wp-content\/uploads\/2022\/02\/2-1024x120.png 1024w, https:\/\/mesaymantel.digital\/wp-content\/uploads\/2022\/02\/2-300x35.png 300w, https:\/\/mesaymantel.digital\/wp-content\/uploads\/2022\/02\/2-768x90.png 768w, https:\/\/mesaymantel.digital\/wp-content\/uploads\/2022\/02\/2-1536x179.png 1536w, https:\/\/mesaymantel.digital\/wp-content\/uploads\/2022\/02\/2-2048x239.png 2048w, https:\/\/mesaymantel.digital\/wp-content\/uploads\/2022\/02\/2-389x45.png 389w\" sizes=\"(max-width: 1024px) 100vw, 1024px\" \/><\/figure>\n\n\n\n<hr class=\"wp-block-separator\"\/>\n\n\n\n<figure class=\"wp-block-image size-full is-resized\"><img loading=\"lazy\" src=\"http:\/\/mesaymantel.digital\/wp-content\/uploads\/2022\/02\/iglesia_senora_asuncion.jpg\" alt=\"\" class=\"wp-image-1294\" width=\"1238\" height=\"620\" srcset=\"https:\/\/mesaymantel.digital\/wp-content\/uploads\/2022\/02\/iglesia_senora_asuncion.jpg 800w, https:\/\/mesaymantel.digital\/wp-content\/uploads\/2022\/02\/iglesia_senora_asuncion-300x150.jpg 300w, https:\/\/mesaymantel.digital\/wp-content\/uploads\/2022\/02\/iglesia_senora_asuncion-768x384.jpg 768w, https:\/\/mesaymantel.digital\/wp-content\/uploads\/2022\/02\/iglesia_senora_asuncion-389x195.jpg 389w\" sizes=\"(max-width: 1238px) 100vw, 1238px\" \/><figcaption>Boadilla del Camino<\/figcaption><\/figure>\n\n\n\n<hr class=\"wp-block-separator\"\/>\n\n\n\n<div class=\"wp-block-media-text alignwide is-stacked-on-mobile\"><figure class=\"wp-block-media-text__media\"><a href=\"https:\/\/boadilladelcamino.com\/hotel\/\"><img loading=\"lazy\" width=\"800\" height=\"600\" src=\"http:\/\/mesaymantel.digital\/wp-content\/uploads\/2022\/02\/exterior2.jpg\" alt=\"\" class=\"wp-image-976 size-full\" srcset=\"https:\/\/mesaymantel.digital\/wp-content\/uploads\/2022\/02\/exterior2.jpg 800w, https:\/\/mesaymantel.digital\/wp-content\/uploads\/2022\/02\/exterior2-300x225.jpg 300w, https:\/\/mesaymantel.digital\/wp-content\/uploads\/2022\/02\/exterior2-768x576.jpg 768w, https:\/\/mesaymantel.digital\/wp-content\/uploads\/2022\/02\/exterior2-389x292.jpg 389w\" sizes=\"(max-width: 800px) 100vw, 800px\" \/><\/a><\/figure><div class=\"wp-block-media-text__content\">\n<p class=\"has-large-font-size\">Hotel Rural en el Camino<\/p>\n\n\n\n<blockquote class=\"wp-block-quote\"><p><strong>En el restaurante se han cuidado hasta el \u00faltimo de los detalles para que el hospedado pueda degustar el men\u00fa t\u00edpico castellano, en un ambiente acorde con el resto del conjunto del hotel, amueblado con estilo moderno y vajilla cl\u00e1sica a la vez que moderna. El restaurante har\u00e1 que el hu\u00e9sped despu\u00e9s de comer, no tenga otro remedio que practicar la famosa siesta en la tranquilidad de su habitaci\u00f3n.<\/strong><\/p><\/blockquote>\n\n\n\n<p><a href=\"https:\/\/boadilladelcamino.com\/hotel\/\" target=\"_blank\" rel=\"noreferrer noopener\">https:\/\/boadilladelcamino.com\/hotel\/<\/a><\/p>\n\n\n\n<div class=\"wp-container-1 wp-block-buttons\">\n<div class=\"wp-block-button\"><a class=\"wp-block-button__link\" href=\"https:\/\/www.google.com\/maps\/place\/Hotel+Rural+%22EN+EL+CAMINO%22\/@42.2582497,-4.3468198,15z\/data=!4m2!3m1!1s0x0:0xa64a1b4992284934?sa=X&amp;ved=2ahUKEwipzcWdh4b2AhVE1BoKHWLxCXsQ_BJ6BAgfEAU\" target=\"_blank\" rel=\"noreferrer noopener\">C\u00f3mo llegar<\/a><\/div>\n<\/div>\n<\/div><\/div>\n\n\n\n<hr class=\"wp-block-separator\"\/>\n\n\n\n<hr class=\"wp-block-separator\"\/>\n\n\n\n<div class=\"wp-block-media-text alignwide is-stacked-on-mobile\"><figure class=\"wp-block-media-text__media\"><a href=\"https:\/\/clickturismo.es\/palencia\/boadilladelcamino\/\"><img loading=\"lazy\" width=\"1024\" height=\"291\" src=\"http:\/\/mesaymantel.digital\/wp-content\/uploads\/2022\/02\/turismo-palencia-fondo-blanco-1-1024x291.png\" alt=\"\" class=\"wp-image-615 size-full\" srcset=\"https:\/\/mesaymantel.digital\/wp-content\/uploads\/2022\/02\/turismo-palencia-fondo-blanco-1-1024x291.png 1024w, https:\/\/mesaymantel.digital\/wp-content\/uploads\/2022\/02\/turismo-palencia-fondo-blanco-1-300x85.png 300w, https:\/\/mesaymantel.digital\/wp-content\/uploads\/2022\/02\/turismo-palencia-fondo-blanco-1-768x218.png 768w, https:\/\/mesaymantel.digital\/wp-content\/uploads\/2022\/02\/turismo-palencia-fondo-blanco-1-1536x437.png 1536w, https:\/\/mesaymantel.digital\/wp-content\/uploads\/2022\/02\/turismo-palencia-fondo-blanco-1-389x111.png 389w, https:\/\/mesaymantel.digital\/wp-content\/uploads\/2022\/02\/turismo-palencia-fondo-blanco-1.png 1923w\" sizes=\"(max-width: 1024px) 100vw, 1024px\" \/><\/a><\/figure><div class=\"wp-block-media-text__content\">\n<p class=\"has-large-font-size\">Toda la informaci\u00f3n tur\u00edstica de Boadilla del Camino en un click.<\/p>\n\n\n\n<p><a href=\"https:\/\/clickturismo.es\/palencia\/boadilladelcamino\/\" target=\"_blank\" rel=\"noreferrer noopener\">https:\/\/clickturismo.es\/palencia\/boadilladelcamino\/<\/a><\/p>\n<\/div><\/div>\n\n\n\n<hr class=\"wp-block-separator\"\/>\n\n\n\n<hr class=\"wp-block-separator\"\/>\n","protected":false},"excerpt":{"rendered":"<p>Toda la informaci\u00f3n tur\u00edstica de Boadilla del Camino en un click. https:\/\/clickturismo.es\/palencia\/boadilladelcamino\/<\/p>\n","protected":false},"author":1,"featured_media":0,"parent":0,"menu_order":0,"comment_status":"closed","ping_status":"closed","template":"","meta":{"_monsterinsights_skip_tracking":false,"_monsterinsights_sitenote_active":false,"_monsterinsights_sitenote_note":"","_monsterinsights_sitenote_category":0},"_links":{"self":[{"href":"https:\/\/mesaymantel.digital\/index.php\/wp-json\/wp\/v2\/pages\/847"}],"collection":[{"href":"https:\/\/mesaymantel.digital\/index.php\/wp-json\/wp\/v2\/pages"}],"about":[{"href":"https:\/\/mesaymantel.digital\/index.php\/wp-json\/wp\/v2\/types\/page"}],"author":[{"embeddable":true,"href":"https:\/\/mesaymantel.digital\/index.php\/wp-json\/wp\/v2\/users\/1"}],"replies":[{"embeddable":true,"href":"https:\/\/mesaymantel.digital\/index.php\/wp-json\/wp\/v2\/comments?post=847"}],"version-history":[{"count":6,"href":"https:\/\/mesaymantel.digital\/index.php\/wp-json\/wp\/v2\/pages\/847\/revisions"}],"predecessor-version":[{"id":1500,"href":"https:\/\/mesaymantel.digital\/index.php\/wp-json\/wp\/v2\/pages\/847\/revisions\/1500"}],"wp:attachment":[{"href":"https:\/\/mesaymantel.digital\/index.php\/wp-json\/wp\/v2\/media?parent=847"}],"curies":[{"name":"wp","href":"https:\/\/api.w.org\/{rel}","templated":true}]}}