{"id":848,"date":"2022-02-16T11:03:03","date_gmt":"2022-02-16T11:03:03","guid":{"rendered":"http:\/\/mesaymantel.digital\/?page_id=848"},"modified":"2022-02-21T12:36:43","modified_gmt":"2022-02-21T12:36:43","slug":"branosera","status":"publish","type":"page","link":"https:\/\/mesaymantel.digital\/index.php\/branosera\/","title":{"rendered":"Bra\u00f1osera"},"content":{"rendered":"\n<hr class=\"wp-block-separator\"\/>\n\n\n\n<figure class=\"wp-block-image size-large\"><img loading=\"lazy\" width=\"1024\" height=\"120\" src=\"http:\/\/mesaymantel.digital\/wp-content\/uploads\/2022\/02\/2-1024x120.png\" alt=\"\" class=\"wp-image-1466\" srcset=\"https:\/\/mesaymantel.digital\/wp-content\/uploads\/2022\/02\/2-1024x120.png 1024w, https:\/\/mesaymantel.digital\/wp-content\/uploads\/2022\/02\/2-300x35.png 300w, https:\/\/mesaymantel.digital\/wp-content\/uploads\/2022\/02\/2-768x90.png 768w, https:\/\/mesaymantel.digital\/wp-content\/uploads\/2022\/02\/2-1536x179.png 1536w, https:\/\/mesaymantel.digital\/wp-content\/uploads\/2022\/02\/2-2048x239.png 2048w, https:\/\/mesaymantel.digital\/wp-content\/uploads\/2022\/02\/2-389x45.png 389w\" sizes=\"(max-width: 1024px) 100vw, 1024px\" \/><\/figure>\n\n\n\n<hr class=\"wp-block-separator\"\/>\n\n\n\n<figure class=\"wp-block-image size-large is-resized\"><img loading=\"lazy\" src=\"http:\/\/mesaymantel.digital\/wp-content\/uploads\/2022\/02\/10130278Master1-1024x382.jpg\" alt=\"\" class=\"wp-image-1298\" width=\"1238\" height=\"462\" srcset=\"https:\/\/mesaymantel.digital\/wp-content\/uploads\/2022\/02\/10130278Master1-1024x382.jpg 1024w, https:\/\/mesaymantel.digital\/wp-content\/uploads\/2022\/02\/10130278Master1-300x112.jpg 300w, https:\/\/mesaymantel.digital\/wp-content\/uploads\/2022\/02\/10130278Master1-768x287.jpg 768w, https:\/\/mesaymantel.digital\/wp-content\/uploads\/2022\/02\/10130278Master1-1536x573.jpg 1536w, https:\/\/mesaymantel.digital\/wp-content\/uploads\/2022\/02\/10130278Master1-389x145.jpg 389w, https:\/\/mesaymantel.digital\/wp-content\/uploads\/2022\/02\/10130278Master1-800x300.jpg 800w, https:\/\/mesaymantel.digital\/wp-content\/uploads\/2022\/02\/10130278Master1.jpg 1599w\" sizes=\"(max-width: 1238px) 100vw, 1238px\" \/><figcaption>Bra\u00f1osera<\/figcaption><\/figure>\n\n\n\n<hr class=\"wp-block-separator\"\/>\n\n\n\n<div class=\"wp-block-media-text alignwide is-stacked-on-mobile\"><figure class=\"wp-block-media-text__media\"><a href=\"https:\/\/clickturismo.es\/hostalcholo\/\"><img loading=\"lazy\" width=\"770\" height=\"770\" src=\"http:\/\/mesaymantel.digital\/wp-content\/uploads\/2022\/02\/Imagen37.png\" alt=\"\" class=\"wp-image-978 size-full\" srcset=\"https:\/\/mesaymantel.digital\/wp-content\/uploads\/2022\/02\/Imagen37.png 770w, https:\/\/mesaymantel.digital\/wp-content\/uploads\/2022\/02\/Imagen37-300x300.png 300w, https:\/\/mesaymantel.digital\/wp-content\/uploads\/2022\/02\/Imagen37-150x150.png 150w, https:\/\/mesaymantel.digital\/wp-content\/uploads\/2022\/02\/Imagen37-768x768.png 768w\" sizes=\"(max-width: 770px) 100vw, 770px\" \/><\/a><\/figure><div class=\"wp-block-media-text__content\">\n<blockquote class=\"wp-block-quote\"><p><strong>Alberto V\u00e9lez, Chol\u00edn, heredero de recetas de arraigo,<\/strong><\/p><p><strong>ha apostado por fusionar los gustos m\u00e1s populares con el deleite<\/strong><\/p><p><strong>que provocan los sabores de su cocina de autor.<\/strong><\/p><p><strong>Degustar el pat\u00e9 de boletus, los garbanzos con almejas o el lechazo entreasado<\/strong><\/p><p><strong>y endulzarse con el arroz con leche o la tarta de queso<\/strong><\/p><p><strong>es un ejercicio de satisfacci\u00f3n.<\/strong><\/p><p><strong>Todos son productos de la tierra que Alberto elabora con mimo,<\/strong><\/p><p><strong>&nbsp;imaginaci\u00f3n y destreza para ofrecer en Restaurante Hostal Cholo<\/strong><\/p><p><strong>una experiencia gastron\u00f3mica de calidad<\/strong><\/p><p><strong>que el comensal puede mejorar paladeando<\/strong><\/p><p><strong>los nuevos y grandes vinos de su escogida bodega.<\/strong><\/p><\/blockquote>\n\n\n\n<p><a href=\"https:\/\/clickturismo.es\/hostalcholo\/\" target=\"_blank\" rel=\"noreferrer noopener\">https:\/\/clickturismo.es\/hostalcholo\/<\/a><\/p>\n\n\n\n<div class=\"wp-container-1 wp-block-buttons\">\n<div class=\"wp-block-button\"><a class=\"wp-block-button__link\" href=\"https:\/\/www.google.com\/maps\/place\/Hostal+Cholo\/@42.9361457,-4.309226,15z\/data=!4m2!3m1!1s0x0:0x67f62d3d65beb4d6?sa=X&amp;ved=2ahUKEwjV3reyh4b2AhWJz4UKHWg9BMwQ_BJ6BAg0EAU\" target=\"_blank\" rel=\"noreferrer noopener\">C\u00f3mo llegar<\/a><\/div>\n<\/div>\n<\/div><\/div>\n\n\n\n<hr class=\"wp-block-separator\"\/>\n\n\n\n<hr class=\"wp-block-separator\"\/>\n\n\n\n<div class=\"wp-block-media-text alignwide is-stacked-on-mobile\"><figure class=\"wp-block-media-text__media\"><a href=\"https:\/\/clickturismo.es\/palencia\/branosera\/\"><img loading=\"lazy\" width=\"1024\" height=\"291\" src=\"http:\/\/mesaymantel.digital\/wp-content\/uploads\/2022\/02\/turismo-palencia-fondo-blanco-1-1024x291.png\" alt=\"\" class=\"wp-image-615 size-full\" srcset=\"https:\/\/mesaymantel.digital\/wp-content\/uploads\/2022\/02\/turismo-palencia-fondo-blanco-1-1024x291.png 1024w, https:\/\/mesaymantel.digital\/wp-content\/uploads\/2022\/02\/turismo-palencia-fondo-blanco-1-300x85.png 300w, https:\/\/mesaymantel.digital\/wp-content\/uploads\/2022\/02\/turismo-palencia-fondo-blanco-1-768x218.png 768w, https:\/\/mesaymantel.digital\/wp-content\/uploads\/2022\/02\/turismo-palencia-fondo-blanco-1-1536x437.png 1536w, https:\/\/mesaymantel.digital\/wp-content\/uploads\/2022\/02\/turismo-palencia-fondo-blanco-1-389x111.png 389w, https:\/\/mesaymantel.digital\/wp-content\/uploads\/2022\/02\/turismo-palencia-fondo-blanco-1.png 1923w\" sizes=\"(max-width: 1024px) 100vw, 1024px\" \/><\/a><\/figure><div class=\"wp-block-media-text__content\">\n<p class=\"has-large-font-size\">Toda la informaci\u00f3n tur\u00edstica de Bra\u00f1osera en un click.<\/p>\n\n\n\n<p><a href=\"https:\/\/clickturismo.es\/palencia\/branosera\/\" target=\"_blank\" rel=\"noreferrer noopener\">https:\/\/clickturismo.es\/palencia\/branosera\/<\/a><\/p>\n<\/div><\/div>\n\n\n\n<hr class=\"wp-block-separator\"\/>\n\n\n\n<hr class=\"wp-block-separator\"\/>\n","protected":false},"excerpt":{"rendered":"<p>Toda la informaci\u00f3n tur\u00edstica de Bra\u00f1osera en un click. https:\/\/clickturismo.es\/palencia\/branosera\/<\/p>\n","protected":false},"author":1,"featured_media":0,"parent":0,"menu_order":0,"comment_status":"closed","ping_status":"closed","template":"","meta":{"_monsterinsights_skip_tracking":false,"_monsterinsights_sitenote_active":false,"_monsterinsights_sitenote_note":"","_monsterinsights_sitenote_category":0},"_links":{"self":[{"href":"https:\/\/mesaymantel.digital\/index.php\/wp-json\/wp\/v2\/pages\/848"}],"collection":[{"href":"https:\/\/mesaymantel.digital\/index.php\/wp-json\/wp\/v2\/pages"}],"about":[{"href":"https:\/\/mesaymantel.digital\/index.php\/wp-json\/wp\/v2\/types\/page"}],"author":[{"embeddable":true,"href":"https:\/\/mesaymantel.digital\/index.php\/wp-json\/wp\/v2\/users\/1"}],"replies":[{"embeddable":true,"href":"https:\/\/mesaymantel.digital\/index.php\/wp-json\/wp\/v2\/comments?post=848"}],"version-history":[{"count":5,"href":"https:\/\/mesaymantel.digital\/index.php\/wp-json\/wp\/v2\/pages\/848\/revisions"}],"predecessor-version":[{"id":1501,"href":"https:\/\/mesaymantel.digital\/index.php\/wp-json\/wp\/v2\/pages\/848\/revisions\/1501"}],"wp:attachment":[{"href":"https:\/\/mesaymantel.digital\/index.php\/wp-json\/wp\/v2\/media?parent=848"}],"curies":[{"name":"wp","href":"https:\/\/api.w.org\/{rel}","templated":true}]}}