{"id":851,"date":"2022-02-16T11:03:03","date_gmt":"2022-02-16T11:03:03","guid":{"rendered":"http:\/\/mesaymantel.digital\/?page_id=851"},"modified":"2022-02-21T12:37:44","modified_gmt":"2022-02-21T12:37:44","slug":"carrion-de-los-condes","status":"publish","type":"page","link":"https:\/\/mesaymantel.digital\/index.php\/carrion-de-los-condes\/","title":{"rendered":"Carri\u00f3n de los Condes"},"content":{"rendered":"\n<hr class=\"wp-block-separator\"\/>\n\n\n\n<figure class=\"wp-block-image size-large\"><img loading=\"lazy\" width=\"1024\" height=\"120\" src=\"http:\/\/mesaymantel.digital\/wp-content\/uploads\/2022\/02\/2-1024x120.png\" alt=\"\" class=\"wp-image-1466\" srcset=\"https:\/\/mesaymantel.digital\/wp-content\/uploads\/2022\/02\/2-1024x120.png 1024w, https:\/\/mesaymantel.digital\/wp-content\/uploads\/2022\/02\/2-300x35.png 300w, https:\/\/mesaymantel.digital\/wp-content\/uploads\/2022\/02\/2-768x90.png 768w, https:\/\/mesaymantel.digital\/wp-content\/uploads\/2022\/02\/2-1536x179.png 1536w, https:\/\/mesaymantel.digital\/wp-content\/uploads\/2022\/02\/2-2048x239.png 2048w, https:\/\/mesaymantel.digital\/wp-content\/uploads\/2022\/02\/2-389x45.png 389w\" sizes=\"(max-width: 1024px) 100vw, 1024px\" \/><\/figure>\n\n\n\n<hr class=\"wp-block-separator\"\/>\n\n\n\n<figure class=\"wp-block-image size-full is-resized\"><img loading=\"lazy\" src=\"http:\/\/mesaymantel.digital\/wp-content\/uploads\/2022\/02\/santiago05.jpg\" alt=\"\" class=\"wp-image-1307\" width=\"1238\" height=\"825\" srcset=\"https:\/\/mesaymantel.digital\/wp-content\/uploads\/2022\/02\/santiago05.jpg 1024w, https:\/\/mesaymantel.digital\/wp-content\/uploads\/2022\/02\/santiago05-300x200.jpg 300w, https:\/\/mesaymantel.digital\/wp-content\/uploads\/2022\/02\/santiago05-768x512.jpg 768w, https:\/\/mesaymantel.digital\/wp-content\/uploads\/2022\/02\/santiago05-389x259.jpg 389w\" sizes=\"(max-width: 1238px) 100vw, 1238px\" \/><figcaption>Carri\u00f3n de los Condes<\/figcaption><\/figure>\n\n\n\n<hr class=\"wp-block-separator\"\/>\n\n\n\n<div class=\"wp-block-media-text alignwide is-stacked-on-mobile\"><figure class=\"wp-block-media-text__media\"><a href=\"https:\/\/clickturismo.es\/barcentral\/\"><img loading=\"lazy\" width=\"1024\" height=\"438\" src=\"http:\/\/mesaymantel.digital\/wp-content\/uploads\/2022\/02\/Imagen2-9-1024x438.png\" alt=\"\" class=\"wp-image-989 size-full\" srcset=\"https:\/\/mesaymantel.digital\/wp-content\/uploads\/2022\/02\/Imagen2-9-1024x438.png 1024w, https:\/\/mesaymantel.digital\/wp-content\/uploads\/2022\/02\/Imagen2-9-300x128.png 300w, https:\/\/mesaymantel.digital\/wp-content\/uploads\/2022\/02\/Imagen2-9-768x328.png 768w, https:\/\/mesaymantel.digital\/wp-content\/uploads\/2022\/02\/Imagen2-9-1536x656.png 1536w, https:\/\/mesaymantel.digital\/wp-content\/uploads\/2022\/02\/Imagen2-9-389x166.png 389w, https:\/\/mesaymantel.digital\/wp-content\/uploads\/2022\/02\/Imagen2-9.png 1596w\" sizes=\"(max-width: 1024px) 100vw, 1024px\" \/><\/a><\/figure><div class=\"wp-block-media-text__content\">\n<blockquote class=\"wp-block-quote\"><p><strong>Nuestro establ<strong>ecimiento esta situado en pleno Camino de Santiago.<\/strong><\/strong><\/p><p><strong><strong>Ac\u00e9rcate y podr\u00e1s disfrutar de los mejores tes y caf\u00e9s,<\/strong><\/strong><\/p><p><strong><strong>en un ambiente familiar y agradable.<\/strong><\/strong><\/p><p><strong><strong>Adem\u00e1s podr\u00e1s probar suerte con nuestro servicio de loter\u00edas y apuestas.<\/strong><\/strong><\/p><p><strong><strong>Servicios de wifi y amplia terraza.<\/strong><\/strong><\/p><\/blockquote>\n\n\n\n<p><a href=\"https:\/\/clickturismo.es\/barcentral\/\" target=\"_blank\" rel=\"noreferrer noopener\">https:\/\/clickturismo.es\/barcentral\/<\/a><\/p>\n\n\n\n<div class=\"wp-container-1 wp-block-buttons\">\n<div class=\"wp-block-button\"><a class=\"wp-block-button__link\" href=\"https:\/\/www.google.com\/maps\/place\/Bar+Central\/@42.3389057,-4.6039212,15z\/data=!4m2!3m1!1s0x0:0x81b84c46096889d3?sa=X&amp;ved=2ahUKEwjbnMH3h4b2AhXClf0HHW2CAtIQ_BJ6BAgnEAU\" target=\"_blank\" rel=\"noreferrer noopener\">C\u00f3mo llegar<\/a><\/div>\n<\/div>\n<\/div><\/div>\n\n\n\n<hr class=\"wp-block-separator\"\/>\n\n\n\n<div class=\"wp-block-media-text alignwide is-stacked-on-mobile\"><figure class=\"wp-block-media-text__media\"><a href=\"https:\/\/clickturismo.es\/barines\/\"><img loading=\"lazy\" width=\"1024\" height=\"485\" src=\"http:\/\/mesaymantel.digital\/wp-content\/uploads\/2022\/02\/Imagen3-8-1024x485.png\" alt=\"\" class=\"wp-image-991 size-full\" srcset=\"https:\/\/mesaymantel.digital\/wp-content\/uploads\/2022\/02\/Imagen3-8-1024x485.png 1024w, https:\/\/mesaymantel.digital\/wp-content\/uploads\/2022\/02\/Imagen3-8-300x142.png 300w, https:\/\/mesaymantel.digital\/wp-content\/uploads\/2022\/02\/Imagen3-8-768x364.png 768w, https:\/\/mesaymantel.digital\/wp-content\/uploads\/2022\/02\/Imagen3-8-389x184.png 389w, https:\/\/mesaymantel.digital\/wp-content\/uploads\/2022\/02\/Imagen3-8.png 1109w\" sizes=\"(max-width: 1024px) 100vw, 1024px\" \/><\/a><\/figure><div class=\"wp-block-media-text__content\">\n<blockquote class=\"wp-block-quote\"><p><strong><strong>Bar In\u00e9s. Carri\u00f3n de los Condes.<\/strong><\/strong><\/p><p><strong><strong>Un buen cef\u00e9, un buen vino, un buen combinado&#8230;<\/strong><\/strong><\/p><\/blockquote>\n\n\n\n<p><a rel=\"noreferrer noopener\" href=\"https:\/\/clickturismo.es\/barines\/\" target=\"_blank\">https:\/\/clickturismo.es\/barines\/<\/a><\/p>\n\n\n\n<div class=\"wp-container-2 wp-block-buttons\">\n<div class=\"wp-block-button\"><a class=\"wp-block-button__link\" href=\"https:\/\/www.google.com\/maps\/place\/Bar+In%C3%A9s\/@42.3398117,-4.6039856,15z\/data=!4m2!3m1!1s0x0:0xd2ecb53373a6a585?sa=X&amp;ved=2ahUKEwjL77eNiIb2AhWZgc4BHdalD08Q_BJ6BAgkEAU\" target=\"_blank\" rel=\"noreferrer noopener\">C\u00f3mo llegar<\/a><\/div>\n<\/div>\n<\/div><\/div>\n\n\n\n<hr class=\"wp-block-separator\"\/>\n\n\n\n<div class=\"wp-block-media-text alignwide is-stacked-on-mobile\"><figure class=\"wp-block-media-text__media\"><img loading=\"lazy\" width=\"480\" height=\"295\" src=\"http:\/\/mesaymantel.digital\/wp-content\/uploads\/2022\/02\/Captura-de-pantalla-1157.png\" alt=\"\" class=\"wp-image-992 size-full\" srcset=\"https:\/\/mesaymantel.digital\/wp-content\/uploads\/2022\/02\/Captura-de-pantalla-1157.png 480w, https:\/\/mesaymantel.digital\/wp-content\/uploads\/2022\/02\/Captura-de-pantalla-1157-300x184.png 300w, https:\/\/mesaymantel.digital\/wp-content\/uploads\/2022\/02\/Captura-de-pantalla-1157-389x239.png 389w\" sizes=\"(max-width: 480px) 100vw, 480px\" \/><\/figure><div class=\"wp-block-media-text__content\">\n<blockquote class=\"wp-block-quote\"><p><strong><strong>Bar Sol. Carri\u00f3n de los Condes.<\/strong><\/strong><\/p><p><strong><strong>Bar de Tapas frente a la Plaza de Santa Mar\u00eda del Camino con terraza exterior<\/strong><\/strong><\/p><p><strong><strong>y con muy buena atenci\u00f3n.<\/strong><\/strong><\/p><\/blockquote>\n\n\n\n<p><a href=\"https:\/\/clickturismo.es\/barsol\/\">https:\/\/clickturismo.es\/barsol\/<\/a><\/p>\n\n\n\n<div class=\"wp-container-3 wp-block-buttons\">\n<div class=\"wp-block-button\"><a class=\"wp-block-button__link\" href=\"https:\/\/www.google.com\/maps\/place\/BAR+SOL+Damaso+Aparicio\/@42.337281,-4.602348,15z\/data=!4m5!3m4!1s0x0:0xdfaf5dddcc308659!8m2!3d42.337281!4d-4.602348\" target=\"_blank\" rel=\"noreferrer noopener\">C\u00f3mo llegar<\/a><\/div>\n<\/div>\n<\/div><\/div>\n\n\n\n<hr class=\"wp-block-separator\"\/>\n\n\n\n<div class=\"wp-block-media-text alignwide is-stacked-on-mobile\"><figure class=\"wp-block-media-text__media\"><a href=\"https:\/\/clickturismo.es\/mesoncondegaray\/\"><img loading=\"lazy\" width=\"344\" height=\"80\" src=\"http:\/\/mesaymantel.digital\/wp-content\/uploads\/2022\/02\/Captura-de-pantalla-247.png\" alt=\"\" class=\"wp-image-993 size-full\" srcset=\"https:\/\/mesaymantel.digital\/wp-content\/uploads\/2022\/02\/Captura-de-pantalla-247.png 344w, https:\/\/mesaymantel.digital\/wp-content\/uploads\/2022\/02\/Captura-de-pantalla-247-300x70.png 300w\" sizes=\"(max-width: 344px) 100vw, 344px\" \/><\/a><\/figure><div class=\"wp-block-media-text__content\">\n<blockquote class=\"wp-block-quote\"><p><strong>Nuestro Restaurante es ideal para disfrutar de lo mejor<\/strong> <strong>de la gastronom\u00eda casera con estilo castellano,<\/strong> <strong>donde la calidad, buen precio y estupendo servicio, unido con la originalidad de nuestros platos, har\u00e1 las delicias de los paladares m\u00e1s exigentes y sorprender\u00e1 a los m\u00e1s curiosos.<\/strong><\/p><p><strong>Es en resumen una cocina llena de sabor y sensaciones,<\/strong> <strong>de la que destacamos platos como, el rico bacalao con tomate, etc.<\/strong><\/p><\/blockquote>\n\n\n\n<p><a href=\"https:\/\/clickturismo.es\/mesoncondegaray\/\" target=\"_blank\" rel=\"noreferrer noopener\">https:\/\/clickturismo.es\/mesoncondegaray\/<\/a><\/p>\n\n\n\n<div class=\"wp-container-4 wp-block-buttons\">\n<div class=\"wp-block-button\"><a class=\"wp-block-button__link\" href=\"https:\/\/www.google.com\/maps\/dir\/\/Pl.+Conde+Garay+34120+Carri%C3%B3n+de+los+Condes+Palencia\/@42.3362348,-4.6012972,17z\/data=!4m5!4m4!1m0!1m2!1m1!1s0xd47dafe78ca9a6b:0xb702d934eca8b365\" target=\"_blank\" rel=\"noreferrer noopener\">C\u00f3mo llegar<\/a><\/div>\n<\/div>\n<\/div><\/div>\n\n\n\n<hr class=\"wp-block-separator\"\/>\n\n\n\n<div class=\"wp-block-media-text alignwide is-stacked-on-mobile\"><figure class=\"wp-block-media-text__media\"><a href=\"https:\/\/clickturismo.es\/lacerve\/\"><img loading=\"lazy\" width=\"903\" height=\"265\" src=\"http:\/\/mesaymantel.digital\/wp-content\/uploads\/2022\/02\/28279745_172886116669600_5938035890137864098_n.jpg\" alt=\"\" class=\"wp-image-994 size-full\" srcset=\"https:\/\/mesaymantel.digital\/wp-content\/uploads\/2022\/02\/28279745_172886116669600_5938035890137864098_n.jpg 903w, https:\/\/mesaymantel.digital\/wp-content\/uploads\/2022\/02\/28279745_172886116669600_5938035890137864098_n-300x88.jpg 300w, https:\/\/mesaymantel.digital\/wp-content\/uploads\/2022\/02\/28279745_172886116669600_5938035890137864098_n-768x225.jpg 768w, https:\/\/mesaymantel.digital\/wp-content\/uploads\/2022\/02\/28279745_172886116669600_5938035890137864098_n-389x114.jpg 389w\" sizes=\"(max-width: 903px) 100vw, 903px\" \/><\/a><\/figure><div class=\"wp-block-media-text__content\">\n<blockquote class=\"wp-block-quote\"><p><strong>Tu comida informal,<\/strong><\/p><p><strong>tu men\u00fa del d\u00eda,<\/strong><\/p><p><strong>una tapa al mediod\u00eda<\/strong><\/p><p><strong>&nbsp;o una cerveza al caer la tarde&#8230;<\/strong><\/p><p><strong>En LA CERVE :<\/strong><\/p><p><strong>tu punto de encuentro en Carri\u00f3n de los Condes.<\/strong><\/p><\/blockquote>\n\n\n\n<p><a href=\"https:\/\/clickturismo.es\/lacerve\/\" target=\"_blank\" rel=\"noreferrer noopener\">https:\/\/clickturismo.es\/lacerve\/<\/a><\/p>\n\n\n\n<div class=\"wp-container-5 wp-block-buttons\">\n<div class=\"wp-block-button\"><a class=\"wp-block-button__link\" href=\"https:\/\/www.google.com\/maps\/dir\/\/Pl.+Marqu%C3%A9s+de+Santillana,+7+34120+Carri%C3%B3n+de+los+Condes+Palencia\/@42.3373517,-4.6032594,16z\/data=!4m5!4m4!1m0!1m2!1m1!1s0xd47dafe226172f5:0x52e5e36d762c05e\" target=\"_blank\" rel=\"noreferrer noopener\">C\u00f3mo llegar<\/a><\/div>\n<\/div>\n<\/div><\/div>\n\n\n\n<hr class=\"wp-block-separator\"\/>\n\n\n\n<div class=\"wp-block-media-text alignwide is-stacked-on-mobile\"><figure class=\"wp-block-media-text__media\"><a href=\"http:\/\/hostalrestaurantelacorte.es\/\"><img loading=\"lazy\" width=\"1024\" height=\"565\" src=\"http:\/\/mesaymantel.digital\/wp-content\/uploads\/2022\/02\/la_corte-1024x565.png\" alt=\"\" class=\"wp-image-995 size-full\" srcset=\"https:\/\/mesaymantel.digital\/wp-content\/uploads\/2022\/02\/la_corte-1024x565.png 1024w, https:\/\/mesaymantel.digital\/wp-content\/uploads\/2022\/02\/la_corte-300x165.png 300w, https:\/\/mesaymantel.digital\/wp-content\/uploads\/2022\/02\/la_corte-768x423.png 768w, https:\/\/mesaymantel.digital\/wp-content\/uploads\/2022\/02\/la_corte-389x214.png 389w, https:\/\/mesaymantel.digital\/wp-content\/uploads\/2022\/02\/la_corte.png 1119w\" sizes=\"(max-width: 1024px) 100vw, 1024px\" \/><\/a><\/figure><div class=\"wp-block-media-text__content\">\n<blockquote class=\"wp-block-quote\"><p><strong>Disfrute de las m\u00e1s exquisitas recetas de nuestra cocina, donde el equilibrio y la pureza entre texturas y sabores le permitir\u00edan deleitarse mientras disfruta de una vista sin igual al Centro Hist\u00f3rico de la ciudad<\/strong>.<\/p><\/blockquote>\n\n\n\n<p><a href=\"http:\/\/hostalrestaurantelacorte.es\/\" target=\"_blank\" rel=\"noreferrer noopener\">http:\/\/hostalrestaurantelacorte.es\/<\/a><\/p>\n\n\n\n<div class=\"wp-container-6 wp-block-buttons\">\n<div class=\"wp-block-button\"><a class=\"wp-block-button__link\" href=\"https:\/\/www.google.com\/maps\/place\/LA+CORTE+C.B.\/@42.3370888,-4.6013897,15z\/data=!4m2!3m1!1s0x0:0x1c3c270e6f127616?sa=X&amp;ved=2ahUKEwjo3r6uiIb2AhVPPBoKHd6DCwoQ_BJ6BAgnEAU\" target=\"_blank\" rel=\"noreferrer noopener\">C\u00f3mo llegar<\/a><\/div>\n<\/div>\n<\/div><\/div>\n\n\n\n<hr class=\"wp-block-separator\"\/>\n\n\n\n<div class=\"wp-block-media-text alignwide is-stacked-on-mobile\"><figure class=\"wp-block-media-text__media\"><a href=\"https:\/\/clickturismo.es\/restaurantelamuralla\/\"><img loading=\"lazy\" width=\"1024\" height=\"180\" src=\"http:\/\/mesaymantel.digital\/wp-content\/uploads\/2022\/02\/Imagen16-1024x180.png\" alt=\"\" class=\"wp-image-996 size-full\" srcset=\"https:\/\/mesaymantel.digital\/wp-content\/uploads\/2022\/02\/Imagen16-1024x180.png 1024w, https:\/\/mesaymantel.digital\/wp-content\/uploads\/2022\/02\/Imagen16-300x53.png 300w, https:\/\/mesaymantel.digital\/wp-content\/uploads\/2022\/02\/Imagen16-768x135.png 768w, https:\/\/mesaymantel.digital\/wp-content\/uploads\/2022\/02\/Imagen16-389x68.png 389w, https:\/\/mesaymantel.digital\/wp-content\/uploads\/2022\/02\/Imagen16.png 1497w\" sizes=\"(max-width: 1024px) 100vw, 1024px\" \/><\/a><\/figure><div class=\"wp-block-media-text__content\">\n<blockquote class=\"wp-block-quote\"><p><strong>Restaurante LA MURALLA, en Carri\u00f3n de los Condes.<\/strong><\/p><p><strong>Men\u00fas del d\u00eda, desayunos, tapas, raciones&#8230;<\/strong><\/p><p><strong>Come como en casa&#8230;<\/strong><\/p><\/blockquote>\n\n\n\n<p><a href=\"https:\/\/clickturismo.es\/restaurantelamuralla\/\" target=\"_blank\" rel=\"noreferrer noopener\">https:\/\/clickturismo.es\/restaurantelamuralla\/<\/a><\/p>\n\n\n\n<div class=\"wp-container-7 wp-block-buttons\">\n<div class=\"wp-block-button\"><a class=\"wp-block-button__link\" href=\"https:\/\/www.google.com\/maps\/place\/Av.+de+los+Peregrinos,+2,+34120+Carri%C3%B3n+de+los+Condes,+Palencia,+Espa%C3%B1a\/@42.337243,-4.59989,17z\/data=!4m5!3m4!1s0xd47dafe959b7673:0x98f01cda23948f09!8m2!3d42.3372433!4d-4.5998901?hl=es-ES\" target=\"_blank\" rel=\"noreferrer noopener\">C\u00f3mo llegar<\/a><\/div>\n<\/div>\n<\/div><\/div>\n\n\n\n<hr class=\"wp-block-separator\"\/>\n\n\n\n<div class=\"wp-block-media-text alignwide is-stacked-on-mobile\"><figure class=\"wp-block-media-text__media\"><img loading=\"lazy\" width=\"1024\" height=\"491\" src=\"http:\/\/mesaymantel.digital\/wp-content\/uploads\/2022\/02\/Imagen1-16-1024x491.png\" alt=\"\" class=\"wp-image-999 size-full\" srcset=\"https:\/\/mesaymantel.digital\/wp-content\/uploads\/2022\/02\/Imagen1-16-1024x491.png 1024w, https:\/\/mesaymantel.digital\/wp-content\/uploads\/2022\/02\/Imagen1-16-300x144.png 300w, https:\/\/mesaymantel.digital\/wp-content\/uploads\/2022\/02\/Imagen1-16-768x368.png 768w, https:\/\/mesaymantel.digital\/wp-content\/uploads\/2022\/02\/Imagen1-16-1536x737.png 1536w, https:\/\/mesaymantel.digital\/wp-content\/uploads\/2022\/02\/Imagen1-16-389x187.png 389w, https:\/\/mesaymantel.digital\/wp-content\/uploads\/2022\/02\/Imagen1-16.png 1603w\" sizes=\"(max-width: 1024px) 100vw, 1024px\" \/><\/figure><div class=\"wp-block-media-text__content\">\n<blockquote class=\"wp-block-quote\"><p><strong>En LOVER puedes<strong>&nbsp;encontrar el mejor ambiente en el centro de Carri\u00f3n.<\/strong><\/strong><\/p><p><strong><strong>Intentamos que los carrioneses y visitantes tengan un agradable momento a la hora de tomarse una ca\u00f1ita, un caf\u00e9 o una copa&#8230;<\/strong><\/strong><\/p><p><strong><strong>En el 2018 hemos dado una vuelta a nuestro dise\u00f1o del local<\/strong><\/strong><\/p><p><strong><strong>&nbsp;para acercarlo m\u00e1s a los nuevos tiempos.<\/strong><\/strong><\/p><p><strong><strong>Bienvenidos al nuevo LOVER&#8230;<\/strong><\/strong><\/p><\/blockquote>\n\n\n\n<p><a href=\"https:\/\/clickturismo.es\/lover\/\" target=\"_blank\" rel=\"noreferrer noopener\">https:\/\/clickturismo.es\/lover\/<\/a><\/p>\n\n\n\n<div class=\"wp-container-8 wp-block-buttons\">\n<div class=\"wp-block-button\"><a class=\"wp-block-button__link\" href=\"https:\/\/www.google.com\/maps\/dir\/\/C.+Jofre+Villegas,+3+34120+Carri%C3%B3n+de+los+Condes+Palencia\/@42.3390238,-4.6029344,17z\/data=!4m5!4m4!1m0!1m2!1m1!1s0xd47daffce6400e5:0xd7320fa2183fd7d0\" target=\"_blank\" rel=\"noreferrer noopener\">C\u00f3mo llegar<\/a><\/div>\n<\/div>\n<\/div><\/div>\n\n\n\n<hr class=\"wp-block-separator\"\/>\n\n\n\n<div class=\"wp-block-media-text alignwide is-stacked-on-mobile\"><figure class=\"wp-block-media-text__media\"><img loading=\"lazy\" width=\"960\" height=\"442\" src=\"http:\/\/mesaymantel.digital\/wp-content\/uploads\/2022\/02\/49900154_1423067981163025_3506525731268067328_n.jpg\" alt=\"\" class=\"wp-image-997 size-full\" srcset=\"https:\/\/mesaymantel.digital\/wp-content\/uploads\/2022\/02\/49900154_1423067981163025_3506525731268067328_n.jpg 960w, https:\/\/mesaymantel.digital\/wp-content\/uploads\/2022\/02\/49900154_1423067981163025_3506525731268067328_n-300x138.jpg 300w, https:\/\/mesaymantel.digital\/wp-content\/uploads\/2022\/02\/49900154_1423067981163025_3506525731268067328_n-768x354.jpg 768w, https:\/\/mesaymantel.digital\/wp-content\/uploads\/2022\/02\/49900154_1423067981163025_3506525731268067328_n-389x179.jpg 389w\" sizes=\"(max-width: 960px) 100vw, 960px\" \/><\/figure><div class=\"wp-block-media-text__content\">\n<blockquote class=\"wp-block-quote\"><p><strong>En NATURALE puedes encon<strong>trar, en el centro de Carri\u00f3n, el lugar ideal para reponer fuerzas.<\/strong><\/strong><\/p><p><strong><strong>Intentamos ofreceros el mejor producto unido al mejor servicio.<\/strong><\/strong><\/p><p><strong><strong>La ilusi\u00f3n nos gu\u00eda para que disfrut\u00e9is en cualquier momento de nuestras instalaciones&#8230;<\/strong><\/strong><\/p><p><strong><strong>Tu ca\u00f1a o vino, comida, cena, tapas, caf\u00e9&#8230; tu celebraci\u00f3n&#8230; ser\u00e1 diferente en NATURALE.<\/strong><\/strong><\/p><p><strong><strong>Bienvenidos&#8230;<\/strong><\/strong><\/p><\/blockquote>\n\n\n\n<p><a href=\"https:\/\/clickturismo.es\/naturale\/\" target=\"_blank\" rel=\"noreferrer noopener\">https:\/\/clickturismo.es\/naturale\/<\/a><\/p>\n\n\n\n<div class=\"wp-container-9 wp-block-buttons\">\n<div class=\"wp-block-button\"><a class=\"wp-block-button__link\" href=\"https:\/\/www.google.com\/maps\/dir\/\/C.+Esteban+Collantes,+15+34120+Carri%C3%B3n+de+los+Condes+Palencia\/@42.3394544,-4.6041164,17z\/data=!4m5!4m4!1m0!1m2!1m1!1s0xd47db0023d808bf:0x641879fed499d290\" target=\"_blank\" rel=\"noreferrer noopener\">C\u00f3mo llegar<\/a><\/div>\n<\/div>\n<\/div><\/div>\n\n\n\n<hr class=\"wp-block-separator\"\/>\n\n\n\n<div class=\"wp-block-media-text alignwide is-stacked-on-mobile\"><figure class=\"wp-block-media-text__media\"><img loading=\"lazy\" width=\"960\" height=\"960\" src=\"http:\/\/mesaymantel.digital\/wp-content\/uploads\/2022\/02\/19424076_117844445485730_4780064950922160792_n.jpg\" alt=\"\" class=\"wp-image-998 size-full\" srcset=\"https:\/\/mesaymantel.digital\/wp-content\/uploads\/2022\/02\/19424076_117844445485730_4780064950922160792_n.jpg 960w, https:\/\/mesaymantel.digital\/wp-content\/uploads\/2022\/02\/19424076_117844445485730_4780064950922160792_n-300x300.jpg 300w, https:\/\/mesaymantel.digital\/wp-content\/uploads\/2022\/02\/19424076_117844445485730_4780064950922160792_n-150x150.jpg 150w, https:\/\/mesaymantel.digital\/wp-content\/uploads\/2022\/02\/19424076_117844445485730_4780064950922160792_n-768x768.jpg 768w\" sizes=\"(max-width: 960px) 100vw, 960px\" \/><\/figure><div class=\"wp-block-media-text__content\">\n<blockquote class=\"wp-block-quote\"><p><strong>PUB CHAPAS&#8230;<\/strong><\/p><p><strong>Para disfrutar<\/strong> <strong>de buenas ca\u00f1as y vinos con tapa durante el d\u00eda y por la noche probar nuestra especialidad en  mojitos y Gin Tonics.<\/strong><\/p><p><strong>En verano puedes disfrutar de nuestra amplia terraza.<\/strong><\/p><p><strong>Tambi\u00e9n tenemos baile para bodas.<\/strong><\/p><\/blockquote>\n\n\n\n<p><a href=\"https:\/\/clickturismo.es\/pubchapas\/\" target=\"_blank\" rel=\"noreferrer noopener\">https:\/\/clickturismo.es\/pubchapas\/<\/a><\/p>\n\n\n\n<div class=\"wp-container-10 wp-block-buttons\">\n<div class=\"wp-block-button\"><a class=\"wp-block-button__link\" href=\"https:\/\/www.google.com\/maps\/place\/Pub+chapa's\/@42.3377808,-4.6039866,15z\/data=!4m2!3m1!1s0x0:0x3a2bf0410fde632a?sa=X&amp;ved=2ahUKEwiB26vBiIb2AhVti_0HHQ7bDccQ_BJ6BAgaEAU\" target=\"_blank\" rel=\"noreferrer noopener\">C\u00f3mo llegar<\/a><\/div>\n<\/div>\n<\/div><\/div>\n\n\n\n<hr class=\"wp-block-separator\"\/>\n\n\n\n<hr class=\"wp-block-separator\"\/>\n\n\n\n<div class=\"wp-block-media-text alignwide is-stacked-on-mobile\"><figure class=\"wp-block-media-text__media\"><a href=\"https:\/\/clickturismo.es\/carriondeloscondes\/\"><img loading=\"lazy\" width=\"1024\" height=\"291\" src=\"http:\/\/mesaymantel.digital\/wp-content\/uploads\/2022\/02\/turismo-palencia-fondo-blanco-1-1024x291.png\" alt=\"\" class=\"wp-image-615 size-full\" srcset=\"https:\/\/mesaymantel.digital\/wp-content\/uploads\/2022\/02\/turismo-palencia-fondo-blanco-1-1024x291.png 1024w, https:\/\/mesaymantel.digital\/wp-content\/uploads\/2022\/02\/turismo-palencia-fondo-blanco-1-300x85.png 300w, https:\/\/mesaymantel.digital\/wp-content\/uploads\/2022\/02\/turismo-palencia-fondo-blanco-1-768x218.png 768w, https:\/\/mesaymantel.digital\/wp-content\/uploads\/2022\/02\/turismo-palencia-fondo-blanco-1-1536x437.png 1536w, https:\/\/mesaymantel.digital\/wp-content\/uploads\/2022\/02\/turismo-palencia-fondo-blanco-1-389x111.png 389w, https:\/\/mesaymantel.digital\/wp-content\/uploads\/2022\/02\/turismo-palencia-fondo-blanco-1.png 1923w\" sizes=\"(max-width: 1024px) 100vw, 1024px\" \/><\/a><\/figure><div class=\"wp-block-media-text__content\">\n<p class=\"has-large-font-size\">Toda la informaci\u00f3n tur\u00edstica de Carri\u00f3n de los Condes en un click.<\/p>\n\n\n\n<p><a href=\"https:\/\/clickturismo.es\/carriondeloscondes\/\" target=\"_blank\" rel=\"noreferrer noopener\">https:\/\/clickturismo.es\/carriondeloscondes\/<\/a><\/p>\n<\/div><\/div>\n\n\n\n<hr class=\"wp-block-separator\"\/>\n\n\n\n<hr class=\"wp-block-separator\"\/>\n","protected":false},"excerpt":{"rendered":"<p>Toda la informaci\u00f3n tur\u00edstica de Carri\u00f3n de los Condes en un click. https:\/\/clickturismo.es\/carriondeloscondes\/<\/p>\n","protected":false},"author":1,"featured_media":0,"parent":0,"menu_order":0,"comment_status":"closed","ping_status":"closed","template":"","meta":{"_monsterinsights_skip_tracking":false,"_monsterinsights_sitenote_active":false,"_monsterinsights_sitenote_note":"","_monsterinsights_sitenote_category":0},"_links":{"self":[{"href":"https:\/\/mesaymantel.digital\/index.php\/wp-json\/wp\/v2\/pages\/851"}],"collection":[{"href":"https:\/\/mesaymantel.digital\/index.php\/wp-json\/wp\/v2\/pages"}],"about":[{"href":"https:\/\/mesaymantel.digital\/index.php\/wp-json\/wp\/v2\/types\/page"}],"author":[{"embeddable":true,"href":"https:\/\/mesaymantel.digital\/index.php\/wp-json\/wp\/v2\/users\/1"}],"replies":[{"embeddable":true,"href":"https:\/\/mesaymantel.digital\/index.php\/wp-json\/wp\/v2\/comments?post=851"}],"version-history":[{"count":5,"href":"https:\/\/mesaymantel.digital\/index.php\/wp-json\/wp\/v2\/pages\/851\/revisions"}],"predecessor-version":[{"id":1504,"href":"https:\/\/mesaymantel.digital\/index.php\/wp-json\/wp\/v2\/pages\/851\/revisions\/1504"}],"wp:attachment":[{"href":"https:\/\/mesaymantel.digital\/index.php\/wp-json\/wp\/v2\/media?parent=851"}],"curies":[{"name":"wp","href":"https:\/\/api.w.org\/{rel}","templated":true}]}}