{"id":852,"date":"2022-02-16T11:03:03","date_gmt":"2022-02-16T11:03:03","guid":{"rendered":"http:\/\/mesaymantel.digital\/?page_id=852"},"modified":"2022-03-24T10:40:16","modified_gmt":"2022-03-24T10:40:16","slug":"cervera-de-pisuerga","status":"publish","type":"page","link":"https:\/\/mesaymantel.digital\/index.php\/cervera-de-pisuerga\/","title":{"rendered":"Cervera de Pisuerga"},"content":{"rendered":"\n<hr class=\"wp-block-separator\"\/>\n\n\n\n<iframe loading=\"lazy\" src=\"https:\/\/www.google.com\/maps\/d\/u\/0\/embed?mid=1kkrmRirNDy2Lu5E2ZLZfdNgAQwjMIORG&#038;ehbc=2E312F\" width=\"640\" height=\"480\"><\/iframe>\n\n\n\n<hr class=\"wp-block-separator\"\/>\n\n\n\n<figure class=\"wp-block-image size-full is-resized\"><img loading=\"lazy\" src=\"http:\/\/mesaymantel.digital\/wp-content\/uploads\/2022\/02\/plaza-mayor-de-cervera.jpg\" alt=\"\" class=\"wp-image-1310\" width=\"1241\" height=\"753\" srcset=\"https:\/\/mesaymantel.digital\/wp-content\/uploads\/2022\/02\/plaza-mayor-de-cervera.jpg 546w, https:\/\/mesaymantel.digital\/wp-content\/uploads\/2022\/02\/plaza-mayor-de-cervera-300x182.jpg 300w, https:\/\/mesaymantel.digital\/wp-content\/uploads\/2022\/02\/plaza-mayor-de-cervera-389x236.jpg 389w\" sizes=\"(max-width: 1241px) 100vw, 1241px\" \/><figcaption>Cervera de Pisuerga<\/figcaption><\/figure>\n\n\n\n<hr class=\"wp-block-separator\"\/>\n\n\n\n<h2>RESTAURANTES<\/h2>\n\n\n\n<div class=\"wp-block-media-text alignwide is-stacked-on-mobile\"><figure class=\"wp-block-media-text__media\"><a href=\"https:\/\/clickturismo.es\/cervera_gasolina\/\"><img loading=\"lazy\" width=\"625\" height=\"285\" src=\"http:\/\/mesaymantel.digital\/wp-content\/uploads\/2022\/02\/2018-02-27.png\" alt=\"\" class=\"wp-image-1005 size-full\" srcset=\"https:\/\/mesaymantel.digital\/wp-content\/uploads\/2022\/02\/2018-02-27.png 625w, https:\/\/mesaymantel.digital\/wp-content\/uploads\/2022\/02\/2018-02-27-300x137.png 300w, https:\/\/mesaymantel.digital\/wp-content\/uploads\/2022\/02\/2018-02-27-389x177.png 389w\" sizes=\"(max-width: 625px) 100vw, 625px\" \/><\/a><\/figure><div class=\"wp-block-media-text__content\">\n<blockquote class=\"wp-block-quote\"><p><strong>Asador <strong>GASOLINA, en Cervera de Pisuerga.<\/strong><\/strong><\/p><p><strong><strong>&nbsp;&nbsp;&nbsp;&nbsp;&nbsp;Restaurante t\u00edpico de la Monta\u00f1a Palentina, c\u00e1lido y acogedor, con olor a le\u00f1a y a sabores tradicionales.<\/strong><\/strong><\/p><p><strong><strong>&nbsp;&nbsp;&nbsp;&nbsp;&nbsp;En la cocina: manos artesanas.<\/strong><\/strong><\/p><p><strong><strong>&nbsp;&nbsp;&nbsp;&nbsp;&nbsp;En el comedor: amigos que en cada visita a Cervera, se acercan a saludarnos.<\/strong><\/strong><\/p><\/blockquote>\n\n\n\n<p><a href=\"https:\/\/clickturismo.es\/cervera_gasolina\/\" target=\"_blank\" rel=\"noreferrer noopener\">https:\/\/clickturismo.es\/cervera_gasolina\/<\/a><\/p>\n\n\n\n<div class=\"wp-container-1 wp-block-buttons\">\n<div class=\"wp-block-button\"><a class=\"wp-block-button__link\" href=\"\" target=\"_blank\" rel=\"noreferrer noopener\">C\u00f3mo llegar<\/a><\/div>\n<\/div>\n<\/div><\/div>\n\n\n\n<hr class=\"wp-block-separator\"\/>\n\n\n\n<div class=\"wp-block-media-text alignwide is-stacked-on-mobile\"><figure class=\"wp-block-media-text__media\"><a href=\"https:\/\/clickturismo.es\/cervera_la_galeria\/\"><img loading=\"lazy\" width=\"939\" height=\"577\" src=\"http:\/\/mesaymantel.digital\/wp-content\/uploads\/2022\/02\/74235482_106335234137695_1561336043637047296_n.jpg\" alt=\"\" class=\"wp-image-1008 size-full\" srcset=\"https:\/\/mesaymantel.digital\/wp-content\/uploads\/2022\/02\/74235482_106335234137695_1561336043637047296_n.jpg 939w, https:\/\/mesaymantel.digital\/wp-content\/uploads\/2022\/02\/74235482_106335234137695_1561336043637047296_n-300x184.jpg 300w, https:\/\/mesaymantel.digital\/wp-content\/uploads\/2022\/02\/74235482_106335234137695_1561336043637047296_n-768x472.jpg 768w, https:\/\/mesaymantel.digital\/wp-content\/uploads\/2022\/02\/74235482_106335234137695_1561336043637047296_n-389x239.jpg 389w\" sizes=\"(max-width: 939px) 100vw, 939px\" \/><\/a><\/figure><div class=\"wp-block-media-text__content\">\n<blockquote class=\"wp-block-quote\"><p><strong>La Galer\u00eda. Bar Restaurante.<br>Tus aperitivos, caf\u00e9s, tertulias, copas&#8230;<br>En la primera planta disponemos de un acogedor local donde poder disfrutar de una gran cocina, comer como en casa est\u00e1 a tu alcance&#8230;<\/strong><\/p><\/blockquote>\n\n\n\n<p><a href=\"https:\/\/clickturismo.es\/cervera_la_galeria\/\" target=\"_blank\" rel=\"noreferrer noopener\">https:\/\/clickturismo.es\/cervera_la_galeria\/<\/a><\/p>\n\n\n\n<div class=\"wp-container-2 wp-block-buttons\">\n<div class=\"wp-block-button\"><a class=\"wp-block-button__link\" href=\"https:\/\/www.google.com\/maps\/dir\/\/Pl.+Mayor,+16+34840+Cervera+de+Pisuerga+Palencia\/@42.8637559,-4.4983469,16z\/data=!4m5!4m4!1m0!1m2!1m1!1s0xd485bed7a2d0e33:0x547b8ee2f78a9d2\" target=\"_blank\" rel=\"noreferrer noopener\">C\u00f3mo llegar<\/a><\/div>\n<\/div>\n<\/div><\/div>\n\n\n\n<hr class=\"wp-block-separator\"\/>\n\n\n\n<div class=\"wp-block-media-text alignwide is-stacked-on-mobile\"><figure class=\"wp-block-media-text__media\"><a href=\"https:\/\/clickturismo.es\/laparada\/\"><img loading=\"lazy\" width=\"770\" height=\"1024\" src=\"http:\/\/mesaymantel.digital\/wp-content\/uploads\/2022\/02\/Imagen1-17-770x1024.png\" alt=\"\" class=\"wp-image-1009 size-full\" srcset=\"https:\/\/mesaymantel.digital\/wp-content\/uploads\/2022\/02\/Imagen1-17-770x1024.png 770w, https:\/\/mesaymantel.digital\/wp-content\/uploads\/2022\/02\/Imagen1-17-226x300.png 226w, https:\/\/mesaymantel.digital\/wp-content\/uploads\/2022\/02\/Imagen1-17-768x1021.png 768w, https:\/\/mesaymantel.digital\/wp-content\/uploads\/2022\/02\/Imagen1-17.png 1142w\" sizes=\"(max-width: 770px) 100vw, 770px\" \/><\/a><\/figure><div class=\"wp-block-media-text__content\">\n<blockquote class=\"wp-block-quote\"><p><strong>La Parada, Cervera de Pisuerga.<\/strong><\/p><p><strong>&nbsp;Tus aperitivos, caf\u00e9s, tertulias&#8230;<\/strong><\/p><p><strong>Acogedor local donde poder disfrutar de una gran cocina,<\/strong><\/p><p><strong>comer como en casa est\u00e1 a tu alcance.<\/strong><\/p><p><strong>Raciones, platos combinados, men\u00fa diario, bocadillos&#8230;<\/strong><\/p><\/blockquote>\n\n\n\n<p><a href=\"https:\/\/clickturismo.es\/laparada\/\" target=\"_blank\" rel=\"noreferrer noopener\">https:\/\/clickturismo.es\/laparada\/<\/a><\/p>\n\n\n\n<div class=\"wp-container-3 wp-block-buttons\">\n<div class=\"wp-block-button\"><a class=\"wp-block-button__link\" href=\"https:\/\/www.google.com\/maps\/place\/La+Parada\/@42.8664618,-4.4986841,15z\/data=!4m2!3m1!1s0x0:0x76d0b2e84179454a?sa=X&amp;ved=2ahUKEwio6IvbiIb2AhUJ_6QKHWTlArIQ_BJ6BAgkEAU\" target=\"_blank\" rel=\"noreferrer noopener\">C\u00f3mo llegar<\/a><\/div>\n<\/div>\n<\/div><\/div>\n\n\n\n<hr class=\"wp-block-separator\"\/>\n\n\n\n<div class=\"wp-block-media-text alignwide is-stacked-on-mobile\"><figure class=\"wp-block-media-text__media\"><a href=\"https:\/\/clickturismo.es\/cervera_pacho\/\"><img loading=\"lazy\" width=\"903\" height=\"338\" src=\"http:\/\/mesaymantel.digital\/wp-content\/uploads\/2022\/02\/2018-02-27-9.png\" alt=\"\" class=\"wp-image-1011 size-full\" srcset=\"https:\/\/mesaymantel.digital\/wp-content\/uploads\/2022\/02\/2018-02-27-9.png 903w, https:\/\/mesaymantel.digital\/wp-content\/uploads\/2022\/02\/2018-02-27-9-300x112.png 300w, https:\/\/mesaymantel.digital\/wp-content\/uploads\/2022\/02\/2018-02-27-9-768x287.png 768w, https:\/\/mesaymantel.digital\/wp-content\/uploads\/2022\/02\/2018-02-27-9-389x146.png 389w, https:\/\/mesaymantel.digital\/wp-content\/uploads\/2022\/02\/2018-02-27-9-800x300.png 800w\" sizes=\"(max-width: 903px) 100vw, 903px\" \/><\/a><\/figure><div class=\"wp-block-media-text__content\">\n<blockquote class=\"wp-block-quote\"><p><strong>Restaurante PACHO.<\/strong><\/p><p><strong>Restaurante micol\u00f3gico.<\/strong><br><strong>Jornadas Gastron\u00f3micas de la Monta\u00f1a Palentina.<\/strong><br><strong>Carnes de Caza.<\/strong><br><strong>Carnes con D.O. de Cervera.<\/strong><br><strong>Pescados.<\/strong><\/p><p><strong>Men\u00fa diario y carta.<\/strong><\/p><\/blockquote>\n\n\n\n<p><a href=\"https:\/\/clickturismo.es\/cervera_pacho\/\" target=\"_blank\" rel=\"noreferrer noopener\">https:\/\/clickturismo.es\/cervera_pacho\/<\/a><\/p>\n\n\n\n<div class=\"wp-container-4 wp-block-buttons\">\n<div class=\"wp-block-button\"><a class=\"wp-block-button__link\" href=\"https:\/\/www.google.com\/maps\/place\/Hotel+Restaurante+Pacho\/@42.8640473,-4.4982203,15z\/data=!4m2!3m1!1s0x0:0x6aedf2e6ed821394?sa=X&amp;ved=2ahUKEwjjobPziIb2AhXGgc4BHSF4DWoQ_BJ6BAgpEAU\" target=\"_blank\" rel=\"noreferrer noopener\">C\u00f3mo llegar<\/a><\/div>\n<\/div>\n<\/div><\/div>\n\n\n\n<hr class=\"wp-block-separator\"\/>\n\n\n\n<div class=\"wp-block-media-text alignwide is-stacked-on-mobile\"><figure class=\"wp-block-media-text__media\"><a href=\"https:\/\/www.parador.es\/es\/paradores\/parador-de-cervera-de-pisuerga?gclid=CjwKCAjwrfCRBhAXEiwAnkmKmUIeEfkCF2npimJ8ljVsSI9WW73xFmXj6l9qHQm63rRJ8FWguzbUdRoC2yEQAvD_BwE&amp;gclsrc=aw.ds\"><img loading=\"lazy\" width=\"640\" height=\"480\" src=\"http:\/\/mesaymantel.digital\/wp-content\/uploads\/2022\/03\/PB060090-Parador-de-Cervera-de-Pisuerga.jpg\" alt=\"\" class=\"wp-image-1721 size-full\" srcset=\"https:\/\/mesaymantel.digital\/wp-content\/uploads\/2022\/03\/PB060090-Parador-de-Cervera-de-Pisuerga.jpg 640w, https:\/\/mesaymantel.digital\/wp-content\/uploads\/2022\/03\/PB060090-Parador-de-Cervera-de-Pisuerga-300x225.jpg 300w, https:\/\/mesaymantel.digital\/wp-content\/uploads\/2022\/03\/PB060090-Parador-de-Cervera-de-Pisuerga-389x292.jpg 389w\" sizes=\"(max-width: 640px) 100vw, 640px\" \/><\/a><\/figure><div class=\"wp-block-media-text__content\">\n<p class=\"has-large-font-size\">Parador de Turismo<\/p>\n\n\n\n<p><a href=\"https:\/\/www.parador.es\/es\/paradores\/parador-de-cervera-de-pisuerga?gclid=CjwKCAjwrfCRBhAXEiwAnkmKmUIeEfkCF2npimJ8ljVsSI9WW73xFmXj6l9qHQm63rRJ8FWguzbUdRoC2yEQAvD_BwE&amp;gclsrc=aw.ds\">https:\/\/www.parador.es\/es\/paradores\/parador-de-cervera-de-pisuerga?gclid=CjwKCAjwrfCRBhAXEiwAnkmKmUIeEfkCF2npimJ8ljVsSI9WW73xFmXj6l9qHQm63rRJ8FWguzbUdRoC2yEQAvD_BwE&amp;gclsrc=aw.ds<\/a><\/p>\n<\/div><\/div>\n\n\n\n<hr class=\"wp-block-separator\"\/>\n\n\n\n<h2>BARES<\/h2>\n\n\n\n<div class=\"wp-block-media-text alignwide is-stacked-on-mobile\"><figure class=\"wp-block-media-text__media\"><a href=\"https:\/\/clickturismo.es\/barcentro\/\"><img loading=\"lazy\" width=\"1024\" height=\"555\" src=\"http:\/\/mesaymantel.digital\/wp-content\/uploads\/2022\/02\/Imagen5-3-1024x555.png\" alt=\"\" class=\"wp-image-1002 size-full\" srcset=\"https:\/\/mesaymantel.digital\/wp-content\/uploads\/2022\/02\/Imagen5-3-1024x555.png 1024w, https:\/\/mesaymantel.digital\/wp-content\/uploads\/2022\/02\/Imagen5-3-300x163.png 300w, https:\/\/mesaymantel.digital\/wp-content\/uploads\/2022\/02\/Imagen5-3-768x416.png 768w, https:\/\/mesaymantel.digital\/wp-content\/uploads\/2022\/02\/Imagen5-3-389x211.png 389w, https:\/\/mesaymantel.digital\/wp-content\/uploads\/2022\/02\/Imagen5-3.png 1292w\" sizes=\"(max-width: 1024px) 100vw, 1024px\" \/><\/a><\/figure><div class=\"wp-block-media-text__content\">\n<blockquote class=\"wp-block-quote\"><p><strong>Bar CENTRO, en Cervera de Pisuerga.<\/strong><\/p><p><strong>Pinchos<\/strong><\/p><p><strong>Bocadillos<\/strong><\/p><p><strong>Hamburguesas<\/strong><\/p><p><strong>Sandwiches<\/strong><\/p><p><strong>Terraza de verano.<\/strong><\/p><p><strong>Tu punto de encuentro en Cervera de Pisuerga.<\/strong><\/p><\/blockquote>\n\n\n\n<p><a href=\"https:\/\/clickturismo.es\/barcentro\/\" target=\"_blank\" rel=\"noreferrer noopener\">https:\/\/clickturismo.es\/barcentro\/<\/a><\/p>\n\n\n\n<div class=\"wp-container-5 wp-block-buttons\">\n<div class=\"wp-block-button\"><a class=\"wp-block-button__link\" href=\"https:\/\/www.google.com\/maps\/dir\/\/Pl.+Mayor,+4+34840+Cervera+de+Pisuerga+Palencia\/@42.8634282,-4.4982579,16z\/data=!4m5!4m4!1m0!1m2!1m1!1s0xd485bed7edfb9fd:0xb39ff62c99d70673\" target=\"_blank\" rel=\"noreferrer noopener\">C\u00f3mo llegar<\/a><\/div>\n<\/div>\n<\/div><\/div>\n\n\n\n<hr class=\"wp-block-separator\"\/>\n\n\n\n<div class=\"wp-block-media-text alignwide is-stacked-on-mobile\"><figure class=\"wp-block-media-text__media\"><a href=\"https:\/\/clickturismo.es\/cervera_la_cascarita\/\"><img loading=\"lazy\" width=\"1004\" height=\"653\" src=\"http:\/\/mesaymantel.digital\/wp-content\/uploads\/2022\/02\/Imagen3-9.png\" alt=\"\" class=\"wp-image-1006 size-full\" srcset=\"https:\/\/mesaymantel.digital\/wp-content\/uploads\/2022\/02\/Imagen3-9.png 1004w, https:\/\/mesaymantel.digital\/wp-content\/uploads\/2022\/02\/Imagen3-9-300x195.png 300w, https:\/\/mesaymantel.digital\/wp-content\/uploads\/2022\/02\/Imagen3-9-768x500.png 768w, https:\/\/mesaymantel.digital\/wp-content\/uploads\/2022\/02\/Imagen3-9-389x253.png 389w\" sizes=\"(max-width: 1004px) 100vw, 1004px\" \/><\/a><\/figure><div class=\"wp-block-media-text__content\">\n<blockquote class=\"wp-block-quote\"><p><strong>Colmado LA CASCARITA, un lugar aut\u00e9ntico<\/strong>, <strong>bar con historia que merece la pena conocer.<\/strong><\/p><p><strong>Parar a comer, merendar, o picar algo: <\/strong><\/p><p><strong>Ensalada de at\u00fan con chicharros, <\/strong><\/p><p><strong>queso pic\u00f3n, <\/strong><\/p><p><strong>chorizo, <\/strong><\/p><p><strong>jam\u00f3n, vino en vaso de tubo <\/strong><\/p><p><strong>y de \u201cpostre\u201d sus famosas avellanas.<\/strong><\/p><\/blockquote>\n\n\n\n<p><a href=\"https:\/\/clickturismo.es\/cervera_la_cascarita\/\" target=\"_blank\" rel=\"noreferrer noopener\">https:\/\/clickturismo.es\/cervera_la_cascarita\/<\/a><\/p>\n\n\n\n<div class=\"wp-container-6 wp-block-buttons\">\n<div class=\"wp-block-button\"><a class=\"wp-block-button__link\" href=\"https:\/\/www.google.com\/maps\/dir\/\/C.+la+Cascarita,+1+34840+Cervera+de+Pisuerga+Palencia\/@42.866687,-4.4986829,17z\/data=!4m5!4m4!1m0!1m2!1m1!1s0xd485becf2372307:0x345f69ae4abcfdbc\" target=\"_blank\" rel=\"noreferrer noopener\">C\u00f3mo llegar<\/a><\/div>\n<\/div>\n<\/div><\/div>\n\n\n\n<div class=\"wp-block-media-text alignwide is-stacked-on-mobile\"><figure class=\"wp-block-media-text__media\"><img loading=\"lazy\" width=\"514\" height=\"332\" src=\"http:\/\/mesaymantel.digital\/wp-content\/uploads\/2022\/02\/2017-12-29-7.png\" alt=\"\" class=\"wp-image-1003 size-full\" srcset=\"https:\/\/mesaymantel.digital\/wp-content\/uploads\/2022\/02\/2017-12-29-7.png 514w, https:\/\/mesaymantel.digital\/wp-content\/uploads\/2022\/02\/2017-12-29-7-300x194.png 300w, https:\/\/mesaymantel.digital\/wp-content\/uploads\/2022\/02\/2017-12-29-7-389x251.png 389w\" sizes=\"(max-width: 514px) 100vw, 514px\" \/><\/figure><div class=\"wp-block-media-text__content\">\n<blockquote class=\"wp-block-quote\"><p><strong><strong>Se trata de un lugar t\u00edpico donde desde el blanco por el mediod\u00eda hasta las copas de la noche, que est\u00e1n siempre ambientadas.<\/strong><\/strong><\/p><p><strong><strong>&nbsp;Profesionalidad tras la barra en la elaboraci\u00f3n de fant\u00e1sticos combinados.<\/strong><\/strong><\/p><p><strong><strong>Disfruta del cl\u00e1sico &#8220;AMARILLO&#8221; hecho con zumo natural, reci\u00e9n exprimido.<\/strong><\/strong><\/p><p><strong><strong>Disponemos de m\u00e1s de 100 ginebras Premium.<\/strong><\/strong><\/p><\/blockquote>\n\n\n\n<p><a href=\"https:\/\/clickturismo.es\/cervera_bar_el_rincon_de_peleche\/\">https:\/\/clickturismo.es\/cervera_bar_el_rincon_de_peleche\/<\/a><\/p>\n\n\n\n<div class=\"wp-container-7 wp-block-buttons\">\n<div class=\"wp-block-button\"><a class=\"wp-block-button__link\" href=\"https:\/\/www.google.com\/maps\/dir\/\/Pl.+Mayor,+20+34840+Cervera+de+Pisuerga+Palencia\/@42.8633233,-4.4982013,17z\/data=!4m5!4m4!1m0!1m2!1m1!1s0xd485bf2801467af:0xec30dc2bb5bcc5c2\" target=\"_blank\" rel=\"noreferrer noopener\">C\u00f3mo llegar<\/a><\/div>\n<\/div>\n<\/div><\/div>\n\n\n\n<div class=\"wp-container-8 wp-block-buttons\"><\/div>\n\n\n\n<hr class=\"wp-block-separator\"\/>\n\n\n\n<div class=\"wp-block-media-text alignwide is-stacked-on-mobile\"><figure class=\"wp-block-media-text__media\"><a href=\"https:\/\/clickturismo.es\/cervera_la_ruina\/\"><img loading=\"lazy\" width=\"617\" height=\"319\" src=\"http:\/\/mesaymantel.digital\/wp-content\/uploads\/2022\/02\/2018-01-09-9.png\" alt=\"\" class=\"wp-image-1010 size-full\" srcset=\"https:\/\/mesaymantel.digital\/wp-content\/uploads\/2022\/02\/2018-01-09-9.png 617w, https:\/\/mesaymantel.digital\/wp-content\/uploads\/2022\/02\/2018-01-09-9-300x155.png 300w, https:\/\/mesaymantel.digital\/wp-content\/uploads\/2022\/02\/2018-01-09-9-389x201.png 389w\" sizes=\"(max-width: 617px) 100vw, 617px\" \/><\/a><\/figure><div class=\"wp-block-media-text__content\">\n<blockquote class=\"wp-block-quote\"><p><\/p><p><strong><strong>&nbsp;&nbsp;&nbsp;&nbsp;La Ruina. Mundo Raro. En Cervera de Pisuerga.<\/strong><\/strong><\/p><p><strong><strong>&nbsp;&nbsp;&nbsp;Tapas y Raciones. Buena m\u00fasica. M\u00fasica en directo. Buen ambiente. Buen rollo.<\/strong><\/strong><\/p><\/blockquote>\n\n\n\n<p><a href=\"https:\/\/clickturismo.es\/cervera_la_ruina\/\" target=\"_blank\" rel=\"noreferrer noopener\">https:\/\/clickturismo.es\/cervera_la_ruina\/<\/a><\/p>\n\n\n\n<div class=\"wp-container-9 wp-block-buttons\">\n<div class=\"wp-block-button\"><a class=\"wp-block-button__link\" href=\"https:\/\/www.google.com\/maps\/place\/La+Ruina-Mundo+RaRo\/@42.8635927,-4.4976098,15z\/data=!4m2!3m1!1s0x0:0x27596208757b333f?sa=X&amp;ved=2ahUKEwj7iPjmiIb2AhVWt6QKHfZ0D_wQ_BJ6BAgrEAU\" target=\"_blank\" rel=\"noreferrer noopener\">C\u00f3mo llegar<\/a><\/div>\n<\/div>\n<\/div><\/div>\n\n\n\n<hr class=\"wp-block-separator\"\/>\n\n\n\n<div class=\"wp-block-media-text alignwide is-stacked-on-mobile\"><figure class=\"wp-block-media-text__media\"><a href=\"https:\/\/clickturismo.es\/tabernaelrollo\/\"><img loading=\"lazy\" width=\"1024\" height=\"575\" src=\"http:\/\/mesaymantel.digital\/wp-content\/uploads\/2022\/02\/Imagen6-1-1024x575.png\" alt=\"\" class=\"wp-image-1004 size-full\" srcset=\"https:\/\/mesaymantel.digital\/wp-content\/uploads\/2022\/02\/Imagen6-1-1024x575.png 1024w, https:\/\/mesaymantel.digital\/wp-content\/uploads\/2022\/02\/Imagen6-1-300x168.png 300w, https:\/\/mesaymantel.digital\/wp-content\/uploads\/2022\/02\/Imagen6-1-768x431.png 768w, https:\/\/mesaymantel.digital\/wp-content\/uploads\/2022\/02\/Imagen6-1-1536x862.png 1536w, https:\/\/mesaymantel.digital\/wp-content\/uploads\/2022\/02\/Imagen6-1-2048x1150.png 2048w, https:\/\/mesaymantel.digital\/wp-content\/uploads\/2022\/02\/Imagen6-1-389x218.png 389w\" sizes=\"(max-width: 1024px) 100vw, 1024px\" \/><\/a><\/figure><div class=\"wp-block-media-text__content\">\n<blockquote class=\"wp-block-quote\"><p><strong>Taberna EL ROLLO.<\/strong><\/p><p><strong>Tu aperitivo, caf\u00e9, tertulia, copas&#8230;<\/strong><\/p><p><strong>Una comida o merienda informal&#8230;<\/strong><\/p><p><strong>Todo lo tienes muy cerca.<\/strong><\/p><\/blockquote>\n\n\n\n<p><a href=\"https:\/\/clickturismo.es\/tabernaelrollo\/\" target=\"_blank\" rel=\"noreferrer noopener\">https:\/\/clickturismo.es\/tabernaelrollo\/<\/a><\/p>\n\n\n\n<div class=\"wp-container-10 wp-block-buttons\">\n<div class=\"wp-block-button\"><a class=\"wp-block-button__link\" href=\"https:\/\/www.google.com\/maps\/dir\/\/C.+Tetu%C3%A1n,+1+34840+Cervera+de+Pisuerga+Palencia\/@42.8634185,-4.4988347,16z\/data=!4m5!4m4!1m0!1m2!1m1!1s0xd485bed63acbfe1:0x557b81ca10343433\" target=\"_blank\" rel=\"noreferrer noopener\">C\u00f3mo llegar<\/a><\/div>\n<\/div>\n<\/div><\/div>\n\n\n\n<hr class=\"wp-block-separator\"\/>\n\n\n\n<hr class=\"wp-block-separator\"\/>\n\n\n\n<div class=\"wp-block-media-text alignwide is-stacked-on-mobile\"><figure class=\"wp-block-media-text__media\"><a href=\"https:\/\/clickturismo.es\/cerveradepisuerga\/\"><img loading=\"lazy\" width=\"1024\" height=\"291\" src=\"http:\/\/mesaymantel.digital\/wp-content\/uploads\/2022\/02\/turismo-palencia-fondo-blanco-1-1024x291.png\" alt=\"\" class=\"wp-image-615 size-full\" srcset=\"https:\/\/mesaymantel.digital\/wp-content\/uploads\/2022\/02\/turismo-palencia-fondo-blanco-1-1024x291.png 1024w, https:\/\/mesaymantel.digital\/wp-content\/uploads\/2022\/02\/turismo-palencia-fondo-blanco-1-300x85.png 300w, https:\/\/mesaymantel.digital\/wp-content\/uploads\/2022\/02\/turismo-palencia-fondo-blanco-1-768x218.png 768w, https:\/\/mesaymantel.digital\/wp-content\/uploads\/2022\/02\/turismo-palencia-fondo-blanco-1-1536x437.png 1536w, https:\/\/mesaymantel.digital\/wp-content\/uploads\/2022\/02\/turismo-palencia-fondo-blanco-1-389x111.png 389w, https:\/\/mesaymantel.digital\/wp-content\/uploads\/2022\/02\/turismo-palencia-fondo-blanco-1.png 1923w\" sizes=\"(max-width: 1024px) 100vw, 1024px\" \/><\/a><\/figure><div class=\"wp-block-media-text__content\">\n<p class=\"has-large-font-size\">Toda la informaci\u00f3n tur\u00edstica de Cervera de Pisuerga en un click.<\/p>\n\n\n\n<p><a href=\"https:\/\/clickturismo.es\/cerveradepisuerga\/\" target=\"_blank\" rel=\"noreferrer noopener\">https:\/\/clickturismo.es\/cerveradepisuerga\/<\/a><\/p>\n<\/div><\/div>\n\n\n\n<hr class=\"wp-block-separator\"\/>\n\n\n\n<hr class=\"wp-block-separator\"\/>\n","protected":false},"excerpt":{"rendered":"<p>RESTAURANTES Parador de Turismo https:\/\/www.parador.es\/es\/paradores\/parador-de-cervera-de-pisuerga?gclid=CjwKCAjwrfCRBhAXEiwAnkmKmUIeEfkCF2npimJ8ljVsSI9WW73xFmXj6l9qHQm63rRJ8FWguzbUdRoC2yEQAvD_BwE&amp;gclsrc=aw.ds BARES Toda la informaci\u00f3n tur\u00edstica de Cervera de Pisuerga en un click. https:\/\/clickturismo.es\/cerveradepisuerga\/<\/p>\n","protected":false},"author":1,"featured_media":0,"parent":0,"menu_order":0,"comment_status":"closed","ping_status":"closed","template":"","meta":{"_monsterinsights_skip_tracking":false,"_monsterinsights_sitenote_active":false,"_monsterinsights_sitenote_note":"","_monsterinsights_sitenote_category":0},"_links":{"self":[{"href":"https:\/\/mesaymantel.digital\/index.php\/wp-json\/wp\/v2\/pages\/852"}],"collection":[{"href":"https:\/\/mesaymantel.digital\/index.php\/wp-json\/wp\/v2\/pages"}],"about":[{"href":"https:\/\/mesaymantel.digital\/index.php\/wp-json\/wp\/v2\/types\/page"}],"author":[{"embeddable":true,"href":"https:\/\/mesaymantel.digital\/index.php\/wp-json\/wp\/v2\/users\/1"}],"replies":[{"embeddable":true,"href":"https:\/\/mesaymantel.digital\/index.php\/wp-json\/wp\/v2\/comments?post=852"}],"version-history":[{"count":6,"href":"https:\/\/mesaymantel.digital\/index.php\/wp-json\/wp\/v2\/pages\/852\/revisions"}],"predecessor-version":[{"id":1722,"href":"https:\/\/mesaymantel.digital\/index.php\/wp-json\/wp\/v2\/pages\/852\/revisions\/1722"}],"wp:attachment":[{"href":"https:\/\/mesaymantel.digital\/index.php\/wp-json\/wp\/v2\/media?parent=852"}],"curies":[{"name":"wp","href":"https:\/\/api.w.org\/{rel}","templated":true}]}}