{"id":853,"date":"2022-02-16T11:03:04","date_gmt":"2022-02-16T11:03:04","guid":{"rendered":"http:\/\/mesaymantel.digital\/?page_id=853"},"modified":"2022-02-21T12:38:26","modified_gmt":"2022-02-21T12:38:26","slug":"duenas","status":"publish","type":"page","link":"https:\/\/mesaymantel.digital\/index.php\/duenas\/","title":{"rendered":"Due\u00f1as"},"content":{"rendered":"\n<hr class=\"wp-block-separator\"\/>\n\n\n\n<figure class=\"wp-block-image size-large\"><img loading=\"lazy\" width=\"1024\" height=\"120\" src=\"http:\/\/mesaymantel.digital\/wp-content\/uploads\/2022\/02\/2-1024x120.png\" alt=\"\" class=\"wp-image-1466\" srcset=\"https:\/\/mesaymantel.digital\/wp-content\/uploads\/2022\/02\/2-1024x120.png 1024w, https:\/\/mesaymantel.digital\/wp-content\/uploads\/2022\/02\/2-300x35.png 300w, https:\/\/mesaymantel.digital\/wp-content\/uploads\/2022\/02\/2-768x90.png 768w, https:\/\/mesaymantel.digital\/wp-content\/uploads\/2022\/02\/2-1536x179.png 1536w, https:\/\/mesaymantel.digital\/wp-content\/uploads\/2022\/02\/2-2048x239.png 2048w, https:\/\/mesaymantel.digital\/wp-content\/uploads\/2022\/02\/2-389x45.png 389w\" sizes=\"(max-width: 1024px) 100vw, 1024px\" \/><\/figure>\n\n\n\n<hr class=\"wp-block-separator\"\/>\n\n\n\n<figure class=\"wp-block-image size-full is-resized\"><img loading=\"lazy\" src=\"http:\/\/mesaymantel.digital\/wp-content\/uploads\/2022\/02\/duenas3.jpg\" alt=\"\" class=\"wp-image-1313\" width=\"1238\" height=\"926\" srcset=\"https:\/\/mesaymantel.digital\/wp-content\/uploads\/2022\/02\/duenas3.jpg 400w, https:\/\/mesaymantel.digital\/wp-content\/uploads\/2022\/02\/duenas3-300x225.jpg 300w, https:\/\/mesaymantel.digital\/wp-content\/uploads\/2022\/02\/duenas3-389x292.jpg 389w\" sizes=\"(max-width: 1238px) 100vw, 1238px\" \/><figcaption>Due\u00f1as<\/figcaption><\/figure>\n\n\n\n<hr class=\"wp-block-separator\"\/>\n\n\n\n<div class=\"wp-block-media-text alignwide is-stacked-on-mobile\"><figure class=\"wp-block-media-text__media\"><a href=\"https:\/\/clickturismo.es\/lacasadelapradera\/\"><img loading=\"lazy\" width=\"827\" height=\"583\" src=\"http:\/\/mesaymantel.digital\/wp-content\/uploads\/2022\/02\/40430509_1845473548870230_9022444223978274816_n.jpg\" alt=\"\" class=\"wp-image-1013 size-full\" srcset=\"https:\/\/mesaymantel.digital\/wp-content\/uploads\/2022\/02\/40430509_1845473548870230_9022444223978274816_n.jpg 827w, https:\/\/mesaymantel.digital\/wp-content\/uploads\/2022\/02\/40430509_1845473548870230_9022444223978274816_n-300x211.jpg 300w, https:\/\/mesaymantel.digital\/wp-content\/uploads\/2022\/02\/40430509_1845473548870230_9022444223978274816_n-768x541.jpg 768w, https:\/\/mesaymantel.digital\/wp-content\/uploads\/2022\/02\/40430509_1845473548870230_9022444223978274816_n-389x274.jpg 389w\" sizes=\"(max-width: 827px) 100vw, 827px\" \/><\/a><\/figure><div class=\"wp-block-media-text__content\">\n<blockquote class=\"wp-block-quote\"><p><strong>El Restaurante <strong>La Casa De La Pradera naci\u00f3 el a\u00f1o 1987<\/strong><\/strong> <strong><strong>de la mano de sus fundadores Hilario y Aurelia&nbsp;y, que junto con la ayuda de sus hijos y nietos,<\/strong><\/strong> <strong><strong>han creado un lugar de ensue\u00f1o con un trato familiar.<\/strong><\/strong><\/p><p><strong><strong>Ya en el a\u00f1o 2008 se completan las instalaciones con la apertura del Hotel Rural Un Lugar en la Vecilla.<\/strong><\/strong><\/p><p><strong><strong>El hotel-restaurante dispone de una amplia zona exterior de unos 1.000 m2 con una amplia terraza,<\/strong><\/strong> <strong><strong>zonas verdes, parrilla, barbacoa y piscina.<\/strong><\/strong><\/p><p><strong><strong>Las instalaciones se encuentran en la Villa Palentina de Due\u00f1as.<\/strong><\/strong><\/p><p><strong><strong>Una zona muy bien ubicada con Palencia y Valladolid a 15 minutos, lo que permite un r\u00e1pido<\/strong><\/strong> <strong><strong>y c\u00f3modo acceso a las principales capitales de la zona.<\/strong><\/strong><\/p><\/blockquote>\n\n\n\n<p><a href=\"https:\/\/clickturismo.es\/lacasadelapradera\/\" target=\"_blank\" rel=\"noreferrer noopener\">https:\/\/clickturismo.es\/lacasadelapradera\/<\/a><\/p>\n\n\n\n<div class=\"wp-container-1 wp-block-buttons\">\n<div class=\"wp-block-button\"><a class=\"wp-block-button__link\" href=\"https:\/\/www.google.com\/maps\/dir\/\/Av.+de+Valoria+34210+Palencia\/@41.8711405,-4.5399216,17z\/data=!4m5!4m4!1m0!1m2!1m1!1s0xd47a85ff75154af:0x817e4507f1a43200\" target=\"_blank\" rel=\"noreferrer noopener\">C\u00f3mo llegar<\/a><\/div>\n<\/div>\n<\/div><\/div>\n\n\n\n<hr class=\"wp-block-separator\"\/>\n\n\n\n<hr class=\"wp-block-separator\"\/>\n\n\n\n<div class=\"wp-block-media-text alignwide is-stacked-on-mobile\"><figure class=\"wp-block-media-text__media\"><a href=\"https:\/\/clickturismo.es\/duenas\/\"><img loading=\"lazy\" width=\"1024\" height=\"291\" src=\"http:\/\/mesaymantel.digital\/wp-content\/uploads\/2022\/02\/turismo-palencia-fondo-blanco-1-1024x291.png\" alt=\"\" class=\"wp-image-615 size-full\" srcset=\"https:\/\/mesaymantel.digital\/wp-content\/uploads\/2022\/02\/turismo-palencia-fondo-blanco-1-1024x291.png 1024w, https:\/\/mesaymantel.digital\/wp-content\/uploads\/2022\/02\/turismo-palencia-fondo-blanco-1-300x85.png 300w, https:\/\/mesaymantel.digital\/wp-content\/uploads\/2022\/02\/turismo-palencia-fondo-blanco-1-768x218.png 768w, https:\/\/mesaymantel.digital\/wp-content\/uploads\/2022\/02\/turismo-palencia-fondo-blanco-1-1536x437.png 1536w, https:\/\/mesaymantel.digital\/wp-content\/uploads\/2022\/02\/turismo-palencia-fondo-blanco-1-389x111.png 389w, https:\/\/mesaymantel.digital\/wp-content\/uploads\/2022\/02\/turismo-palencia-fondo-blanco-1.png 1923w\" sizes=\"(max-width: 1024px) 100vw, 1024px\" \/><\/a><\/figure><div class=\"wp-block-media-text__content\">\n<p class=\"has-large-font-size\">Toda la informaci\u00f3n tur\u00edstica de Due\u00f1as en un click.<\/p>\n\n\n\n<p><a href=\"https:\/\/clickturismo.es\/duenas\/\" target=\"_blank\" rel=\"noreferrer noopener\">https:\/\/clickturismo.es\/duenas\/<\/a><\/p>\n<\/div><\/div>\n\n\n\n<hr class=\"wp-block-separator\"\/>\n\n\n\n<hr class=\"wp-block-separator\"\/>\n","protected":false},"excerpt":{"rendered":"<p>Toda la informaci\u00f3n tur\u00edstica de Due\u00f1as en un click. https:\/\/clickturismo.es\/duenas\/<\/p>\n","protected":false},"author":1,"featured_media":0,"parent":0,"menu_order":0,"comment_status":"closed","ping_status":"closed","template":"","meta":{"_monsterinsights_skip_tracking":false,"_monsterinsights_sitenote_active":false,"_monsterinsights_sitenote_note":"","_monsterinsights_sitenote_category":0},"_links":{"self":[{"href":"https:\/\/mesaymantel.digital\/index.php\/wp-json\/wp\/v2\/pages\/853"}],"collection":[{"href":"https:\/\/mesaymantel.digital\/index.php\/wp-json\/wp\/v2\/pages"}],"about":[{"href":"https:\/\/mesaymantel.digital\/index.php\/wp-json\/wp\/v2\/types\/page"}],"author":[{"embeddable":true,"href":"https:\/\/mesaymantel.digital\/index.php\/wp-json\/wp\/v2\/users\/1"}],"replies":[{"embeddable":true,"href":"https:\/\/mesaymantel.digital\/index.php\/wp-json\/wp\/v2\/comments?post=853"}],"version-history":[{"count":4,"href":"https:\/\/mesaymantel.digital\/index.php\/wp-json\/wp\/v2\/pages\/853\/revisions"}],"predecessor-version":[{"id":1506,"href":"https:\/\/mesaymantel.digital\/index.php\/wp-json\/wp\/v2\/pages\/853\/revisions\/1506"}],"wp:attachment":[{"href":"https:\/\/mesaymantel.digital\/index.php\/wp-json\/wp\/v2\/media?parent=853"}],"curies":[{"name":"wp","href":"https:\/\/api.w.org\/{rel}","templated":true}]}}