{"id":854,"date":"2022-02-16T11:03:04","date_gmt":"2022-02-16T11:03:04","guid":{"rendered":"http:\/\/mesaymantel.digital\/?page_id=854"},"modified":"2025-08-06T11:47:31","modified_gmt":"2025-08-06T11:47:31","slug":"fromista","status":"publish","type":"page","link":"https:\/\/mesaymantel.digital\/index.php\/fromista\/","title":{"rendered":"Fr\u00f3mista"},"content":{"rendered":"\n<hr class=\"wp-block-separator\"\/>\n\n\n\n<figure class=\"wp-block-image size-large\"><img loading=\"lazy\" width=\"1024\" height=\"120\" src=\"http:\/\/mesaymantel.digital\/wp-content\/uploads\/2022\/02\/2-1024x120.png\" alt=\"\" class=\"wp-image-1466\" srcset=\"https:\/\/mesaymantel.digital\/wp-content\/uploads\/2022\/02\/2-1024x120.png 1024w, https:\/\/mesaymantel.digital\/wp-content\/uploads\/2022\/02\/2-300x35.png 300w, https:\/\/mesaymantel.digital\/wp-content\/uploads\/2022\/02\/2-768x90.png 768w, https:\/\/mesaymantel.digital\/wp-content\/uploads\/2022\/02\/2-1536x179.png 1536w, https:\/\/mesaymantel.digital\/wp-content\/uploads\/2022\/02\/2-2048x239.png 2048w, https:\/\/mesaymantel.digital\/wp-content\/uploads\/2022\/02\/2-389x45.png 389w\" sizes=\"(max-width: 1024px) 100vw, 1024px\" \/><\/figure>\n\n\n\n<hr class=\"wp-block-separator\"\/>\n\n\n\n<figure class=\"wp-block-image size-large is-resized\"><img loading=\"lazy\" src=\"http:\/\/mesaymantel.digital\/wp-content\/uploads\/2022\/02\/14919922404391-1024x532.jpg\" alt=\"\" class=\"wp-image-1316\" width=\"1241\" height=\"645\" srcset=\"https:\/\/mesaymantel.digital\/wp-content\/uploads\/2022\/02\/14919922404391-1024x532.jpg 1024w, https:\/\/mesaymantel.digital\/wp-content\/uploads\/2022\/02\/14919922404391-300x156.jpg 300w, https:\/\/mesaymantel.digital\/wp-content\/uploads\/2022\/02\/14919922404391-768x399.jpg 768w, https:\/\/mesaymantel.digital\/wp-content\/uploads\/2022\/02\/14919922404391-389x202.jpg 389w, https:\/\/mesaymantel.digital\/wp-content\/uploads\/2022\/02\/14919922404391.jpg 1277w\" sizes=\"(max-width: 1241px) 100vw, 1241px\" \/><figcaption>Fr\u00f3mista<\/figcaption><\/figure>\n\n\n\n<hr class=\"wp-block-separator\"\/>\n\n\n\n<div class=\"wp-block-media-text alignwide is-stacked-on-mobile\"><figure class=\"wp-block-media-text__media\"><a href=\"https:\/\/turismopalencia.info\/barparis\/\" target=\"_blank\" rel=\"noopener\"><img loading=\"lazy\" width=\"1009\" height=\"1021\" src=\"https:\/\/mesaymantel.digital\/wp-content\/uploads\/2025\/08\/facebook_1754317695603_7358141727941716554.jpg\" alt=\"\" class=\"wp-image-1868 size-full\" srcset=\"https:\/\/mesaymantel.digital\/wp-content\/uploads\/2025\/08\/facebook_1754317695603_7358141727941716554.jpg 1009w, https:\/\/mesaymantel.digital\/wp-content\/uploads\/2025\/08\/facebook_1754317695603_7358141727941716554-296x300.jpg 296w, https:\/\/mesaymantel.digital\/wp-content\/uploads\/2025\/08\/facebook_1754317695603_7358141727941716554-768x777.jpg 768w\" sizes=\"(max-width: 1009px) 100vw, 1009px\" \/><\/a><\/figure><div class=\"wp-block-media-text__content\">\n<blockquote class=\"wp-block-quote\"><p><strong>La Juder\u00eda Gastrobar, Fr\u00f3mista.<\/strong><\/p><p><strong>Un nuevo y acogedor local donde poder disfrutar con tus amigos de los mejores momentos.<\/strong><\/p><p><strong>Raciones, platos combinados, tostas, bocadillos,<\/strong><\/p><p><strong>sandwiches, hamburguesas, perritos, ensaladas&#8230;<\/strong><\/p><p><strong>No dejes de probar nuestras rabas, mejillones y pulpo&#8230;!!!<\/strong><\/p><\/blockquote>\n\n\n\n<p><\/p>\n\n\n\n<p><a href=\"https:\/\/turismopalencia.info\/lajuderia\/\" target=\"_blank\" rel=\"noreferrer noopener\">https:\/\/turismopalencia.info\/lajuderia<\/a><\/p>\n\n\n\n<div class=\"wp-container-1 wp-block-buttons\">\n<div class=\"wp-block-button\"><a class=\"wp-block-button__link\" href=\"https:\/\/www.google.com\/maps\/place\/P.%C2%BA+Julio+Senador,+34440,+Palencia,+Espa%C3%B1a\/@42.265216,-4.40922,18z\/data=!4m6!3m5!1s0xd47ccd98dc2798f:0x39d5d7cce17abd0e!8m2!3d42.2654103!4d-4.4101857!16s%2Fg%2F11xf_gbjy?hl=es-ES&amp;entry=ttu&amp;g_ep=EgoyMDI1MDgwMy4wIKXMDSoASAFQAw%3D%3D\" target=\"_blank\" rel=\"noreferrer noopener\">C\u00f3mo llegar<\/a><\/div>\n<\/div>\n<\/div><\/div>\n\n\n\n<hr class=\"wp-block-separator\"\/>\n\n\n\n<div class=\"wp-block-media-text alignwide is-stacked-on-mobile\"><figure class=\"wp-block-media-text__media\"><a href=\"https:\/\/turismopalencia.info\/labarbeeria\/\" target=\"_blank\" rel=\"noopener\"><img loading=\"lazy\" width=\"1024\" height=\"489\" src=\"https:\/\/mesaymantel.digital\/wp-content\/uploads\/2025\/05\/logo-barbeeria-1024x489.png\" alt=\"\" class=\"wp-image-1863 size-full\" srcset=\"https:\/\/mesaymantel.digital\/wp-content\/uploads\/2025\/05\/logo-barbeeria-1024x489.png 1024w, https:\/\/mesaymantel.digital\/wp-content\/uploads\/2025\/05\/logo-barbeeria-300x143.png 300w, https:\/\/mesaymantel.digital\/wp-content\/uploads\/2025\/05\/logo-barbeeria-768x367.png 768w, https:\/\/mesaymantel.digital\/wp-content\/uploads\/2025\/05\/logo-barbeeria-1536x734.png 1536w, https:\/\/mesaymantel.digital\/wp-content\/uploads\/2025\/05\/logo-barbeeria-2048x978.png 2048w, https:\/\/mesaymantel.digital\/wp-content\/uploads\/2025\/05\/logo-barbeeria-389x186.png 389w\" sizes=\"(max-width: 1024px) 100vw, 1024px\" \/><\/a><\/figure><div class=\"wp-block-media-text__content\">\n<blockquote class=\"wp-block-quote\"><p>La Barbeer\u00eda.<\/p><p>El punto de encuentro de los peregrinos en Fr\u00f3mista.<\/p><p>Rep\u00f3n fuerzas para el Camino en nuestra casa.<\/p><\/blockquote>\n\n\n\n<p><a href=\"https:\/\/turismopalencia.info\/labarbeeria\/\" target=\"_blank\" rel=\"noreferrer noopener\">https:\/\/turismopalencia.info\/labarbeeria\/<\/a><\/p>\n\n\n\n<div class=\"wp-container-2 wp-block-buttons\">\n<div class=\"wp-block-button\"><a class=\"wp-block-button__link\" href=\"https:\/\/www.google.com\/maps\/place\/El+Chiringuito+del+Camino\/@42.2676524,-4.4048821,15z\/data=!4m2!3m1!1s0x0:0xc419b5c1829afd88?sa=X&amp;ved=2ahUKEwih4-6BtoT2AhVSPBoKHc7CA9EQ_BJ6BAgmEAU\" target=\"_blank\" rel=\"noreferrer noopener\">C\u00f3mo llegar<\/a><\/div>\n<\/div>\n<\/div><\/div>\n\n\n\n<hr class=\"wp-block-separator\"\/>\n\n\n\n<div class=\"wp-block-media-text alignwide is-stacked-on-mobile\"><figure class=\"wp-block-media-text__media\"><a href=\"https:\/\/turismopalencia.info\/garigolo\/\" target=\"_blank\" rel=\"noopener\"><img loading=\"lazy\" width=\"554\" height=\"213\" src=\"http:\/\/mesaymantel.digital\/wp-content\/uploads\/2022\/02\/fromista021038.jpg\" alt=\"\" class=\"wp-image-1019 size-full\" srcset=\"https:\/\/mesaymantel.digital\/wp-content\/uploads\/2022\/02\/fromista021038.jpg 554w, https:\/\/mesaymantel.digital\/wp-content\/uploads\/2022\/02\/fromista021038-300x115.jpg 300w, https:\/\/mesaymantel.digital\/wp-content\/uploads\/2022\/02\/fromista021038-389x150.jpg 389w\" sizes=\"(max-width: 554px) 100vw, 554px\" \/><\/a><\/figure><div class=\"wp-block-media-text__content\">\n<blockquote class=\"wp-block-quote\"><p><strong>El GARIGOLO<\/strong><\/p><p><strong>Desayunos, almuerzos, bocadillos variados, pizzas&#8230;<\/strong><\/p><\/blockquote>\n\n\n\n<p><a href=\"https:\/\/turismopalencia.info\/garigolo\/\" target=\"_blank\" rel=\"noreferrer noopener\">https:\/\/turismopalencia.info\/garigolo\/<\/a><\/p>\n\n\n\n<div class=\"wp-container-3 wp-block-buttons\">\n<div class=\"wp-block-button\"><a class=\"wp-block-button__link\" href=\"https:\/\/www.google.com\/maps\/dir\/\/C.+Carremonzon,+2+34440+Fr%C3%B3mista+Palencia\/@42.2661111,-4.4066667,17z\/data=!4m5!4m4!1m0!1m2!1m1!1s0xd47ccd740a3014f:0x3bdfda4a7a6d90e2\" target=\"_blank\" rel=\"noreferrer noopener\">C\u00f3mo llegar<\/a><\/div>\n<\/div>\n<\/div><\/div>\n\n\n\n<hr class=\"wp-block-separator\"\/>\n\n\n\n<div class=\"wp-block-media-text alignwide is-stacked-on-mobile\"><figure class=\"wp-block-media-text__media\"><a href=\"https:\/\/turismopalencia.info\/laventa\/\" target=\"_blank\" rel=\"noopener\"><img loading=\"lazy\" width=\"1024\" height=\"683\" src=\"http:\/\/mesaymantel.digital\/wp-content\/uploads\/2022\/02\/1602176_445797342233592_1954226857_o-1024x683.jpg\" alt=\"\" class=\"wp-image-1020 size-full\" srcset=\"https:\/\/mesaymantel.digital\/wp-content\/uploads\/2022\/02\/1602176_445797342233592_1954226857_o-1024x683.jpg 1024w, https:\/\/mesaymantel.digital\/wp-content\/uploads\/2022\/02\/1602176_445797342233592_1954226857_o-300x200.jpg 300w, https:\/\/mesaymantel.digital\/wp-content\/uploads\/2022\/02\/1602176_445797342233592_1954226857_o-768x512.jpg 768w, https:\/\/mesaymantel.digital\/wp-content\/uploads\/2022\/02\/1602176_445797342233592_1954226857_o-1536x1024.jpg 1536w, https:\/\/mesaymantel.digital\/wp-content\/uploads\/2022\/02\/1602176_445797342233592_1954226857_o-389x259.jpg 389w, https:\/\/mesaymantel.digital\/wp-content\/uploads\/2022\/02\/1602176_445797342233592_1954226857_o.jpg 2048w\" sizes=\"(max-width: 1024px) 100vw, 1024px\" \/><\/a><\/figure><div class=\"wp-block-media-text__content\">\n<blockquote class=\"wp-block-quote\"><p><strong>La Venta est\u00e1 ubicada en un austero y bello edificio del siglo XVIII.<\/strong><\/p><p><strong>Situada frente a la iglesia de San Mart\u00edn,<\/strong> <strong>ha sido testigo y seguidora de los cambios a trav\u00e9s de los a\u00f1os.<\/strong><\/p><p><strong>El edificio fue un antiguo centro de selecci\u00f3n de cereal<\/strong> <strong>antes de convertirse en lo que es hoy:<\/strong> <strong>un establecimiento hostelero<\/strong> <strong>y un espacio art\u00edstico con identidad y vida propias.<\/strong><\/p><\/blockquote>\n\n\n\n<p><a href=\"https:\/\/turismopalencia.info\/laventa\/\" target=\"_blank\" rel=\"noreferrer noopener\">https:\/\/turismopalencia.info\/laventa\/<\/a><\/p>\n\n\n\n<div class=\"wp-container-4 wp-block-buttons\">\n<div class=\"wp-block-button\"><a class=\"wp-block-button__link\" href=\"https:\/\/www.google.com\/maps\/dir\/\/Pl.+San+Mart%C3%ADn,+8+34440+Fr%C3%B3mista+Palencia\/@42.2669422,-4.4064893,16z\/data=!4m5!4m4!1m0!1m2!1m1!1s0xd47ccd712eee9d5:0xbd654b0cd02229b9\" target=\"_blank\" rel=\"noreferrer noopener\">C\u00f3mo llegar<\/a><\/div>\n<\/div>\n<\/div><\/div>\n\n\n\n<hr class=\"wp-block-separator\"\/>\n\n\n\n<div class=\"wp-block-media-text alignwide is-stacked-on-mobile\"><figure class=\"wp-block-media-text__media\"><a href=\"https:\/\/turismopalencia.info\/hotelsanmartin\/\" target=\"_blank\" rel=\"noopener\"><img loading=\"lazy\" width=\"189\" height=\"255\" src=\"http:\/\/mesaymantel.digital\/wp-content\/uploads\/2022\/02\/Captura-de-pantalla-379.png\" alt=\"\" class=\"wp-image-1021 size-full\"\/><\/a><\/figure><div class=\"wp-block-media-text__content\">\n<blockquote class=\"wp-block-quote\"><p><strong>HOTEL SAN MARTIN<\/strong><\/p><\/blockquote>\n\n\n\n<blockquote class=\"wp-block-quote\"><p><strong>Situado al lado de la Iglesia de San Mart\u00edn de Tours,<br>el Hotel San Mart\u00edn es un establecimiento de car\u00e1cter familiar<br>que cuenta con 19 habitaciones<br>(1 suite, 1 para personas con movilidad reducida y 17 dobles),<br>equipadas con:<\/strong><\/p><p><strong>Ba\u00f1o completo<br>Televisor<br>Internet WiFi gratuito<br>Tel\u00e9fono<br>Hilo musical<br>Calefacci\u00f3n individual<\/strong><\/p><\/blockquote>\n\n\n\n<p><a href=\"https:\/\/turismopalencia.info\/hotelsanmartin\/\" target=\"_blank\" rel=\"noreferrer noopener\">https:\/\/turismopalencia.info\/hotelsanmartin\/<\/a><\/p>\n\n\n\n<div class=\"wp-container-5 wp-block-buttons\">\n<div class=\"wp-block-button\"><a class=\"wp-block-button__link\" href=\"https:\/\/www.google.com\/maps\/dir\/\/Pl.+San+Mart%C3%ADn,+7+34440+Fr%C3%B3mista+Palencia\/@42.2669871,-4.4066556,16z\/data=!4m5!4m4!1m0!1m2!1m1!1s0xd47ccd7711a11d7:0x4e2fc0792884ca33\" target=\"_blank\" rel=\"noreferrer noopener\">C\u00f3mo llegar<\/a><\/div>\n<\/div>\n<\/div><\/div>\n\n\n\n<hr class=\"wp-block-separator\"\/>\n\n\n\n<hr class=\"wp-block-separator\"\/>\n\n\n\n<div class=\"wp-block-media-text alignwide is-stacked-on-mobile\"><figure class=\"wp-block-media-text__media\"><a href=\"https:\/\/clickturismo.es\/palencia\/fromista\/\"><img loading=\"lazy\" width=\"1024\" height=\"291\" src=\"http:\/\/mesaymantel.digital\/wp-content\/uploads\/2022\/02\/turismo-palencia-fondo-blanco-1-1024x291.png\" alt=\"\" class=\"wp-image-615 size-full\" srcset=\"https:\/\/mesaymantel.digital\/wp-content\/uploads\/2022\/02\/turismo-palencia-fondo-blanco-1-1024x291.png 1024w, https:\/\/mesaymantel.digital\/wp-content\/uploads\/2022\/02\/turismo-palencia-fondo-blanco-1-300x85.png 300w, https:\/\/mesaymantel.digital\/wp-content\/uploads\/2022\/02\/turismo-palencia-fondo-blanco-1-768x218.png 768w, https:\/\/mesaymantel.digital\/wp-content\/uploads\/2022\/02\/turismo-palencia-fondo-blanco-1-1536x437.png 1536w, https:\/\/mesaymantel.digital\/wp-content\/uploads\/2022\/02\/turismo-palencia-fondo-blanco-1-389x111.png 389w, https:\/\/mesaymantel.digital\/wp-content\/uploads\/2022\/02\/turismo-palencia-fondo-blanco-1.png 1923w\" sizes=\"(max-width: 1024px) 100vw, 1024px\" \/><\/a><\/figure><div class=\"wp-block-media-text__content\">\n<p class=\"has-large-font-size\">Toda la informaci\u00f3n tur\u00edstica de Fr\u00f3mista en un click.<\/p>\n\n\n\n<p><a href=\"https:\/\/clickturismo.es\/palencia\/fromista\/\" target=\"_blank\" rel=\"noreferrer noopener\">https:\/\/clickturismo.es\/palencia\/fromista\/<\/a><\/p>\n<\/div><\/div>\n\n\n\n<hr class=\"wp-block-separator\"\/>\n\n\n\n<hr class=\"wp-block-separator\"\/>\n","protected":false},"excerpt":{"rendered":"<p>Toda la informaci\u00f3n tur\u00edstica de Fr\u00f3mista en un click. https:\/\/clickturismo.es\/palencia\/fromista\/<\/p>\n","protected":false},"author":1,"featured_media":0,"parent":0,"menu_order":0,"comment_status":"closed","ping_status":"closed","template":"","meta":{"_monsterinsights_skip_tracking":false,"_monsterinsights_sitenote_active":false,"_monsterinsights_sitenote_note":"","_monsterinsights_sitenote_category":0},"_links":{"self":[{"href":"https:\/\/mesaymantel.digital\/index.php\/wp-json\/wp\/v2\/pages\/854"}],"collection":[{"href":"https:\/\/mesaymantel.digital\/index.php\/wp-json\/wp\/v2\/pages"}],"about":[{"href":"https:\/\/mesaymantel.digital\/index.php\/wp-json\/wp\/v2\/types\/page"}],"author":[{"embeddable":true,"href":"https:\/\/mesaymantel.digital\/index.php\/wp-json\/wp\/v2\/users\/1"}],"replies":[{"embeddable":true,"href":"https:\/\/mesaymantel.digital\/index.php\/wp-json\/wp\/v2\/comments?post=854"}],"version-history":[{"count":9,"href":"https:\/\/mesaymantel.digital\/index.php\/wp-json\/wp\/v2\/pages\/854\/revisions"}],"predecessor-version":[{"id":1870,"href":"https:\/\/mesaymantel.digital\/index.php\/wp-json\/wp\/v2\/pages\/854\/revisions\/1870"}],"wp:attachment":[{"href":"https:\/\/mesaymantel.digital\/index.php\/wp-json\/wp\/v2\/media?parent=854"}],"curies":[{"name":"wp","href":"https:\/\/api.w.org\/{rel}","templated":true}]}}