{"id":855,"date":"2022-02-16T11:03:04","date_gmt":"2022-02-16T11:03:04","guid":{"rendered":"http:\/\/mesaymantel.digital\/?page_id=855"},"modified":"2022-06-14T13:53:25","modified_gmt":"2022-06-14T13:53:25","slug":"guardo","status":"publish","type":"page","link":"https:\/\/mesaymantel.digital\/index.php\/guardo\/","title":{"rendered":"Guardo"},"content":{"rendered":"\n<hr class=\"wp-block-separator\"\/>\n\n\n\n<iframe loading=\"lazy\" src=\"https:\/\/www.google.com\/maps\/d\/u\/2\/embed?mid=1WWLtgyA4UorJZHn_7hrQTGTP-V9lU5fK&amp;ehbc=2E312F\" width=\"1200\" height=\"680\"><\/iframe>\n\n\n\n<hr class=\"wp-block-separator\"\/>\n\n\n\n<figure class=\"wp-block-image size-full is-resized\"><img loading=\"lazy\" src=\"http:\/\/mesaymantel.digital\/wp-content\/uploads\/2022\/02\/guardo.jpg\" alt=\"\" class=\"wp-image-1319\" width=\"1243\" height=\"636\" srcset=\"https:\/\/mesaymantel.digital\/wp-content\/uploads\/2022\/02\/guardo.jpg 627w, https:\/\/mesaymantel.digital\/wp-content\/uploads\/2022\/02\/guardo-300x154.jpg 300w, https:\/\/mesaymantel.digital\/wp-content\/uploads\/2022\/02\/guardo-389x199.jpg 389w\" sizes=\"(max-width: 1243px) 100vw, 1243px\" \/><figcaption>Guardo<\/figcaption><\/figure>\n\n\n\n<h2><strong>RESTAURANTES<\/strong><\/h2>\n\n\n\n<hr class=\"wp-block-separator\"\/>\n\n\n\n<div class=\"wp-block-media-text alignwide is-stacked-on-mobile\"><figure class=\"wp-block-media-text__media\"><a href=\"https:\/\/clickturismo.es\/hotelmontanapalentina\"><img loading=\"lazy\" width=\"151\" height=\"124\" src=\"http:\/\/mesaymantel.digital\/wp-content\/uploads\/2022\/02\/2017-11-21-1.png\" alt=\"\" class=\"wp-image-1029 size-full\"\/><\/a><\/figure><div class=\"wp-block-media-text__content\">\n<p class=\"has-large-font-size\">Hotel Monta\u00f1a Palentina<\/p>\n\n\n\n<p><a href=\"https:\/\/clickturismo.es\/hotelmontanapalentina\" target=\"_blank\" rel=\"noreferrer noopener\">https:\/\/clickturismo.es\/hotelmontanapalentina<\/a><\/p>\n\n\n\n<div class=\"wp-container-1 wp-block-buttons\">\n<div class=\"wp-block-button\"><a class=\"wp-block-button__link\" href=\"https:\/\/www.google.com\/maps\/place\/Hotel+Monta%C3%B1a+Palentina\/@42.8024482,-4.8487787,15z\/data=!4m2!3m1!1s0x0:0x1adf0335a602a35e?sa=X&amp;ved=2ahUKEwja_oSk3YT2AhWhwQIHHSIVAMoQ_BJ6BAgbEAU\" target=\"_blank\" rel=\"noreferrer noopener\">C\u00f3mo llegar<\/a><\/div>\n<\/div>\n<\/div><\/div>\n\n\n\n<hr class=\"wp-block-separator\"\/>\n\n\n\n<div class=\"wp-block-media-text alignwide is-stacked-on-mobile\"><figure class=\"wp-block-media-text__media\"><a href=\"https:\/\/clickturismo.es\/hoteleltremazal\"><img loading=\"lazy\" width=\"1024\" height=\"415\" src=\"http:\/\/mesaymantel.digital\/wp-content\/uploads\/2022\/02\/Imagen1-18-1024x415.png\" alt=\"\" class=\"wp-image-1031 size-full\" srcset=\"https:\/\/mesaymantel.digital\/wp-content\/uploads\/2022\/02\/Imagen1-18-1024x415.png 1024w, https:\/\/mesaymantel.digital\/wp-content\/uploads\/2022\/02\/Imagen1-18-300x122.png 300w, https:\/\/mesaymantel.digital\/wp-content\/uploads\/2022\/02\/Imagen1-18-768x311.png 768w, https:\/\/mesaymantel.digital\/wp-content\/uploads\/2022\/02\/Imagen1-18-1536x622.png 1536w, https:\/\/mesaymantel.digital\/wp-content\/uploads\/2022\/02\/Imagen1-18-389x158.png 389w, https:\/\/mesaymantel.digital\/wp-content\/uploads\/2022\/02\/Imagen1-18.png 1918w\" sizes=\"(max-width: 1024px) 100vw, 1024px\" \/><\/a><\/figure><div class=\"wp-block-media-text__content\">\n<blockquote class=\"wp-block-quote\"><p><strong>Restaurante joven con una cocina casera, artesana y equilibrada, elaborada con los productos de la tierra, recuperando los antiguos sabores con gusto en el men\u00fa diario y aportando innovaciones en la carta.<\/strong><\/p><p><strong>Con un servicio cuidado al m\u00e1ximo se convierte en el lugar perfecto para celebrar bautizos, comuniones, comidas de empresa y reuniones que requieran de una atenci\u00f3n personalizada en un entorno inolvidable.<\/strong><\/p><p><strong>El trabajo diario al servicio de nuestros clientes nos otorga la experiencia necesaria para poder ofrecer al p\u00fablico un servicio agradable y profesional, este esfuerzo realizado se ve reflejado en la fidelidad de nuestros clientes.<\/strong><\/p><\/blockquote>\n\n\n\n<p><a href=\"https:\/\/clickturismo.es\/hoteleltremazal\" target=\"_blank\" rel=\"noreferrer noopener\">https:\/\/clickturismo.es\/hoteleltremazal<\/a><\/p>\n\n\n\n<div class=\"wp-container-2 wp-block-buttons\">\n<div class=\"wp-block-button\"><a class=\"wp-block-button__link\" href=\"https:\/\/www.google.com\/maps\/place\/Hotel+El+Tremazal\/@42.798015,-4.848205,15z\/data=!4m2!3m1!1s0x0:0xee4c21c5986ff42a?sa=X&amp;ved=2ahUKEwj867G07YT2AhUl8LsIHeENDQUQ_BJ6BAgbEAU\" target=\"_blank\" rel=\"noreferrer noopener\">C\u00f3mo llegar<\/a><\/div>\n<\/div>\n<\/div><\/div>\n\n\n\n<hr class=\"wp-block-separator\"\/>\n\n\n\n<div class=\"wp-block-media-text alignwide is-stacked-on-mobile\"><figure class=\"wp-block-media-text__media\"><a href=\"https:\/\/turismopalencia.info\/restaurantesanfrancisco\"><img loading=\"lazy\" width=\"1024\" height=\"572\" src=\"http:\/\/mesaymantel.digital\/wp-content\/uploads\/2022\/06\/logo-SF-1_page-0001-1024x572.jpg\" alt=\"\" class=\"wp-image-1839 size-full\" srcset=\"https:\/\/mesaymantel.digital\/wp-content\/uploads\/2022\/06\/logo-SF-1_page-0001-1024x572.jpg 1024w, https:\/\/mesaymantel.digital\/wp-content\/uploads\/2022\/06\/logo-SF-1_page-0001-300x168.jpg 300w, https:\/\/mesaymantel.digital\/wp-content\/uploads\/2022\/06\/logo-SF-1_page-0001-768x429.jpg 768w, https:\/\/mesaymantel.digital\/wp-content\/uploads\/2022\/06\/logo-SF-1_page-0001-389x217.jpg 389w, https:\/\/mesaymantel.digital\/wp-content\/uploads\/2022\/06\/logo-SF-1_page-0001.jpg 1483w\" sizes=\"(max-width: 1024px) 100vw, 1024px\" \/><\/a><\/figure><div class=\"wp-block-media-text__content\">\n<blockquote class=\"wp-block-quote\"><p><strong>Disfruta del mejor ambiente de todo Guardo en el Pub Restaurante San Francisco. <\/strong><\/p><p><strong>Un lugar inolvidable para tus m\u00e1s importantes celebraciones. <\/strong><\/p><p><strong>Y disfruta en nuestro Pub de una extensa gama de ginebras premiun asi como de los mejores rones.<\/strong><\/p><\/blockquote>\n\n\n\n<p><a href=\"https:\/\/turismopalencia.info\/restaurantesanfrancisco\" target=\"_blank\" rel=\"noreferrer noopener\">https:\/\/turismopalencia.info\/restaurantesanfrancisco<\/a><\/p>\n\n\n\n<div class=\"wp-container-3 wp-block-buttons\">\n<div class=\"wp-block-button\"><a class=\"wp-block-button__link\" href=\"\" target=\"_blank\" rel=\"noreferrer noopener\">C\u00f3mo llegar<\/a><\/div>\n<\/div>\n\n\n\n<p><\/p>\n<\/div><\/div>\n\n\n\n<hr class=\"wp-block-separator\"\/>\n\n\n\n<div class=\"wp-block-media-text alignwide is-stacked-on-mobile\"><figure class=\"wp-block-media-text__media\"><a href=\"https:\/\/clickturismo.es\/santamarta\/\"><img loading=\"lazy\" width=\"1024\" height=\"673\" src=\"http:\/\/mesaymantel.digital\/wp-content\/uploads\/2022\/02\/Imagen2-10-1024x673.png\" alt=\"\" class=\"wp-image-1036 size-full\" srcset=\"https:\/\/mesaymantel.digital\/wp-content\/uploads\/2022\/02\/Imagen2-10-1024x673.png 1024w, https:\/\/mesaymantel.digital\/wp-content\/uploads\/2022\/02\/Imagen2-10-300x197.png 300w, https:\/\/mesaymantel.digital\/wp-content\/uploads\/2022\/02\/Imagen2-10-768x505.png 768w, https:\/\/mesaymantel.digital\/wp-content\/uploads\/2022\/02\/Imagen2-10-1536x1010.png 1536w, https:\/\/mesaymantel.digital\/wp-content\/uploads\/2022\/02\/Imagen2-10-2048x1347.png 2048w, https:\/\/mesaymantel.digital\/wp-content\/uploads\/2022\/02\/Imagen2-10-389x256.png 389w\" sizes=\"(max-width: 1024px) 100vw, 1024px\" \/><\/a><\/figure><div class=\"wp-block-media-text__content\">\n<blockquote class=\"wp-block-quote\"><p><strong><strong>SANTA MARTA<\/strong><\/strong><\/p><p><strong><strong>Cafeter\u00eda &#8211; Hamburgueser\u00eda<\/strong><\/strong><\/p><p><strong><strong>Men\u00fa del d\u00eda, Bocatas, Tortillas variadas, Sandwiches, Desayunos&#8230;<\/strong><\/strong><\/p><p><strong><strong>Disfruta de nuestra terraza y de todo el deporte en nuestras tv\u00b4s.<\/strong><\/strong><\/p><\/blockquote>\n\n\n\n<p><a href=\"https:\/\/clickturismo.es\/santamarta\/\" target=\"_blank\" rel=\"noreferrer noopener\">https:\/\/clickturismo.es\/santamarta\/<\/a><\/p>\n\n\n\n<div class=\"wp-container-4 wp-block-buttons\">\n<div class=\"wp-block-button\"><a class=\"wp-block-button__link\" href=\"https:\/\/www.google.com\/maps\/place\/Meson+Cafeteria+Santa+Marta\/@42.7911442,-4.8446915,15z\/data=!4m2!3m1!1s0x0:0x33c29a82fbc1e8bf?sa=X&amp;ved=2ahUKEwjmjsXGiYb2AhUN4aQKHSfaBO0Q_BJ6BAgmEAU\" target=\"_blank\" rel=\"noreferrer noopener\">C\u00f3mo llegar<\/a><\/div>\n<\/div>\n<\/div><\/div>\n\n\n\n<hr class=\"wp-block-separator\"\/>\n\n\n\n<div class=\"wp-block-media-text alignwide is-stacked-on-mobile\"><figure class=\"wp-block-media-text__media\"><a href=\"https:\/\/clickturismo.es\/xl\/\"><img loading=\"lazy\" width=\"1000\" height=\"1000\" src=\"http:\/\/mesaymantel.digital\/wp-content\/uploads\/2022\/02\/xl.gif\" alt=\"\" class=\"wp-image-1041 size-full\"\/><\/a><\/figure><div class=\"wp-block-media-text__content\">\n<blockquote class=\"wp-block-quote\"><p><strong><strong>XL Caf\u00e9 y Copas \/ Gastrobar, Guardo.<\/strong><\/strong><\/p><p><strong><strong>Copas, cervezas nacionales y de importaci\u00f3n, batidos, c\u00f3cteles, caf\u00e9s, tapas, f\u00fatbol,<\/strong><\/strong><\/p><p><strong><strong>pantalla gigante 90&#8243; , mon\u00f3logos, espect\u00e1culos de magia, buen ambiente, terraza de verano&#8230;<\/strong><\/strong><\/p><p><strong><strong>&nbsp;Tu sitio en Guardo !!!<\/strong><\/strong><\/p><\/blockquote>\n\n\n\n<p><a href=\"https:\/\/clickturismo.es\/xl\/\" target=\"_blank\" rel=\"noreferrer noopener\">https:\/\/clickturismo.es\/xl\/<\/a><\/p>\n\n\n\n<div class=\"wp-container-5 wp-block-buttons\">\n<div class=\"wp-block-button\"><a class=\"wp-block-button__link\" href=\"https:\/\/www.google.com\/maps\/place\/XL+Caffe+%26+Copas+Gastrobar\/@42.7912715,-4.8449889,15z\/data=!4m2!3m1!1s0x0:0xc7d4ea693d41daec?sa=X&amp;ved=2ahUKEwjOl_r1iYb2AhUpxoUKHUO3AnwQ_BJ6BAgyEAU\" target=\"_blank\" rel=\"noreferrer noopener\">C\u00f3mo llegar<\/a><\/div>\n<\/div>\n<\/div><\/div>\n\n\n\n<hr class=\"wp-block-separator\"\/>\n\n\n\n<hr class=\"wp-block-separator\"\/>\n\n\n\n<h2><strong>BARES<\/strong><\/h2>\n\n\n\n<div class=\"wp-block-media-text alignwide is-stacked-on-mobile\"><figure class=\"wp-block-media-text__media\"><a href=\"https:\/\/clickturismo.es\/charlotte\/\"><img loading=\"lazy\" width=\"1008\" height=\"164\" src=\"http:\/\/mesaymantel.digital\/wp-content\/uploads\/2022\/02\/Imagen8.png\" alt=\"\" class=\"wp-image-1043 size-full\" srcset=\"https:\/\/mesaymantel.digital\/wp-content\/uploads\/2022\/02\/Imagen8.png 1008w, https:\/\/mesaymantel.digital\/wp-content\/uploads\/2022\/02\/Imagen8-300x49.png 300w, https:\/\/mesaymantel.digital\/wp-content\/uploads\/2022\/02\/Imagen8-768x125.png 768w, https:\/\/mesaymantel.digital\/wp-content\/uploads\/2022\/02\/Imagen8-389x63.png 389w\" sizes=\"(max-width: 1008px) 100vw, 1008px\" \/><\/a><\/figure><div class=\"wp-block-media-text__content\">\n<blockquote class=\"wp-block-quote\"><p><strong><strong>Charlotte, Guardo.<\/strong><\/strong><\/p><p><strong><strong>En pleno centro de Guardo&#8230; tu punto de encuentro.<\/strong><\/strong><\/p><\/blockquote>\n\n\n\n<p><a href=\"https:\/\/clickturismo.es\/charlotte\/\" target=\"_blank\" rel=\"noreferrer noopener\">https:\/\/clickturismo.es\/charlotte\/<\/a><\/p>\n\n\n\n<div class=\"wp-container-6 wp-block-buttons\">\n<div class=\"wp-block-button\"><a class=\"wp-block-button__link\" href=\"https:\/\/www.google.com\/maps\/dir\/\/Av.+Castilla+y+Le%C3%B3n,+11+34880+Guardo+Palencia\/@42.7885396,-4.8454839,17z\/data=!4m5!4m4!1m0!1m2!1m1!1s0xd483da5ceb93619:0xedc9cd35e1601b35\" target=\"_blank\" rel=\"noreferrer noopener\">C\u00f3mo llegar<\/a><\/div>\n<\/div>\n<\/div><\/div>\n\n\n\n<hr class=\"wp-block-separator\"\/>\n\n\n\n<div class=\"wp-block-media-text alignwide is-stacked-on-mobile\"><figure class=\"wp-block-media-text__media\"><a href=\"https:\/\/clickturismo.es\/elgarajehermetico\/\"><img loading=\"lazy\" width=\"348\" height=\"217\" src=\"http:\/\/mesaymantel.digital\/wp-content\/uploads\/2022\/02\/59423209_608925316251084_6658052151866032128_n.jpg\" alt=\"\" class=\"wp-image-1026 size-full\" srcset=\"https:\/\/mesaymantel.digital\/wp-content\/uploads\/2022\/02\/59423209_608925316251084_6658052151866032128_n.jpg 348w, https:\/\/mesaymantel.digital\/wp-content\/uploads\/2022\/02\/59423209_608925316251084_6658052151866032128_n-300x187.jpg 300w\" sizes=\"(max-width: 348px) 100vw, 348px\" \/><\/a><\/figure><div class=\"wp-block-media-text__content\">\n<blockquote class=\"wp-block-quote\"><p><strong>El club de lo<\/strong> <strong>inusual y sociedad m\u00e1s o menos secreta&#8230;<\/strong><\/p><p><strong>Les damos la bienvenida a nuestro bar<\/strong><br><strong>y a nuestro peque\u00f1o universo creado para sorprender y deleitar,<\/strong><br><strong>anunciando as\u00ed la sociedad de lo inusual,<\/strong><br><strong>un refugio bastante fabuloso para todas las personas librepensadoras<\/strong> <strong>que desean habitar un planeta m\u00e1s creativo y raro.<\/strong><br><strong>Para descubrir los muchos beneficios y privilegios pres\u00e9ntese en ya sabe d\u00f3nde&#8230;<\/strong><br><strong>les esperamos en el \u00a1\u00a1\u00a1 GARAJE HERM\u00c9TICO !!!<\/strong><\/p><\/blockquote>\n\n\n\n<p><a href=\"https:\/\/clickturismo.es\/elgarajehermetico\/\" target=\"_blank\" rel=\"noreferrer noopener\">https:\/\/clickturismo.es\/elgarajehermetico\/<\/a><\/p>\n\n\n\n<div class=\"wp-container-7 wp-block-buttons\">\n<div class=\"wp-block-button\"><a class=\"wp-block-button__link\" href=\"https:\/\/clickturismo.es\/elgarajehermetico\/\" target=\"_blank\" rel=\"noreferrer noopener\">C\u00f3mo llegar<\/a><\/div>\n<\/div>\n<\/div><\/div>\n\n\n\n<hr class=\"wp-block-separator\"\/>\n\n\n\n<div class=\"wp-block-media-text alignwide is-stacked-on-mobile\"><figure class=\"wp-block-media-text__media\"><a href=\"https:\/\/clickturismo.es\/lacausa\/\"><img loading=\"lazy\" width=\"960\" height=\"405\" src=\"http:\/\/mesaymantel.digital\/wp-content\/uploads\/2022\/02\/Imagen29.png\" alt=\"\" class=\"wp-image-1033 size-full\" srcset=\"https:\/\/mesaymantel.digital\/wp-content\/uploads\/2022\/02\/Imagen29.png 960w, https:\/\/mesaymantel.digital\/wp-content\/uploads\/2022\/02\/Imagen29-300x127.png 300w, https:\/\/mesaymantel.digital\/wp-content\/uploads\/2022\/02\/Imagen29-768x324.png 768w, https:\/\/mesaymantel.digital\/wp-content\/uploads\/2022\/02\/Imagen29-389x164.png 389w\" sizes=\"(max-width: 960px) 100vw, 960px\" \/><\/a><\/figure><div class=\"wp-block-media-text__content\">\n<blockquote class=\"wp-block-quote\"><p><strong><strong>LA CAUSA<\/strong><\/strong><\/p><p><strong><strong>Tu punto de encuentro en Guardo&#8230;<\/strong><\/strong><\/p><p><strong><strong>Disfrutar de nuestra terraza y endulzarte el paladar: todo en uno.<\/strong><\/strong><\/p><p><strong><strong>Bar y Pasteler\u00eda\/Panader\u00eda.<\/strong><\/strong><\/p><\/blockquote>\n\n\n\n<p><a href=\"https:\/\/clickturismo.es\/lacausa\/\" target=\"_blank\" rel=\"noreferrer noopener\">https:\/\/clickturismo.es\/lacausa\/<\/a><\/p>\n\n\n\n<div class=\"wp-container-8 wp-block-buttons\">\n<div class=\"wp-block-button\"><a class=\"wp-block-button__link\" href=\"https:\/\/www.google.com\/maps\/dir\/\/Av.+San+Miguel,+6+34880+Guardo+Palencia\/@42.7905448,-4.8445999,17z\/data=!4m5!4m4!1m0!1m2!1m1!1s0xd483da586b44eb7:0xa738d1596ff7297e\" target=\"_blank\" rel=\"noreferrer noopener\">C\u00f3mo llegar<\/a><\/div>\n<\/div>\n<\/div><\/div>\n\n\n\n<hr class=\"wp-block-separator\"\/>\n\n\n\n<div class=\"wp-block-media-text alignwide is-stacked-on-mobile\"><figure class=\"wp-block-media-text__media\"><a href=\"https:\/\/clickturismo.es\/siddharta\/\"><img loading=\"lazy\" width=\"1024\" height=\"290\" src=\"http:\/\/mesaymantel.digital\/wp-content\/uploads\/2022\/02\/Imagen21-1-1024x290.png\" alt=\"\" class=\"wp-image-1038 size-full\" srcset=\"https:\/\/mesaymantel.digital\/wp-content\/uploads\/2022\/02\/Imagen21-1-1024x290.png 1024w, https:\/\/mesaymantel.digital\/wp-content\/uploads\/2022\/02\/Imagen21-1-300x85.png 300w, https:\/\/mesaymantel.digital\/wp-content\/uploads\/2022\/02\/Imagen21-1-768x218.png 768w, https:\/\/mesaymantel.digital\/wp-content\/uploads\/2022\/02\/Imagen21-1-1536x435.png 1536w, https:\/\/mesaymantel.digital\/wp-content\/uploads\/2022\/02\/Imagen21-1-389x110.png 389w, https:\/\/mesaymantel.digital\/wp-content\/uploads\/2022\/02\/Imagen21-1.png 1612w\" sizes=\"(max-width: 1024px) 100vw, 1024px\" \/><\/a><\/figure><div class=\"wp-block-media-text__content\">\n<blockquote class=\"wp-block-quote\"><p><strong>El mejor ambiente <strong>la mejor m\u00fasica, una decoraci\u00f3n espectacular<\/strong><\/strong> <strong><strong>y las copas m\u00e1s elaboradas que puedes imaginar.<\/strong><\/strong><\/p><p><strong><strong>No os pod\u00e9is perder la fuente de chocolate fundido<\/strong><\/strong> <strong><strong>con toda la variedad de frutas que nos ofrecen los viernes,<\/strong><\/strong> <strong><strong>aparte de las fiestas con azafata y cientos de regalos que hacen todas las semanas !!<\/strong><\/strong><\/p><p><strong><strong>El mejor sitio donde pasar una tarde tranquila o una noche con los amigos&#8230;<\/strong><\/strong><\/p><\/blockquote>\n\n\n\n<p><a href=\"https:\/\/clickturismo.es\/siddharta\/\" target=\"_blank\" rel=\"noreferrer noopener\">https:\/\/clickturismo.es\/siddharta\/<\/a><\/p>\n\n\n\n<div class=\"wp-container-9 wp-block-buttons\">\n<div class=\"wp-block-button\"><a class=\"wp-block-button__link\" href=\"https:\/\/www.google.com\/maps\/dir\/\/Av.+Castilla+y+Le%C3%B3n,+11+34880+Guardo+Palencia\/@42.7885396,-4.8454839,17z\/data=!4m5!4m4!1m0!1m2!1m1!1s0xd483da5ceb93619:0xedc9cd35e1601b35\" target=\"_blank\" rel=\"noreferrer noopener\">C\u00f3mo llegar<\/a><\/div>\n<\/div>\n<\/div><\/div>\n\n\n\n<hr class=\"wp-block-separator\"\/>\n\n\n\n<div class=\"wp-block-media-text alignwide is-stacked-on-mobile\"><figure class=\"wp-block-media-text__media\"><a href=\"https:\/\/clickturismo.es\/barvenecia\/\"><img loading=\"lazy\" width=\"960\" height=\"278\" src=\"http:\/\/mesaymantel.digital\/wp-content\/uploads\/2022\/02\/Imagen6-2.png\" alt=\"\" class=\"wp-image-1039 size-full\" srcset=\"https:\/\/mesaymantel.digital\/wp-content\/uploads\/2022\/02\/Imagen6-2.png 960w, https:\/\/mesaymantel.digital\/wp-content\/uploads\/2022\/02\/Imagen6-2-300x87.png 300w, https:\/\/mesaymantel.digital\/wp-content\/uploads\/2022\/02\/Imagen6-2-768x222.png 768w, https:\/\/mesaymantel.digital\/wp-content\/uploads\/2022\/02\/Imagen6-2-389x113.png 389w\" sizes=\"(max-width: 960px) 100vw, 960px\" \/><\/a><\/figure><div class=\"wp-block-media-text__content\">\n<blockquote class=\"wp-block-quote\"><p><strong><strong>Bar VENECIA<\/strong><\/strong><\/p><p><strong><strong>Tu punto de encuentro en Guardo&#8230;<\/strong><\/strong><\/p><\/blockquote>\n\n\n\n<p><a href=\"https:\/\/clickturismo.es\/barvenecia\/\">https:\/\/clickturismo.es\/barvenecia\/<\/a><\/p>\n\n\n\n<div class=\"wp-container-10 wp-block-buttons\">\n<div class=\"wp-block-button\"><a class=\"wp-block-button__link\" href=\"https:\/\/www.google.com\/maps\/place\/Caf%C3%A9+Venecia\/@42.7899559,-4.843583,15z\/data=!4m2!3m1!1s0x0:0x474d3c4c7192d178?sa=X&amp;ved=2ahUKEwjf9urliYb2AhVhIMUKHcNQA9YQ_BJ6BAggEAU\" target=\"_blank\" rel=\"noreferrer noopener\">C\u00f3mo llegar<\/a><\/div>\n<\/div>\n<\/div><\/div>\n\n\n\n<hr class=\"wp-block-separator\"\/>\n\n\n\n<div class=\"wp-block-media-text alignwide is-stacked-on-mobile\"><figure class=\"wp-block-media-text__media\"><a href=\"https:\/\/clickturismo.es\/cafeteriaventura\/\"><img loading=\"lazy\" width=\"899\" height=\"434\" src=\"http:\/\/mesaymantel.digital\/wp-content\/uploads\/2022\/02\/ventura.gif\" alt=\"\" class=\"wp-image-1040 size-full\"\/><\/a><\/figure><div class=\"wp-block-media-text__content\">\n<blockquote class=\"wp-block-quote\"><p><strong><strong>Cafeter\u00eda Ventura, Guardo.<\/strong><\/strong><\/p><p><strong><strong>Tortillas por encargo. Bocadillos &#8211; Sandwiches. Platos combinados.<\/strong><\/strong><\/p><p><strong><strong>Desayunos. Raciones.<\/strong><\/strong><\/p><p><strong><strong>Gambas Gabardina. Pulpo Gallega. Rabas. Chopitos&#8230;<\/strong><\/strong><\/p><\/blockquote>\n\n\n\n<p><a href=\"https:\/\/clickturismo.es\/cafeteriaventura\/\" target=\"_blank\" rel=\"noreferrer noopener\">https:\/\/clickturismo.es\/cafeteriaventura\/<\/a><\/p>\n\n\n\n<div class=\"wp-container-11 wp-block-buttons\">\n<div class=\"wp-block-button\"><a class=\"wp-block-button__link\" href=\"https:\/\/www.google.com\/maps\/dir\/\/Av.+Castilla+y+Le%C3%B3n,+8+34880+Guardo+Palencia\/@42.7889586,-4.845779,17z\/data=!4m5!4m4!1m0!1m2!1m1!1s0xd483da5d0029ced:0xb7b29a6e95121fe9\" target=\"_blank\" rel=\"noreferrer noopener\">C\u00f3mo llegar<\/a><\/div>\n<\/div>\n<\/div><\/div>\n\n\n\n<hr class=\"wp-block-separator\"\/>\n\n\n\n<div class=\"wp-block-media-text alignwide is-stacked-on-mobile\"><figure class=\"wp-block-media-text__media\"><a href=\"https:\/\/clickturismo.es\/guardo\/\"><img loading=\"lazy\" width=\"1024\" height=\"291\" src=\"http:\/\/mesaymantel.digital\/wp-content\/uploads\/2022\/02\/turismo-palencia-fondo-blanco-1-1024x291.png\" alt=\"\" class=\"wp-image-615 size-full\" srcset=\"https:\/\/mesaymantel.digital\/wp-content\/uploads\/2022\/02\/turismo-palencia-fondo-blanco-1-1024x291.png 1024w, https:\/\/mesaymantel.digital\/wp-content\/uploads\/2022\/02\/turismo-palencia-fondo-blanco-1-300x85.png 300w, https:\/\/mesaymantel.digital\/wp-content\/uploads\/2022\/02\/turismo-palencia-fondo-blanco-1-768x218.png 768w, https:\/\/mesaymantel.digital\/wp-content\/uploads\/2022\/02\/turismo-palencia-fondo-blanco-1-1536x437.png 1536w, https:\/\/mesaymantel.digital\/wp-content\/uploads\/2022\/02\/turismo-palencia-fondo-blanco-1-389x111.png 389w, https:\/\/mesaymantel.digital\/wp-content\/uploads\/2022\/02\/turismo-palencia-fondo-blanco-1.png 1923w\" sizes=\"(max-width: 1024px) 100vw, 1024px\" \/><\/a><\/figure><div class=\"wp-block-media-text__content\">\n<p class=\"has-large-font-size\">Toda la informaci\u00f3n tur\u00edstica de Guardo en un click.<\/p>\n\n\n\n<p><a href=\"https:\/\/clickturismo.es\/guardo\/\" target=\"_blank\" rel=\"noreferrer noopener\">https:\/\/clickturismo.es\/guardo\/<\/a><\/p>\n<\/div><\/div>\n\n\n\n<hr class=\"wp-block-separator\"\/>\n\n\n\n<hr class=\"wp-block-separator\"\/>\n","protected":false},"excerpt":{"rendered":"<p>RESTAURANTES BARES Toda la informaci\u00f3n tur\u00edstica de Guardo en un click. https:\/\/clickturismo.es\/guardo\/<\/p>\n","protected":false},"author":1,"featured_media":0,"parent":0,"menu_order":0,"comment_status":"closed","ping_status":"closed","template":"","meta":{"_monsterinsights_skip_tracking":false,"_monsterinsights_sitenote_active":false,"_monsterinsights_sitenote_note":"","_monsterinsights_sitenote_category":0},"_links":{"self":[{"href":"https:\/\/mesaymantel.digital\/index.php\/wp-json\/wp\/v2\/pages\/855"}],"collection":[{"href":"https:\/\/mesaymantel.digital\/index.php\/wp-json\/wp\/v2\/pages"}],"about":[{"href":"https:\/\/mesaymantel.digital\/index.php\/wp-json\/wp\/v2\/types\/page"}],"author":[{"embeddable":true,"href":"https:\/\/mesaymantel.digital\/index.php\/wp-json\/wp\/v2\/users\/1"}],"replies":[{"embeddable":true,"href":"https:\/\/mesaymantel.digital\/index.php\/wp-json\/wp\/v2\/comments?post=855"}],"version-history":[{"count":10,"href":"https:\/\/mesaymantel.digital\/index.php\/wp-json\/wp\/v2\/pages\/855\/revisions"}],"predecessor-version":[{"id":1840,"href":"https:\/\/mesaymantel.digital\/index.php\/wp-json\/wp\/v2\/pages\/855\/revisions\/1840"}],"wp:attachment":[{"href":"https:\/\/mesaymantel.digital\/index.php\/wp-json\/wp\/v2\/media?parent=855"}],"curies":[{"name":"wp","href":"https:\/\/api.w.org\/{rel}","templated":true}]}}