{"id":857,"date":"2022-02-16T11:03:04","date_gmt":"2022-02-16T11:03:04","guid":{"rendered":"http:\/\/mesaymantel.digital\/?page_id=857"},"modified":"2022-02-21T12:40:05","modified_gmt":"2022-02-21T12:40:05","slug":"itero-de-la-vega","status":"publish","type":"page","link":"https:\/\/mesaymantel.digital\/index.php\/itero-de-la-vega\/","title":{"rendered":"Itero de la Vega"},"content":{"rendered":"\n<hr class=\"wp-block-separator\"\/>\n\n\n\n<figure class=\"wp-block-image size-large\"><img loading=\"lazy\" width=\"1024\" height=\"120\" src=\"http:\/\/mesaymantel.digital\/wp-content\/uploads\/2022\/02\/2-1024x120.png\" alt=\"\" class=\"wp-image-1466\" srcset=\"https:\/\/mesaymantel.digital\/wp-content\/uploads\/2022\/02\/2-1024x120.png 1024w, https:\/\/mesaymantel.digital\/wp-content\/uploads\/2022\/02\/2-300x35.png 300w, https:\/\/mesaymantel.digital\/wp-content\/uploads\/2022\/02\/2-768x90.png 768w, https:\/\/mesaymantel.digital\/wp-content\/uploads\/2022\/02\/2-1536x179.png 1536w, https:\/\/mesaymantel.digital\/wp-content\/uploads\/2022\/02\/2-2048x239.png 2048w, https:\/\/mesaymantel.digital\/wp-content\/uploads\/2022\/02\/2-389x45.png 389w\" sizes=\"(max-width: 1024px) 100vw, 1024px\" \/><\/figure>\n\n\n\n<hr class=\"wp-block-separator\"\/>\n\n\n\n<figure class=\"wp-block-image size-full is-resized\"><img loading=\"lazy\" src=\"http:\/\/mesaymantel.digital\/wp-content\/uploads\/2022\/02\/puente-de-fuentefitero.jpg\" alt=\"\" class=\"wp-image-1325\" width=\"1244\" height=\"608\" srcset=\"https:\/\/mesaymantel.digital\/wp-content\/uploads\/2022\/02\/puente-de-fuentefitero.jpg 996w, https:\/\/mesaymantel.digital\/wp-content\/uploads\/2022\/02\/puente-de-fuentefitero-300x146.jpg 300w, https:\/\/mesaymantel.digital\/wp-content\/uploads\/2022\/02\/puente-de-fuentefitero-768x375.jpg 768w, https:\/\/mesaymantel.digital\/wp-content\/uploads\/2022\/02\/puente-de-fuentefitero-389x190.jpg 389w\" sizes=\"(max-width: 1244px) 100vw, 1244px\" \/><figcaption>Itero de la Vega<\/figcaption><\/figure>\n\n\n\n<hr class=\"wp-block-separator\"\/>\n\n\n\n<div class=\"wp-block-media-text alignwide is-stacked-on-mobile\"><figure class=\"wp-block-media-text__media\"><a href=\"https:\/\/clickturismo.es\/hostalpuentefitero\/\"><img loading=\"lazy\" width=\"1024\" height=\"498\" src=\"http:\/\/mesaymantel.digital\/wp-content\/uploads\/2022\/02\/20190404_131828-1024x498.jpg\" alt=\"\" class=\"wp-image-1057 size-full\" srcset=\"https:\/\/mesaymantel.digital\/wp-content\/uploads\/2022\/02\/20190404_131828-1024x498.jpg 1024w, https:\/\/mesaymantel.digital\/wp-content\/uploads\/2022\/02\/20190404_131828-300x146.jpg 300w, https:\/\/mesaymantel.digital\/wp-content\/uploads\/2022\/02\/20190404_131828-768x373.jpg 768w, https:\/\/mesaymantel.digital\/wp-content\/uploads\/2022\/02\/20190404_131828-1536x747.jpg 1536w, https:\/\/mesaymantel.digital\/wp-content\/uploads\/2022\/02\/20190404_131828-2048x996.jpg 2048w, https:\/\/mesaymantel.digital\/wp-content\/uploads\/2022\/02\/20190404_131828-389x189.jpg 389w\" sizes=\"(max-width: 1024px) 100vw, 1024px\" \/><\/a><\/figure><div class=\"wp-block-media-text__content\">\n<p class=\"has-large-font-size\">Hostal Puente Fitero<\/p>\n\n\n\n<blockquote class=\"wp-block-quote\"><p><strong>El albergue de peregrinos Puente Fitero de Itero de la Vega es un albergue privado para peregrinos del Camino de Santiago, y tambi\u00e9n albergue tur\u00edstico, situado en el Camino de Santiago a su paso por la localidad de Itero de la Vega, la primera poblaci\u00f3n del Camino en la provincia de Palencia.<\/strong><\/p><p><strong>Situado a la entrada del pueblo, el albergue Puente Fitero est\u00e1 ubicado en unas dependencias del Hostal Puente Fitero, por lo que cuenta con bar y restaurante con men\u00fa.<\/strong><\/p><p><strong>Cuenta con una peque\u00f1a tienda con productos de primera necesidad y con Wifi gratuita<\/strong>.<\/p><\/blockquote>\n\n\n\n<p><a href=\"https:\/\/clickturismo.es\/hostalpuentefitero\/\" target=\"_blank\" rel=\"noreferrer noopener\">https:\/\/clickturismo.es\/hostalpuentefitero\/<\/a><\/p>\n\n\n\n<div class=\"wp-container-1 wp-block-buttons\">\n<div class=\"wp-block-button\"><a class=\"wp-block-button__link\" href=\"https:\/\/www.google.com\/maps\/place\/Puente+Fitero\/@42.2780799,-4.2460824,15z\/data=!4m2!3m1!1s0x0:0x30c1f7cd73d5027c?sa=X&amp;ved=2ahUKEwjuis2Yiob2AhXPyIUKHeljDmUQ_BJ6BAgtEAU\" target=\"_blank\" rel=\"noreferrer noopener\">C\u00f3mo llegar<\/a><\/div>\n<\/div>\n<\/div><\/div>\n\n\n\n<hr class=\"wp-block-separator\"\/>\n\n\n\n<hr class=\"wp-block-separator\"\/>\n\n\n\n<div class=\"wp-block-media-text alignwide is-stacked-on-mobile\"><figure class=\"wp-block-media-text__media\"><a href=\"https:\/\/clickturismo.es\/palencia\/iterodelavega\/\"><img loading=\"lazy\" width=\"1024\" height=\"291\" src=\"http:\/\/mesaymantel.digital\/wp-content\/uploads\/2022\/02\/turismo-palencia-fondo-blanco-1-1024x291.png\" alt=\"\" class=\"wp-image-615 size-full\" srcset=\"https:\/\/mesaymantel.digital\/wp-content\/uploads\/2022\/02\/turismo-palencia-fondo-blanco-1-1024x291.png 1024w, https:\/\/mesaymantel.digital\/wp-content\/uploads\/2022\/02\/turismo-palencia-fondo-blanco-1-300x85.png 300w, https:\/\/mesaymantel.digital\/wp-content\/uploads\/2022\/02\/turismo-palencia-fondo-blanco-1-768x218.png 768w, https:\/\/mesaymantel.digital\/wp-content\/uploads\/2022\/02\/turismo-palencia-fondo-blanco-1-1536x437.png 1536w, https:\/\/mesaymantel.digital\/wp-content\/uploads\/2022\/02\/turismo-palencia-fondo-blanco-1-389x111.png 389w, https:\/\/mesaymantel.digital\/wp-content\/uploads\/2022\/02\/turismo-palencia-fondo-blanco-1.png 1923w\" sizes=\"(max-width: 1024px) 100vw, 1024px\" \/><\/a><\/figure><div class=\"wp-block-media-text__content\">\n<p class=\"has-large-font-size\">Toda la informaci\u00f3n tur\u00edstica de Itero de la Vega en un click.<\/p>\n\n\n\n<p><a href=\"https:\/\/clickturismo.es\/palencia\/iterodelavega\/\" target=\"_blank\" rel=\"noreferrer noopener\">https:\/\/clickturismo.es\/palencia\/iterodelavega\/<\/a><\/p>\n<\/div><\/div>\n\n\n\n<hr class=\"wp-block-separator\"\/>\n\n\n\n<hr class=\"wp-block-separator\"\/>\n","protected":false},"excerpt":{"rendered":"<p>Toda la informaci\u00f3n tur\u00edstica de Itero de la Vega en un click. https:\/\/clickturismo.es\/palencia\/iterodelavega\/<\/p>\n","protected":false},"author":1,"featured_media":0,"parent":0,"menu_order":0,"comment_status":"closed","ping_status":"closed","template":"","meta":{"_monsterinsights_skip_tracking":false,"_monsterinsights_sitenote_active":false,"_monsterinsights_sitenote_note":"","_monsterinsights_sitenote_category":0},"_links":{"self":[{"href":"https:\/\/mesaymantel.digital\/index.php\/wp-json\/wp\/v2\/pages\/857"}],"collection":[{"href":"https:\/\/mesaymantel.digital\/index.php\/wp-json\/wp\/v2\/pages"}],"about":[{"href":"https:\/\/mesaymantel.digital\/index.php\/wp-json\/wp\/v2\/types\/page"}],"author":[{"embeddable":true,"href":"https:\/\/mesaymantel.digital\/index.php\/wp-json\/wp\/v2\/users\/1"}],"replies":[{"embeddable":true,"href":"https:\/\/mesaymantel.digital\/index.php\/wp-json\/wp\/v2\/comments?post=857"}],"version-history":[{"count":6,"href":"https:\/\/mesaymantel.digital\/index.php\/wp-json\/wp\/v2\/pages\/857\/revisions"}],"predecessor-version":[{"id":1510,"href":"https:\/\/mesaymantel.digital\/index.php\/wp-json\/wp\/v2\/pages\/857\/revisions\/1510"}],"wp:attachment":[{"href":"https:\/\/mesaymantel.digital\/index.php\/wp-json\/wp\/v2\/media?parent=857"}],"curies":[{"name":"wp","href":"https:\/\/api.w.org\/{rel}","templated":true}]}}