{"id":862,"date":"2022-02-16T11:03:04","date_gmt":"2022-02-16T11:03:04","guid":{"rendered":"http:\/\/mesaymantel.digital\/?page_id=862"},"modified":"2022-02-21T12:42:02","modified_gmt":"2022-02-21T12:42:02","slug":"quintana-del-puente","status":"publish","type":"page","link":"https:\/\/mesaymantel.digital\/index.php\/quintana-del-puente\/","title":{"rendered":"Quintana del Puente"},"content":{"rendered":"\n<hr class=\"wp-block-separator\"\/>\n\n\n\n<figure class=\"wp-block-image size-large\"><img loading=\"lazy\" width=\"1024\" height=\"120\" src=\"http:\/\/mesaymantel.digital\/wp-content\/uploads\/2022\/02\/2-1024x120.png\" alt=\"\" class=\"wp-image-1466\" srcset=\"https:\/\/mesaymantel.digital\/wp-content\/uploads\/2022\/02\/2-1024x120.png 1024w, https:\/\/mesaymantel.digital\/wp-content\/uploads\/2022\/02\/2-300x35.png 300w, https:\/\/mesaymantel.digital\/wp-content\/uploads\/2022\/02\/2-768x90.png 768w, https:\/\/mesaymantel.digital\/wp-content\/uploads\/2022\/02\/2-1536x179.png 1536w, https:\/\/mesaymantel.digital\/wp-content\/uploads\/2022\/02\/2-2048x239.png 2048w, https:\/\/mesaymantel.digital\/wp-content\/uploads\/2022\/02\/2-389x45.png 389w\" sizes=\"(max-width: 1024px) 100vw, 1024px\" \/><\/figure>\n\n\n\n<hr class=\"wp-block-separator\"\/>\n\n\n\n<figure class=\"wp-block-image size-full is-resized\"><img loading=\"lazy\" src=\"http:\/\/mesaymantel.digital\/wp-content\/uploads\/2022\/02\/f3h7404g1.jpg\" alt=\"\" class=\"wp-image-1340\" width=\"1244\" height=\"631\" srcset=\"https:\/\/mesaymantel.digital\/wp-content\/uploads\/2022\/02\/f3h7404g1.jpg 449w, https:\/\/mesaymantel.digital\/wp-content\/uploads\/2022\/02\/f3h7404g1-300x152.jpg 300w, https:\/\/mesaymantel.digital\/wp-content\/uploads\/2022\/02\/f3h7404g1-389x198.jpg 389w\" sizes=\"(max-width: 1244px) 100vw, 1244px\" \/><figcaption>Quintana del Puente<\/figcaption><\/figure>\n\n\n\n<hr class=\"wp-block-separator\"\/>\n\n\n\n<div class=\"wp-block-media-text alignwide is-stacked-on-mobile\"><figure class=\"wp-block-media-text__media\"><a href=\"https:\/\/clickturismo.es\/elpico\/\"><img loading=\"lazy\" width=\"872\" height=\"350\" src=\"http:\/\/mesaymantel.digital\/wp-content\/uploads\/2022\/02\/2018-01-16-3.png\" alt=\"\" class=\"wp-image-1121 size-full\" srcset=\"https:\/\/mesaymantel.digital\/wp-content\/uploads\/2022\/02\/2018-01-16-3.png 872w, https:\/\/mesaymantel.digital\/wp-content\/uploads\/2022\/02\/2018-01-16-3-300x120.png 300w, https:\/\/mesaymantel.digital\/wp-content\/uploads\/2022\/02\/2018-01-16-3-768x308.png 768w, https:\/\/mesaymantel.digital\/wp-content\/uploads\/2022\/02\/2018-01-16-3-389x156.png 389w\" sizes=\"(max-width: 872px) 100vw, 872px\" \/><\/a><\/figure><div class=\"wp-block-media-text__content\">\n<p class=\"has-large-font-size\">Bar Restaurante EL PICO<\/p>\n\n\n\n<p><a href=\"https:\/\/clickturismo.es\/elpico\/\" target=\"_blank\" rel=\"noreferrer noopener\">https:\/\/clickturismo.es\/elpico\/<\/a><\/p>\n\n\n\n<div class=\"wp-container-1 wp-block-buttons\">\n<div class=\"wp-block-button\"><a class=\"wp-block-button__link\" href=\"https:\/\/www.google.com\/maps\/dir\/\/C.+la+Alegria,+1+34250+Quintana+del+Puente+Palencia\/@42.0843632,-4.208236,17z\/data=!4m5!4m4!1m0!1m2!1m1!1s0xd4646741bcf8a0f:0xaaf1628bf1eadbd5\" target=\"_blank\" rel=\"noreferrer noopener\">C\u00f3mo llegar<\/a><\/div>\n<\/div>\n<\/div><\/div>\n\n\n\n<hr class=\"wp-block-separator\"\/>\n\n\n\n<div class=\"wp-block-media-text alignwide is-stacked-on-mobile\"><figure class=\"wp-block-media-text__media\"><a href=\"https:\/\/www.booking.com\/hotel\/es\/area-suco.es.html\"><img loading=\"lazy\" width=\"400\" height=\"400\" src=\"http:\/\/mesaymantel.digital\/wp-content\/uploads\/2022\/02\/area-suco-fachada.jpg\" alt=\"\" class=\"wp-image-1123 size-full\" srcset=\"https:\/\/mesaymantel.digital\/wp-content\/uploads\/2022\/02\/area-suco-fachada.jpg 400w, https:\/\/mesaymantel.digital\/wp-content\/uploads\/2022\/02\/area-suco-fachada-300x300.jpg 300w, https:\/\/mesaymantel.digital\/wp-content\/uploads\/2022\/02\/area-suco-fachada-150x150.jpg 150w\" sizes=\"(max-width: 400px) 100vw, 400px\" \/><\/a><\/figure><div class=\"wp-block-media-text__content\">\n<blockquote class=\"wp-block-quote\"><p><strong>El Hotel \u00c1rea Suco est\u00e1 ubicado en el \u00e1rea de servicio m\u00e1s grande de Europa, junto a la autopista E-80. Ofrece cafeter\u00eda abierta las 24 horas y WiFi gratuita en todas las zonas.<\/strong><\/p><p><strong>Las habitaciones del \u00c1rea Suco presentan una decoraci\u00f3n sencilla. Incluyen suelo de parquet, muebles de madera, TV de pantalla plana, ba\u00f1o privado con ba\u00f1era, armario y escritorio.<\/strong><\/p><p><strong>El \u00e1rea de servicio alberga una gasolinera grande, tiendas y un aparcamiento. El establecimiento est\u00e1 a 32 km del centro de Palencia y a 40 minutos en coche de Burgos.<\/strong><\/p><\/blockquote>\n\n\n\n<p><a href=\"https:\/\/www.booking.com\/hotel\/es\/area-suco.es.html\" target=\"_blank\" rel=\"noreferrer noopener\">https:\/\/www.booking.com\/hotel\/es\/area-suco.es.html<\/a><\/p>\n\n\n\n<div class=\"wp-container-2 wp-block-buttons\">\n<div class=\"wp-block-button\"><a class=\"wp-block-button__link\" href=\"https:\/\/www.google.es\/maps\/place\/Hotel+%C3%81rea+Suco\/@42.07772,-4.2097111,15z\/data=!4m2!3m1!1s0x0:0x50d53a9814451272?sa=X&amp;ved=2ahUKEwjDsKryuIveAhWkJsAKHcy9CYEQ_BIwDXoECAoQCw\" target=\"_blank\" rel=\"noreferrer noopener\">C\u00f3mo llegar<\/a><\/div>\n<\/div>\n<\/div><\/div>\n\n\n\n<hr class=\"wp-block-separator\"\/>\n\n\n\n<hr class=\"wp-block-separator\"\/>\n\n\n\n<div class=\"wp-block-media-text alignwide is-stacked-on-mobile\"><figure class=\"wp-block-media-text__media\"><a href=\"https:\/\/clickturismo.es\/quintanadelpuente\/\"><img loading=\"lazy\" width=\"1024\" height=\"291\" src=\"http:\/\/mesaymantel.digital\/wp-content\/uploads\/2022\/02\/turismo-palencia-fondo-blanco-1-1024x291.png\" alt=\"\" class=\"wp-image-615 size-full\" srcset=\"https:\/\/mesaymantel.digital\/wp-content\/uploads\/2022\/02\/turismo-palencia-fondo-blanco-1-1024x291.png 1024w, https:\/\/mesaymantel.digital\/wp-content\/uploads\/2022\/02\/turismo-palencia-fondo-blanco-1-300x85.png 300w, https:\/\/mesaymantel.digital\/wp-content\/uploads\/2022\/02\/turismo-palencia-fondo-blanco-1-768x218.png 768w, https:\/\/mesaymantel.digital\/wp-content\/uploads\/2022\/02\/turismo-palencia-fondo-blanco-1-1536x437.png 1536w, https:\/\/mesaymantel.digital\/wp-content\/uploads\/2022\/02\/turismo-palencia-fondo-blanco-1-389x111.png 389w, https:\/\/mesaymantel.digital\/wp-content\/uploads\/2022\/02\/turismo-palencia-fondo-blanco-1.png 1923w\" sizes=\"(max-width: 1024px) 100vw, 1024px\" \/><\/a><\/figure><div class=\"wp-block-media-text__content\">\n<p class=\"has-large-font-size\">Toda la informaci\u00f3n tur\u00edstica de Quintana del Puente en un click.<\/p>\n\n\n\n<p><a href=\"https:\/\/clickturismo.es\/quintanadelpuente\/\">https:\/\/clickturismo.es\/quintanadelpuente\/<\/a><\/p>\n<\/div><\/div>\n\n\n\n<hr class=\"wp-block-separator\"\/>\n\n\n\n<hr class=\"wp-block-separator\"\/>\n","protected":false},"excerpt":{"rendered":"<p>Toda la informaci\u00f3n tur\u00edstica de Quintana del Puente en un click. https:\/\/clickturismo.es\/quintanadelpuente\/<\/p>\n","protected":false},"author":1,"featured_media":0,"parent":0,"menu_order":0,"comment_status":"closed","ping_status":"closed","template":"","meta":{"_monsterinsights_skip_tracking":false,"_monsterinsights_sitenote_active":false,"_monsterinsights_sitenote_note":"","_monsterinsights_sitenote_category":0},"_links":{"self":[{"href":"https:\/\/mesaymantel.digital\/index.php\/wp-json\/wp\/v2\/pages\/862"}],"collection":[{"href":"https:\/\/mesaymantel.digital\/index.php\/wp-json\/wp\/v2\/pages"}],"about":[{"href":"https:\/\/mesaymantel.digital\/index.php\/wp-json\/wp\/v2\/types\/page"}],"author":[{"embeddable":true,"href":"https:\/\/mesaymantel.digital\/index.php\/wp-json\/wp\/v2\/users\/1"}],"replies":[{"embeddable":true,"href":"https:\/\/mesaymantel.digital\/index.php\/wp-json\/wp\/v2\/comments?post=862"}],"version-history":[{"count":4,"href":"https:\/\/mesaymantel.digital\/index.php\/wp-json\/wp\/v2\/pages\/862\/revisions"}],"predecessor-version":[{"id":1515,"href":"https:\/\/mesaymantel.digital\/index.php\/wp-json\/wp\/v2\/pages\/862\/revisions\/1515"}],"wp:attachment":[{"href":"https:\/\/mesaymantel.digital\/index.php\/wp-json\/wp\/v2\/media?parent=862"}],"curies":[{"name":"wp","href":"https:\/\/api.w.org\/{rel}","templated":true}]}}