{"id":866,"date":"2022-02-16T11:03:04","date_gmt":"2022-02-16T11:03:04","guid":{"rendered":"http:\/\/mesaymantel.digital\/?page_id=866"},"modified":"2022-02-21T12:44:03","modified_gmt":"2022-02-21T12:44:03","slug":"santa-maria-de-redondo","status":"publish","type":"page","link":"https:\/\/mesaymantel.digital\/index.php\/santa-maria-de-redondo\/","title":{"rendered":"Santa Mar\u00eda de Redondo"},"content":{"rendered":"\n<hr class=\"wp-block-separator\"\/>\n\n\n\n<figure class=\"wp-block-image size-large\"><img loading=\"lazy\" width=\"1024\" height=\"120\" src=\"http:\/\/mesaymantel.digital\/wp-content\/uploads\/2022\/02\/2-1024x120.png\" alt=\"\" class=\"wp-image-1466\" srcset=\"https:\/\/mesaymantel.digital\/wp-content\/uploads\/2022\/02\/2-1024x120.png 1024w, https:\/\/mesaymantel.digital\/wp-content\/uploads\/2022\/02\/2-300x35.png 300w, https:\/\/mesaymantel.digital\/wp-content\/uploads\/2022\/02\/2-768x90.png 768w, https:\/\/mesaymantel.digital\/wp-content\/uploads\/2022\/02\/2-1536x179.png 1536w, https:\/\/mesaymantel.digital\/wp-content\/uploads\/2022\/02\/2-2048x239.png 2048w, https:\/\/mesaymantel.digital\/wp-content\/uploads\/2022\/02\/2-389x45.png 389w\" sizes=\"(max-width: 1024px) 100vw, 1024px\" \/><\/figure>\n\n\n\n<hr class=\"wp-block-separator\"\/>\n\n\n\n<figure class=\"wp-block-image size-full is-resized\"><img loading=\"lazy\" src=\"http:\/\/mesaymantel.digital\/wp-content\/uploads\/2022\/02\/Captura-de-pantalla-735-1.png\" alt=\"\" class=\"wp-image-1355\" width=\"1239\" height=\"565\" srcset=\"https:\/\/mesaymantel.digital\/wp-content\/uploads\/2022\/02\/Captura-de-pantalla-735-1.png 905w, https:\/\/mesaymantel.digital\/wp-content\/uploads\/2022\/02\/Captura-de-pantalla-735-1-300x137.png 300w, https:\/\/mesaymantel.digital\/wp-content\/uploads\/2022\/02\/Captura-de-pantalla-735-1-768x350.png 768w, https:\/\/mesaymantel.digital\/wp-content\/uploads\/2022\/02\/Captura-de-pantalla-735-1-389x178.png 389w\" sizes=\"(max-width: 1239px) 100vw, 1239px\" \/><figcaption>Santa Mar\u00eda de Redondo<\/figcaption><\/figure>\n\n\n\n<hr class=\"wp-block-separator\"\/>\n\n\n\n<div class=\"wp-block-media-text alignwide is-stacked-on-mobile\"><figure class=\"wp-block-media-text__media\"><img loading=\"lazy\" width=\"945\" height=\"709\" src=\"http:\/\/mesaymantel.digital\/wp-content\/uploads\/2022\/02\/44458580_640152449719577_5852619662151385088_n.jpg\" alt=\"\" class=\"wp-image-1110 size-full\" srcset=\"https:\/\/mesaymantel.digital\/wp-content\/uploads\/2022\/02\/44458580_640152449719577_5852619662151385088_n.jpg 945w, https:\/\/mesaymantel.digital\/wp-content\/uploads\/2022\/02\/44458580_640152449719577_5852619662151385088_n-300x225.jpg 300w, https:\/\/mesaymantel.digital\/wp-content\/uploads\/2022\/02\/44458580_640152449719577_5852619662151385088_n-768x576.jpg 768w, https:\/\/mesaymantel.digital\/wp-content\/uploads\/2022\/02\/44458580_640152449719577_5852619662151385088_n-389x292.jpg 389w\" sizes=\"(max-width: 945px) 100vw, 945px\" \/><\/figure><div class=\"wp-block-media-text__content\">\n<p class=\"has-large-font-size\">Hotel restaurante ecol\u00f3gico<\/p>\n\n\n\n<blockquote class=\"wp-block-quote\"><p><strong><strong>Empresa que ha recuperado casa familiar de labradores y ganaderos con huerto, terraza, hornera ,pajar y cuadras con criterios de bioconstrucci\u00f3n en un id\u00edlico paraje<\/strong><em>.<\/em><\/strong><\/p><\/blockquote>\n\n\n\n<figure class=\"wp-block-embed is-type-wp-embed is-provider-las-encinas-hotel wp-block-embed-las-encinas-hotel\"><div class=\"wp-block-embed__wrapper\">\n<blockquote class=\"wp-embedded-content\" data-secret=\"ftwlzLzEk0\"><a href=\"https:\/\/lasencinashotel.es\/\">Inicio<\/a><\/blockquote><iframe class=\"wp-embedded-content\" sandbox=\"allow-scripts\" security=\"restricted\" style=\"position: absolute; clip: rect(1px, 1px, 1px, 1px);\" title=\"\u00abInicio\u00bb \u2014 Las Encinas Hotel\" src=\"https:\/\/lasencinashotel.es\/embed\/#?secret=ftwlzLzEk0\" data-secret=\"ftwlzLzEk0\" width=\"600\" height=\"338\" frameborder=\"0\" marginwidth=\"0\" marginheight=\"0\" scrolling=\"no\"><\/iframe>\n<\/div><figcaption>https:\/\/lasencinashotel.es\/<\/figcaption><\/figure>\n\n\n\n<div class=\"wp-container-1 wp-block-buttons\">\n<div class=\"wp-block-button\"><a class=\"wp-block-button__link\" href=\"https:\/\/www.google.com\/maps\/place\/Hotel+Rural+Las+Encinas\/@42.9904917,-4.4372338,15z\/data=!4m2!3m1!1s0x0:0x9e1558ec328c36d7?sa=X&amp;ved=2ahUKEwipyeyTjob2AhXtiv0HHa5GCeQQ_BJ6BAgcEAU\" target=\"_blank\" rel=\"noreferrer noopener\">C\u00f3mo llegar<\/a><\/div>\n<\/div>\n<\/div><\/div>\n\n\n\n<hr class=\"wp-block-separator\"\/>\n\n\n\n<hr class=\"wp-block-separator\"\/>\n\n\n\n<div class=\"wp-block-media-text alignwide is-stacked-on-mobile\"><figure class=\"wp-block-media-text__media\"><a href=\"https:\/\/clickturismo.es\/santamariaderedondo\/\"><img loading=\"lazy\" width=\"1024\" height=\"291\" src=\"http:\/\/mesaymantel.digital\/wp-content\/uploads\/2022\/02\/turismo-palencia-fondo-blanco-1-1024x291.png\" alt=\"\" class=\"wp-image-615 size-full\" srcset=\"https:\/\/mesaymantel.digital\/wp-content\/uploads\/2022\/02\/turismo-palencia-fondo-blanco-1-1024x291.png 1024w, https:\/\/mesaymantel.digital\/wp-content\/uploads\/2022\/02\/turismo-palencia-fondo-blanco-1-300x85.png 300w, https:\/\/mesaymantel.digital\/wp-content\/uploads\/2022\/02\/turismo-palencia-fondo-blanco-1-768x218.png 768w, https:\/\/mesaymantel.digital\/wp-content\/uploads\/2022\/02\/turismo-palencia-fondo-blanco-1-1536x437.png 1536w, https:\/\/mesaymantel.digital\/wp-content\/uploads\/2022\/02\/turismo-palencia-fondo-blanco-1-389x111.png 389w, https:\/\/mesaymantel.digital\/wp-content\/uploads\/2022\/02\/turismo-palencia-fondo-blanco-1.png 1923w\" sizes=\"(max-width: 1024px) 100vw, 1024px\" \/><\/a><\/figure><div class=\"wp-block-media-text__content\">\n<p class=\"has-large-font-size\">Toda la informaci\u00f3n tur\u00edstica de Santa Mar\u00eda de Redondo en un click.<\/p>\n\n\n\n<p><a href=\"https:\/\/clickturismo.es\/santamariaderedondo\/\" target=\"_blank\" rel=\"noreferrer noopener\">https:\/\/clickturismo.es\/santamariaderedondo\/<\/a><\/p>\n<\/div><\/div>\n\n\n\n<hr class=\"wp-block-separator\"\/>\n\n\n\n<hr class=\"wp-block-separator\"\/>\n","protected":false},"excerpt":{"rendered":"<p>Toda la informaci\u00f3n tur\u00edstica de Santa Mar\u00eda de Redondo en un click. https:\/\/clickturismo.es\/santamariaderedondo\/<\/p>\n","protected":false},"author":1,"featured_media":0,"parent":0,"menu_order":0,"comment_status":"closed","ping_status":"closed","template":"","meta":{"_monsterinsights_skip_tracking":false,"_monsterinsights_sitenote_active":false,"_monsterinsights_sitenote_note":"","_monsterinsights_sitenote_category":0},"_links":{"self":[{"href":"https:\/\/mesaymantel.digital\/index.php\/wp-json\/wp\/v2\/pages\/866"}],"collection":[{"href":"https:\/\/mesaymantel.digital\/index.php\/wp-json\/wp\/v2\/pages"}],"about":[{"href":"https:\/\/mesaymantel.digital\/index.php\/wp-json\/wp\/v2\/types\/page"}],"author":[{"embeddable":true,"href":"https:\/\/mesaymantel.digital\/index.php\/wp-json\/wp\/v2\/users\/1"}],"replies":[{"embeddable":true,"href":"https:\/\/mesaymantel.digital\/index.php\/wp-json\/wp\/v2\/comments?post=866"}],"version-history":[{"count":4,"href":"https:\/\/mesaymantel.digital\/index.php\/wp-json\/wp\/v2\/pages\/866\/revisions"}],"predecessor-version":[{"id":1520,"href":"https:\/\/mesaymantel.digital\/index.php\/wp-json\/wp\/v2\/pages\/866\/revisions\/1520"}],"wp:attachment":[{"href":"https:\/\/mesaymantel.digital\/index.php\/wp-json\/wp\/v2\/media?parent=866"}],"curies":[{"name":"wp","href":"https:\/\/api.w.org\/{rel}","templated":true}]}}