{"id":868,"date":"2022-02-16T11:03:04","date_gmt":"2022-02-16T11:03:04","guid":{"rendered":"http:\/\/mesaymantel.digital\/?page_id=868"},"modified":"2022-02-21T12:43:35","modified_gmt":"2022-02-21T12:43:35","slug":"san-salvador-de-cantamuda","status":"publish","type":"page","link":"https:\/\/mesaymantel.digital\/index.php\/san-salvador-de-cantamuda\/","title":{"rendered":"San Salvador de Cantamuda"},"content":{"rendered":"\n<hr class=\"wp-block-separator\"\/>\n\n\n\n<figure class=\"wp-block-image size-large\"><img loading=\"lazy\" width=\"1024\" height=\"120\" src=\"http:\/\/mesaymantel.digital\/wp-content\/uploads\/2022\/02\/2-1024x120.png\" alt=\"\" class=\"wp-image-1466\" srcset=\"https:\/\/mesaymantel.digital\/wp-content\/uploads\/2022\/02\/2-1024x120.png 1024w, https:\/\/mesaymantel.digital\/wp-content\/uploads\/2022\/02\/2-300x35.png 300w, https:\/\/mesaymantel.digital\/wp-content\/uploads\/2022\/02\/2-768x90.png 768w, https:\/\/mesaymantel.digital\/wp-content\/uploads\/2022\/02\/2-1536x179.png 1536w, https:\/\/mesaymantel.digital\/wp-content\/uploads\/2022\/02\/2-2048x239.png 2048w, https:\/\/mesaymantel.digital\/wp-content\/uploads\/2022\/02\/2-389x45.png 389w\" sizes=\"(max-width: 1024px) 100vw, 1024px\" \/><\/figure>\n\n\n\n<hr class=\"wp-block-separator\"\/>\n\n\n\n<figure class=\"wp-block-image size-full is-resized\"><img loading=\"lazy\" src=\"http:\/\/mesaymantel.digital\/wp-content\/uploads\/2022\/02\/Cantamuda-G06.jpg\" alt=\"\" class=\"wp-image-1353\" width=\"1239\" height=\"878\" srcset=\"https:\/\/mesaymantel.digital\/wp-content\/uploads\/2022\/02\/Cantamuda-G06.jpg 797w, https:\/\/mesaymantel.digital\/wp-content\/uploads\/2022\/02\/Cantamuda-G06-300x213.jpg 300w, https:\/\/mesaymantel.digital\/wp-content\/uploads\/2022\/02\/Cantamuda-G06-768x544.jpg 768w, https:\/\/mesaymantel.digital\/wp-content\/uploads\/2022\/02\/Cantamuda-G06-389x276.jpg 389w\" sizes=\"(max-width: 1239px) 100vw, 1239px\" \/><figcaption>San Salvador de Cantamuda<\/figcaption><\/figure>\n\n\n\n<hr class=\"wp-block-separator\"\/>\n\n\n\n<div class=\"wp-block-media-text alignwide is-stacked-on-mobile\"><figure class=\"wp-block-media-text__media\"><a href=\"https:\/\/clickturismo.es\/barelpisuerga\/\"><img loading=\"lazy\" width=\"502\" height=\"540\" src=\"http:\/\/mesaymantel.digital\/wp-content\/uploads\/2022\/02\/Imagen2-11.png\" alt=\"\" class=\"wp-image-1061 size-full\" srcset=\"https:\/\/mesaymantel.digital\/wp-content\/uploads\/2022\/02\/Imagen2-11.png 502w, https:\/\/mesaymantel.digital\/wp-content\/uploads\/2022\/02\/Imagen2-11-279x300.png 279w\" sizes=\"(max-width: 502px) 100vw, 502px\" \/><\/a><\/figure><div class=\"wp-block-media-text__content\">\n<blockquote class=\"wp-block-quote\"><p><strong>Bar EL PISUERGA<\/strong><\/p><p><strong>Un Bar con sabor, con el sabor del tiempo\u2026<\/strong><\/p><\/blockquote>\n\n\n\n<p><a href=\"https:\/\/clickturismo.es\/barelpisuerga\/\">https:\/\/clickturismo.es\/barelpisuerga\/<\/a><\/p>\n\n\n\n<div class=\"wp-container-1 wp-block-buttons\">\n<div class=\"wp-block-button\"><a class=\"wp-block-button__link\" href=\"https:\/\/www.google.com\/maps\/dir\/\/Calle+Carr.+Sscm,+17+34847+San+Salvador+de+Cantamuda+Palencia\/@42.9679722,-4.4958917,17z\/data=!4m5!4m4!1m0!1m2!1m1!1s0xd4850df29aecbbd:0x9bd1ec8588c6d541\" target=\"_blank\" rel=\"noreferrer noopener\">C\u00f3mo llegar<\/a><\/div>\n<\/div>\n<\/div><\/div>\n\n\n\n<hr class=\"wp-block-separator\"\/>\n\n\n\n<div class=\"wp-block-media-text alignwide is-stacked-on-mobile\"><figure class=\"wp-block-media-text__media\"><a href=\"http:\/\/www.hostalrestaurantelataba.com\/\"><img loading=\"lazy\" width=\"357\" height=\"141\" src=\"http:\/\/mesaymantel.digital\/wp-content\/uploads\/2022\/02\/images-2.jpg\" alt=\"\" class=\"wp-image-1063 size-full\" srcset=\"https:\/\/mesaymantel.digital\/wp-content\/uploads\/2022\/02\/images-2.jpg 357w, https:\/\/mesaymantel.digital\/wp-content\/uploads\/2022\/02\/images-2-300x118.jpg 300w\" sizes=\"(max-width: 357px) 100vw, 357px\" \/><\/a><\/figure><div class=\"wp-block-media-text__content\">\n<blockquote class=\"wp-block-quote\"><p><strong>LA TABA.<\/strong><\/p><p><strong>Nada m\u00e1s entrar te sentir\u00e1s observado por el dios Eolo que preside, con sus cambios de tonalidades, la parte central del local.<\/strong><\/p><p><strong>A sus pies, se ubica el horno de le\u00f1a y la parrilla de brasa donde se elaboran los manjares con los que disfrutar\u00e1s del placer de la cocina elaborada con esmero.<\/strong><\/p><p><strong>Entre plato y plato, te animamos a que descubras el n\u00famero de \u201calbarcas\u201d que decoran sus paredes.<\/strong><\/p><p><strong>Algunos platos t\u00edpicos son: Garbanzos con cangrejos, garbanzos con callos, garbanzos con gambas, alubias de canela, alubia blanca con oreja, sopa castellana, menestra, rabo guisado, mures de ternera, churrasco, carnes asadas, etc.<\/strong><\/p><p><strong>Por encargo, tambi\u00e9n te ofrecemos lechazo asado, cochinillo asado, chuletillas de lechal y chulet\u00f3n de ternera, productos de primera calidad de la zona.<\/strong><\/p><p><strong>Tambi\u00e9n se organizan celebraciones de todo tipo, personales, familiares y profesionales. (Consultar men\u00fa y precio).<\/strong><\/p><\/blockquote>\n\n\n\n<p><a rel=\"noreferrer noopener\" href=\"http:\/\/www.hostalrestaurantelataba.com\/\" target=\"_blank\">http:\/\/www.hostalrestaurantelataba.com\/<\/a><\/p>\n\n\n\n<div class=\"wp-container-2 wp-block-buttons\">\n<div class=\"wp-block-button\"><a class=\"wp-block-button__link\" href=\"https:\/\/www.google.com\/maps\/place\/La+Taba+Hostal+Restaurante\/@42.9687846,-4.4949738,15z\/data=!4m2!3m1!1s0x0:0x56fdd666c2795f27?sa=X&amp;ved=2ahUKEwj-sNuWhob2AhUSyxoKHbxmB24Q_BJ6BAggEAU\" target=\"_blank\" rel=\"noreferrer noopener\">C\u00f3mo llegar<\/a><\/div>\n<\/div>\n<\/div><\/div>\n\n\n\n<hr class=\"wp-block-separator\"\/>\n\n\n\n<div class=\"wp-block-media-text alignwide is-stacked-on-mobile\"><figure class=\"wp-block-media-text__media\"><a href=\"https:\/\/clickturismo.es\/ventacampa\/\"><img loading=\"lazy\" width=\"1024\" height=\"521\" src=\"http:\/\/mesaymantel.digital\/wp-content\/uploads\/2022\/02\/Imagen22-1024x521.png\" alt=\"\" class=\"wp-image-1064 size-full\" srcset=\"https:\/\/mesaymantel.digital\/wp-content\/uploads\/2022\/02\/Imagen22-1024x521.png 1024w, https:\/\/mesaymantel.digital\/wp-content\/uploads\/2022\/02\/Imagen22-300x153.png 300w, https:\/\/mesaymantel.digital\/wp-content\/uploads\/2022\/02\/Imagen22-768x391.png 768w, https:\/\/mesaymantel.digital\/wp-content\/uploads\/2022\/02\/Imagen22-389x198.png 389w, https:\/\/mesaymantel.digital\/wp-content\/uploads\/2022\/02\/Imagen22.png 1491w\" sizes=\"(max-width: 1024px) 100vw, 1024px\" \/><\/a><\/figure><div class=\"wp-block-media-text__content\">\n<blockquote class=\"wp-block-quote\"><p><strong>De todos los rincones pueden contarse historias que con el paso de los a\u00f1os nos vienen a la mente, como n\u00e9ctar caprichoso que nos renueva el aire.<\/strong><\/p><p><strong>Aqu\u00ed, en esta parada, vivi\u00f3 Prudencio Gonz\u00e1lez, hermano de Pepe \u00abel de la F\u00e1brica\u00bb, al que apodaban \u00abCampa\u00bb\u2026<\/strong><\/p><p><strong>Venta Campa era el lugar de encuentro y pese a la proliferaci\u00f3n en los alrededores de restaurantes y tabernas, sigue respirando ese poso de tipismo que le hace \u00fanico.<\/strong><\/p><p><strong>M\u00e1s de cien a\u00f1os de historia te invitan conocer Venta Campa.<\/strong><\/p><\/blockquote>\n\n\n\n<p><a href=\"https:\/\/clickturismo.es\/ventacampa\/\" target=\"_blank\" rel=\"noreferrer noopener\">https:\/\/clickturismo.es\/ventacampa\/<\/a><\/p>\n\n\n\n<div class=\"wp-container-3 wp-block-buttons\">\n<div class=\"wp-block-button\"><a class=\"wp-block-button__link\" href=\"https:\/\/www.google.com\/maps\/place\/Venta+Campa\/@42.9694218,-4.4937007,15z\/data=!4m2!3m1!1s0x0:0x15bb83ee0441faf?sa=X&amp;ved=2ahUKEwjVycGJhob2AhUDExoKHc3NCGEQ_BJ6BAggEAU\" target=\"_blank\" rel=\"noreferrer noopener\">C\u00f3mo llegar<\/a><\/div>\n<\/div>\n<\/div><\/div>\n\n\n\n<hr class=\"wp-block-separator\"\/>\n\n\n\n<div class=\"wp-block-media-text alignwide is-stacked-on-mobile\"><figure class=\"wp-block-media-text__media\"><a href=\"https:\/\/www.hotelruralventamorena.es\/\"><img loading=\"lazy\" width=\"255\" height=\"99\" src=\"http:\/\/mesaymantel.digital\/wp-content\/uploads\/2022\/02\/Captura-de-pantalla-738.png\" alt=\"\" class=\"wp-image-1072 size-full\"\/><\/a><\/figure><div class=\"wp-block-media-text__content\">\n<p><strong>VENTA MORENA<\/strong><\/p>\n\n\n\n<blockquote class=\"wp-block-quote\"><p><strong>Ofrecemos comida casera como el puchero de alubias, estofado de ternera, salpicon de marisco con alubias blancas etc. y a destacar nuestro popular cocido y sopa castellana.<\/strong><\/p><p><strong>Todos los fines de semana tenemos cocido y men\u00fa degustaci\u00f3n compuesto por siete platos.<\/strong><\/p><\/blockquote>\n\n\n\n<p><a href=\"https:\/\/www.hotelruralventamorena.es\/\" target=\"_blank\" rel=\"noreferrer noopener\">https:\/\/www.hotelruralventamorena.es\/<\/a><\/p>\n\n\n\n<div class=\"wp-container-4 wp-block-buttons\">\n<div class=\"wp-block-button\"><a class=\"wp-block-button__link\" href=\"https:\/\/www.google.com\/maps\/place\/Venta+Morena\/@42.947476,-4.491118,15z\/data=!4m2!3m1!1s0x0:0x314bc595243cdfb8?sa=X&amp;ved=2ahUKEwjC8_D7hYb2AhXrz4UKHej1D4oQ_BJ6BAgoEAU\" target=\"_blank\" rel=\"noreferrer noopener\">C\u00f3mo llegar<\/a><\/div>\n<\/div>\n<\/div><\/div>\n\n\n\n<hr class=\"wp-block-separator\"\/>\n\n\n\n<hr class=\"wp-block-separator\"\/>\n\n\n\n<div class=\"wp-block-media-text alignwide is-stacked-on-mobile\"><figure class=\"wp-block-media-text__media\"><a href=\"https:\/\/clickturismo.es\/sansalvadordecantamuda\/\"><img loading=\"lazy\" width=\"1024\" height=\"291\" src=\"http:\/\/mesaymantel.digital\/wp-content\/uploads\/2022\/02\/turismo-palencia-fondo-blanco-1-1024x291.png\" alt=\"\" class=\"wp-image-615 size-full\" srcset=\"https:\/\/mesaymantel.digital\/wp-content\/uploads\/2022\/02\/turismo-palencia-fondo-blanco-1-1024x291.png 1024w, https:\/\/mesaymantel.digital\/wp-content\/uploads\/2022\/02\/turismo-palencia-fondo-blanco-1-300x85.png 300w, https:\/\/mesaymantel.digital\/wp-content\/uploads\/2022\/02\/turismo-palencia-fondo-blanco-1-768x218.png 768w, https:\/\/mesaymantel.digital\/wp-content\/uploads\/2022\/02\/turismo-palencia-fondo-blanco-1-1536x437.png 1536w, https:\/\/mesaymantel.digital\/wp-content\/uploads\/2022\/02\/turismo-palencia-fondo-blanco-1-389x111.png 389w, https:\/\/mesaymantel.digital\/wp-content\/uploads\/2022\/02\/turismo-palencia-fondo-blanco-1.png 1923w\" sizes=\"(max-width: 1024px) 100vw, 1024px\" \/><\/a><\/figure><div class=\"wp-block-media-text__content\">\n<p class=\"has-large-font-size\">Toda la informaci\u00f3n tur\u00edstica de San Salvador de Cantamuda en un click.<\/p>\n\n\n\n<p><a href=\"https:\/\/clickturismo.es\/sansalvadordecantamuda\/\" target=\"_blank\" rel=\"noreferrer noopener\">https:\/\/clickturismo.es\/sansalvadordecantamuda\/<\/a><\/p>\n<\/div><\/div>\n\n\n\n<hr class=\"wp-block-separator\"\/>\n\n\n\n<hr class=\"wp-block-separator\"\/>\n","protected":false},"excerpt":{"rendered":"<p>Toda la informaci\u00f3n tur\u00edstica de San Salvador de Cantamuda en un click. https:\/\/clickturismo.es\/sansalvadordecantamuda\/<\/p>\n","protected":false},"author":1,"featured_media":0,"parent":0,"menu_order":0,"comment_status":"closed","ping_status":"closed","template":"","meta":{"_monsterinsights_skip_tracking":false,"_monsterinsights_sitenote_active":false,"_monsterinsights_sitenote_note":"","_monsterinsights_sitenote_category":0},"_links":{"self":[{"href":"https:\/\/mesaymantel.digital\/index.php\/wp-json\/wp\/v2\/pages\/868"}],"collection":[{"href":"https:\/\/mesaymantel.digital\/index.php\/wp-json\/wp\/v2\/pages"}],"about":[{"href":"https:\/\/mesaymantel.digital\/index.php\/wp-json\/wp\/v2\/types\/page"}],"author":[{"embeddable":true,"href":"https:\/\/mesaymantel.digital\/index.php\/wp-json\/wp\/v2\/users\/1"}],"replies":[{"embeddable":true,"href":"https:\/\/mesaymantel.digital\/index.php\/wp-json\/wp\/v2\/comments?post=868"}],"version-history":[{"count":5,"href":"https:\/\/mesaymantel.digital\/index.php\/wp-json\/wp\/v2\/pages\/868\/revisions"}],"predecessor-version":[{"id":1519,"href":"https:\/\/mesaymantel.digital\/index.php\/wp-json\/wp\/v2\/pages\/868\/revisions\/1519"}],"wp:attachment":[{"href":"https:\/\/mesaymantel.digital\/index.php\/wp-json\/wp\/v2\/media?parent=868"}],"curies":[{"name":"wp","href":"https:\/\/api.w.org\/{rel}","templated":true}]}}