{"id":869,"date":"2022-02-16T11:03:04","date_gmt":"2022-02-16T11:03:04","guid":{"rendered":"http:\/\/mesaymantel.digital\/?page_id=869"},"modified":"2022-02-21T12:44:51","modified_gmt":"2022-02-21T12:44:51","slug":"triollo","status":"publish","type":"page","link":"https:\/\/mesaymantel.digital\/index.php\/triollo\/","title":{"rendered":"Triollo"},"content":{"rendered":"\n<hr class=\"wp-block-separator\"\/>\n\n\n\n<figure class=\"wp-block-image size-large\"><img loading=\"lazy\" width=\"1024\" height=\"120\" src=\"http:\/\/mesaymantel.digital\/wp-content\/uploads\/2022\/02\/2-1024x120.png\" alt=\"\" class=\"wp-image-1466\" srcset=\"https:\/\/mesaymantel.digital\/wp-content\/uploads\/2022\/02\/2-1024x120.png 1024w, https:\/\/mesaymantel.digital\/wp-content\/uploads\/2022\/02\/2-300x35.png 300w, https:\/\/mesaymantel.digital\/wp-content\/uploads\/2022\/02\/2-768x90.png 768w, https:\/\/mesaymantel.digital\/wp-content\/uploads\/2022\/02\/2-1536x179.png 1536w, https:\/\/mesaymantel.digital\/wp-content\/uploads\/2022\/02\/2-2048x239.png 2048w, https:\/\/mesaymantel.digital\/wp-content\/uploads\/2022\/02\/2-389x45.png 389w\" sizes=\"(max-width: 1024px) 100vw, 1024px\" \/><\/figure>\n\n\n\n<hr class=\"wp-block-separator\"\/>\n\n\n\n<figure class=\"wp-block-image size-full is-resized\"><img loading=\"lazy\" src=\"http:\/\/mesaymantel.digital\/wp-content\/uploads\/2022\/02\/pub-Triollo_2015-6blog.jpg\" alt=\"\" class=\"wp-image-1361\" width=\"1241\" height=\"906\" srcset=\"https:\/\/mesaymantel.digital\/wp-content\/uploads\/2022\/02\/pub-Triollo_2015-6blog.jpg 590w, https:\/\/mesaymantel.digital\/wp-content\/uploads\/2022\/02\/pub-Triollo_2015-6blog-300x219.jpg 300w, https:\/\/mesaymantel.digital\/wp-content\/uploads\/2022\/02\/pub-Triollo_2015-6blog-389x284.jpg 389w\" sizes=\"(max-width: 1241px) 100vw, 1241px\" \/><figcaption>Triollo<\/figcaption><\/figure>\n\n\n\n<hr class=\"wp-block-separator\"\/>\n\n\n\n<div class=\"wp-block-media-text alignwide is-stacked-on-mobile\"><figure class=\"wp-block-media-text__media\"><a href=\"https:\/\/clickturismo.es\/hostallamontana\/\"><img loading=\"lazy\" width=\"1024\" height=\"269\" src=\"http:\/\/mesaymantel.digital\/wp-content\/uploads\/2022\/02\/7d88f5f8-5578-4cf4-884b-ddd1c0a99f4f-1024x269.jpg\" alt=\"\" class=\"wp-image-1155 size-full\" srcset=\"https:\/\/mesaymantel.digital\/wp-content\/uploads\/2022\/02\/7d88f5f8-5578-4cf4-884b-ddd1c0a99f4f-1024x269.jpg 1024w, https:\/\/mesaymantel.digital\/wp-content\/uploads\/2022\/02\/7d88f5f8-5578-4cf4-884b-ddd1c0a99f4f-300x79.jpg 300w, https:\/\/mesaymantel.digital\/wp-content\/uploads\/2022\/02\/7d88f5f8-5578-4cf4-884b-ddd1c0a99f4f-768x202.jpg 768w, https:\/\/mesaymantel.digital\/wp-content\/uploads\/2022\/02\/7d88f5f8-5578-4cf4-884b-ddd1c0a99f4f-1536x404.jpg 1536w, https:\/\/mesaymantel.digital\/wp-content\/uploads\/2022\/02\/7d88f5f8-5578-4cf4-884b-ddd1c0a99f4f-389x102.jpg 389w, https:\/\/mesaymantel.digital\/wp-content\/uploads\/2022\/02\/7d88f5f8-5578-4cf4-884b-ddd1c0a99f4f.jpg 1900w\" sizes=\"(max-width: 1024px) 100vw, 1024px\" \/><\/a><\/figure><div class=\"wp-block-media-text__content\">\n<blockquote class=\"wp-block-quote\"><p><strong>Hotel Restaurante La Monta\u00f1a, Triollo.<br>Haz una parada en nuestro bar, come o cena en nuestro restaurante, y descansa en nuestras confortables habitaciones.<\/strong><\/p><p><strong>No importa si estas de paso o si tu intenci\u00f3n es pasar unos d\u00edas recorriendo los senderos del Carri\u00f3n, andando o en bicicleta, disfrutando de la actividad micologica, pescando, cazando o simplemente, dando una caminata al borde del rio. O echando una ojeada al pueblo, a su iglesia, a sus rincones&#8230;<\/strong><\/p><\/blockquote>\n\n\n\n<p><a href=\"https:\/\/clickturismo.es\/hostallamontana\/\" target=\"_blank\" rel=\"noreferrer noopener\">https:\/\/clickturismo.es\/hostallamontana\/<\/a><\/p>\n\n\n\n<div class=\"wp-container-1 wp-block-buttons\">\n<div class=\"wp-block-button\"><a class=\"wp-block-button__link\" href=\"https:\/\/www.google.com\/maps\/dir\/\/Carret%C3%A8ra+Vidrieros,+1+34887+Triollo+Palencia\/@42.9237359,-4.6801485,16z\/data=!4m5!4m4!1m0!1m2!1m1!1s0xd484629e6cbab2d:0x2fd6aa62774c496d\" target=\"_blank\" rel=\"noreferrer noopener\">C\u00f3mo llegar<\/a><\/div>\n<\/div>\n<\/div><\/div>\n\n\n\n<hr class=\"wp-block-separator\"\/>\n\n\n\n<hr class=\"wp-block-separator\"\/>\n\n\n\n<div class=\"wp-block-media-text alignwide is-stacked-on-mobile\"><figure class=\"wp-block-media-text__media\"><a href=\"https:\/\/clickturismo.es\/triollo\/\"><img loading=\"lazy\" width=\"1024\" height=\"291\" src=\"http:\/\/mesaymantel.digital\/wp-content\/uploads\/2022\/02\/turismo-palencia-fondo-blanco-1-1024x291.png\" alt=\"\" class=\"wp-image-615 size-full\" srcset=\"https:\/\/mesaymantel.digital\/wp-content\/uploads\/2022\/02\/turismo-palencia-fondo-blanco-1-1024x291.png 1024w, https:\/\/mesaymantel.digital\/wp-content\/uploads\/2022\/02\/turismo-palencia-fondo-blanco-1-300x85.png 300w, https:\/\/mesaymantel.digital\/wp-content\/uploads\/2022\/02\/turismo-palencia-fondo-blanco-1-768x218.png 768w, https:\/\/mesaymantel.digital\/wp-content\/uploads\/2022\/02\/turismo-palencia-fondo-blanco-1-1536x437.png 1536w, https:\/\/mesaymantel.digital\/wp-content\/uploads\/2022\/02\/turismo-palencia-fondo-blanco-1-389x111.png 389w, https:\/\/mesaymantel.digital\/wp-content\/uploads\/2022\/02\/turismo-palencia-fondo-blanco-1.png 1923w\" sizes=\"(max-width: 1024px) 100vw, 1024px\" \/><\/a><\/figure><div class=\"wp-block-media-text__content\">\n<p class=\"has-large-font-size\">Toda la informaci\u00f3n tur\u00edstica de Triollo en un click.<\/p>\n\n\n\n<p><a href=\"https:\/\/clickturismo.es\/triollo\/\" target=\"_blank\" rel=\"noreferrer noopener\">https:\/\/clickturismo.es\/triollo\/<\/a><\/p>\n<\/div><\/div>\n\n\n\n<hr class=\"wp-block-separator\"\/>\n\n\n\n<hr class=\"wp-block-separator\"\/>\n","protected":false},"excerpt":{"rendered":"<p>Toda la informaci\u00f3n tur\u00edstica de Triollo en un click. https:\/\/clickturismo.es\/triollo\/<\/p>\n","protected":false},"author":1,"featured_media":0,"parent":0,"menu_order":0,"comment_status":"closed","ping_status":"closed","template":"","meta":{"_monsterinsights_skip_tracking":false,"_monsterinsights_sitenote_active":false,"_monsterinsights_sitenote_note":"","_monsterinsights_sitenote_category":0},"_links":{"self":[{"href":"https:\/\/mesaymantel.digital\/index.php\/wp-json\/wp\/v2\/pages\/869"}],"collection":[{"href":"https:\/\/mesaymantel.digital\/index.php\/wp-json\/wp\/v2\/pages"}],"about":[{"href":"https:\/\/mesaymantel.digital\/index.php\/wp-json\/wp\/v2\/types\/page"}],"author":[{"embeddable":true,"href":"https:\/\/mesaymantel.digital\/index.php\/wp-json\/wp\/v2\/users\/1"}],"replies":[{"embeddable":true,"href":"https:\/\/mesaymantel.digital\/index.php\/wp-json\/wp\/v2\/comments?post=869"}],"version-history":[{"count":4,"href":"https:\/\/mesaymantel.digital\/index.php\/wp-json\/wp\/v2\/pages\/869\/revisions"}],"predecessor-version":[{"id":1522,"href":"https:\/\/mesaymantel.digital\/index.php\/wp-json\/wp\/v2\/pages\/869\/revisions\/1522"}],"wp:attachment":[{"href":"https:\/\/mesaymantel.digital\/index.php\/wp-json\/wp\/v2\/media?parent=869"}],"curies":[{"name":"wp","href":"https:\/\/api.w.org\/{rel}","templated":true}]}}