{"id":870,"date":"2022-02-16T11:03:04","date_gmt":"2022-02-16T11:03:04","guid":{"rendered":"http:\/\/mesaymantel.digital\/?page_id=870"},"modified":"2022-02-21T12:45:15","modified_gmt":"2022-02-21T12:45:15","slug":"velilla-del-rio-carrion","status":"publish","type":"page","link":"https:\/\/mesaymantel.digital\/index.php\/velilla-del-rio-carrion\/","title":{"rendered":"Velilla del R\u00edo Carri\u00f3n"},"content":{"rendered":"\n<hr class=\"wp-block-separator\"\/>\n\n\n\n<figure class=\"wp-block-image size-large\"><img loading=\"lazy\" width=\"1024\" height=\"120\" src=\"http:\/\/mesaymantel.digital\/wp-content\/uploads\/2022\/02\/2-1024x120.png\" alt=\"\" class=\"wp-image-1466\" srcset=\"https:\/\/mesaymantel.digital\/wp-content\/uploads\/2022\/02\/2-1024x120.png 1024w, https:\/\/mesaymantel.digital\/wp-content\/uploads\/2022\/02\/2-300x35.png 300w, https:\/\/mesaymantel.digital\/wp-content\/uploads\/2022\/02\/2-768x90.png 768w, https:\/\/mesaymantel.digital\/wp-content\/uploads\/2022\/02\/2-1536x179.png 1536w, https:\/\/mesaymantel.digital\/wp-content\/uploads\/2022\/02\/2-2048x239.png 2048w, https:\/\/mesaymantel.digital\/wp-content\/uploads\/2022\/02\/2-389x45.png 389w\" sizes=\"(max-width: 1024px) 100vw, 1024px\" \/><\/figure>\n\n\n\n<hr class=\"wp-block-separator\"\/>\n\n\n\n<figure class=\"wp-block-image size-full is-resized\"><img loading=\"lazy\" src=\"http:\/\/mesaymantel.digital\/wp-content\/uploads\/2022\/02\/velilla.jpg\" alt=\"\" class=\"wp-image-1364\" width=\"1239\" height=\"929\" srcset=\"https:\/\/mesaymantel.digital\/wp-content\/uploads\/2022\/02\/velilla.jpg 500w, https:\/\/mesaymantel.digital\/wp-content\/uploads\/2022\/02\/velilla-300x225.jpg 300w, https:\/\/mesaymantel.digital\/wp-content\/uploads\/2022\/02\/velilla-389x292.jpg 389w\" sizes=\"(max-width: 1239px) 100vw, 1239px\" \/><figcaption>Velilla del R\u00edo Carri\u00f3n<\/figcaption><\/figure>\n\n\n\n<hr class=\"wp-block-separator\"\/>\n\n\n\n<div class=\"wp-block-media-text alignwide is-stacked-on-mobile\"><figure class=\"wp-block-media-text__media\"><a href=\"https:\/\/www.casamauro.es\/\"><img loading=\"lazy\" width=\"467\" height=\"118\" src=\"http:\/\/mesaymantel.digital\/wp-content\/uploads\/2022\/02\/Captura-de-pantalla-254.png\" alt=\"\" class=\"wp-image-1157 size-full\" srcset=\"https:\/\/mesaymantel.digital\/wp-content\/uploads\/2022\/02\/Captura-de-pantalla-254.png 467w, https:\/\/mesaymantel.digital\/wp-content\/uploads\/2022\/02\/Captura-de-pantalla-254-300x76.png 300w, https:\/\/mesaymantel.digital\/wp-content\/uploads\/2022\/02\/Captura-de-pantalla-254-389x98.png 389w\" sizes=\"(max-width: 467px) 100vw, 467px\" \/><\/a><\/figure><div class=\"wp-block-media-text__content\">\n<blockquote class=\"wp-block-quote\"><p>Casa &nbsp;Mauro &nbsp;es &nbsp;un &nbsp;establecimiento &nbsp;enteramente &nbsp;familiar. &nbsp;Son &nbsp;muchos &nbsp;los &nbsp;a\u00f1os &nbsp;que &nbsp;llevamos trabajando &nbsp;en &nbsp;el &nbsp;\u00e1rea &nbsp;de &nbsp;la &nbsp;hosteler\u00eda. &nbsp;Cuidamos &nbsp;a &nbsp;diario &nbsp;la &nbsp;calidad &nbsp;del &nbsp;producto &nbsp;y &nbsp;la &nbsp;atenci\u00f3n &nbsp;al cliente.<\/p><p>Situado &nbsp;en &nbsp;el &nbsp;paraje &nbsp;natural &nbsp;de &nbsp;la Monta\u00f1a palentina, &nbsp;goza &nbsp;del &nbsp;privilegio &nbsp;de &nbsp;encontrarse &nbsp;en &nbsp;un lugar natural \u00fanico y encantador, donde se respira el aut\u00e9ntico ambiente monta\u00f1ero.<\/p><p>Considerado &nbsp;uno &nbsp;de &nbsp;los &nbsp;restaurantes &nbsp;m\u00e1s &nbsp;prestigiosos &nbsp;del &nbsp;norte &nbsp;de &nbsp;Palencia, &nbsp;Casa &nbsp;Mauro ofrece a sus clientes la experiencia y el saber hacer dentro de la gastronom\u00eda Palentina.<\/p><p>En &nbsp;definitiva, &nbsp;un &nbsp;lugar &nbsp;agradable &nbsp;para &nbsp;disfrutar &nbsp;de &nbsp;un &nbsp;buen &nbsp;plato &nbsp;antes &nbsp;de &nbsp;acceder &nbsp;a &nbsp;tu &nbsp;paseo por la prestigiosa Monta\u00f1a Palentina.<\/p><\/blockquote>\n\n\n\n<p><a href=\"https:\/\/www.casamauro.es\/\" target=\"_blank\" rel=\"noreferrer noopener\">https:\/\/www.casamauro.es\/<\/a><\/p>\n\n\n\n<div class=\"wp-container-1 wp-block-buttons\">\n<div class=\"wp-block-button\"><a class=\"wp-block-button__link\" href=\"https:\/\/www.google.com\/maps\/place\/Casa+Mauro\/@42.8270944,-4.8456723,15z\/data=!4m2!3m1!1s0x0:0x2b8d8dcd296a4468?sa=X&amp;ved=2ahUKEwiQ7YCsqIb2AhXQHbkGHcVKDJEQ_BJ6BAgsEAU\" target=\"_blank\" rel=\"noreferrer noopener\">C\u00f3mo llegar<\/a><\/div>\n<\/div>\n<\/div><\/div>\n\n\n\n<hr class=\"wp-block-separator\"\/>\n\n\n\n<div class=\"wp-block-media-text alignwide is-stacked-on-mobile\"><figure class=\"wp-block-media-text__media\"><a href=\"https:\/\/clickturismo.es\/hostalstop\"><img loading=\"lazy\" width=\"215\" height=\"81\" src=\"http:\/\/mesaymantel.digital\/wp-content\/uploads\/2022\/02\/stop.png\" alt=\"\" class=\"wp-image-1159 size-full\"\/><\/a><\/figure><div class=\"wp-block-media-text__content\">\n<blockquote class=\"wp-block-quote\"><p><strong>El Hostal Bar Stop est\u00e1 situado en Velilla del R\u00edo Carri\u00f3n y dispone de terraza y vistas a la monta\u00f1a Palentina.<\/strong><\/p><p><strong>Las habitaciones est\u00e1n equipadas con TV de pantalla plana v\u00eda sat\u00e9lite y ba\u00f1o privado. El Hostal Bar Stop ofrece WiFi gratuita en todas las dependencias.<\/strong><\/p><p><strong>El Hostal Bar Stop sirve desayunos todas las ma\u00f1anas. Los hu\u00e9spedes tambi\u00e9n podr\u00e1n comprar pan en el establecimiento.<\/strong><\/p><p><strong>El albergue cuenta con sal\u00f3n compartido. El establecimiento se halla a 100 metros de un complejo deportivo con piscina y parque infantil.<\/strong><\/p><\/blockquote>\n\n\n\n<p><a href=\"https:\/\/clickturismo.es\/hostalstop\" target=\"_blank\" rel=\"noreferrer noopener\">https:\/\/clickturismo.es\/hostalstop<\/a><\/p>\n\n\n\n<div class=\"wp-container-2 wp-block-buttons\">\n<div class=\"wp-block-button\"><a class=\"wp-block-button__link\" href=\"https:\/\/www.google.com\/maps\/place\/Hostal+Stop\/@42.825864,-4.847218,15z\/data=!4m2!3m1!1s0x0:0xb202b2e752ad2cd7?sa=X&amp;ved=2ahUKEwjM8LjpqYb2AhW2lf0HHZB5DmwQ_BJ6BAgdEAU\" target=\"_blank\" rel=\"noreferrer noopener\">C\u00f3mo llegar<\/a><\/div>\n<\/div>\n<\/div><\/div>\n\n\n\n<hr class=\"wp-block-separator\"\/>\n\n\n\n<div class=\"wp-block-media-text alignwide is-stacked-on-mobile\"><figure class=\"wp-block-media-text__media\"><a href=\"https:\/\/clickturismo.es\/lacanada\/\"><img loading=\"lazy\" width=\"960\" height=\"311\" src=\"http:\/\/mesaymantel.digital\/wp-content\/uploads\/2022\/02\/56917862_1725045780975660_737219874954149888_n.jpg\" alt=\"\" class=\"wp-image-1160 size-full\" srcset=\"https:\/\/mesaymantel.digital\/wp-content\/uploads\/2022\/02\/56917862_1725045780975660_737219874954149888_n.jpg 960w, https:\/\/mesaymantel.digital\/wp-content\/uploads\/2022\/02\/56917862_1725045780975660_737219874954149888_n-300x97.jpg 300w, https:\/\/mesaymantel.digital\/wp-content\/uploads\/2022\/02\/56917862_1725045780975660_737219874954149888_n-768x249.jpg 768w, https:\/\/mesaymantel.digital\/wp-content\/uploads\/2022\/02\/56917862_1725045780975660_737219874954149888_n-389x126.jpg 389w\" sizes=\"(max-width: 960px) 100vw, 960px\" \/><\/a><\/figure><div class=\"wp-block-media-text__content\">\n<blockquote class=\"wp-block-quote\"><p><strong>Cafeter\u00eda Res<strong>taurante La Ca\u00f1ada, Velilla del R\u00edo Carri\u00f3n.<\/strong><\/strong><\/p><p><strong><strong>Men\u00fa del d\u00eda, men\u00fa fin de semana, men\u00fas para eventos, amplia carta &#8230;<\/strong><\/strong><\/p><p><strong><strong>Celebre con nosotros sus comidas, bautizos, comuniones, acontecimientos familiares&#8230;<\/strong><\/strong><\/p><p><strong><strong>Presupuestos sin compromiso<\/strong><\/strong>.<\/p><\/blockquote>\n\n\n\n<p><a href=\"https:\/\/clickturismo.es\/lacanada\/\" target=\"_blank\" rel=\"noreferrer noopener\">https:\/\/clickturismo.es\/lacanada\/<\/a><\/p>\n\n\n\n<div class=\"wp-container-3 wp-block-buttons\">\n<div class=\"wp-block-button\"><a class=\"wp-block-button__link\" href=\"https:\/\/www.google.com\/maps\/dir\/\/Av.+Castilla+y+Le%C3%B3n,+4+34886+Velilla+del+R%C3%ADo+Carri%C3%B3n+Palencia\/@42.825194,-4.8476433,16z\/data=!4m5!4m4!1m0!1m2!1m1!1s0xd483c63e51cbda1:0x3254fb284ceefa64\" target=\"_blank\" rel=\"noreferrer noopener\">C\u00f3mo llegar<\/a><\/div>\n<\/div>\n<\/div><\/div>\n\n\n\n<hr class=\"wp-block-separator\"\/>\n\n\n\n<div class=\"wp-block-media-text alignwide is-stacked-on-mobile\"><figure class=\"wp-block-media-text__media\"><a href=\"https:\/\/clickturismo.es\/lareana\/\"><img loading=\"lazy\" width=\"1024\" height=\"496\" src=\"http:\/\/mesaymantel.digital\/wp-content\/uploads\/2022\/02\/Imagen28-1024x496.png\" alt=\"\" class=\"wp-image-1161 size-full\" srcset=\"https:\/\/mesaymantel.digital\/wp-content\/uploads\/2022\/02\/Imagen28-1024x496.png 1024w, https:\/\/mesaymantel.digital\/wp-content\/uploads\/2022\/02\/Imagen28-300x145.png 300w, https:\/\/mesaymantel.digital\/wp-content\/uploads\/2022\/02\/Imagen28-768x372.png 768w, https:\/\/mesaymantel.digital\/wp-content\/uploads\/2022\/02\/Imagen28-389x188.png 389w, https:\/\/mesaymantel.digital\/wp-content\/uploads\/2022\/02\/Imagen28.png 1093w\" sizes=\"(max-width: 1024px) 100vw, 1024px\" \/><\/a><\/figure><div class=\"wp-block-media-text__content\">\n<p class=\"has-large-font-size\">La Reana<\/p>\n\n\n\n<p><a href=\"https:\/\/clickturismo.es\/lareana\/\" target=\"_blank\" rel=\"noreferrer noopener\">https:\/\/clickturismo.es\/lareana\/<\/a><\/p>\n\n\n\n<div class=\"wp-container-4 wp-block-buttons\">\n<div class=\"wp-block-button\"><a class=\"wp-block-button__link\" href=\"\" target=\"_blank\" rel=\"noreferrer noopener\">C\u00f3mo llegar<\/a><\/div>\n<\/div>\n<\/div><\/div>\n\n\n\n<hr class=\"wp-block-separator\"\/>\n\n\n\n<div class=\"wp-block-media-text alignwide is-stacked-on-mobile\"><figure class=\"wp-block-media-text__media\"><img loading=\"lazy\" width=\"936\" height=\"428\" src=\"http:\/\/mesaymantel.digital\/wp-content\/uploads\/2022\/02\/Imagen13.png\" alt=\"\" class=\"wp-image-1162 size-full\" srcset=\"https:\/\/mesaymantel.digital\/wp-content\/uploads\/2022\/02\/Imagen13.png 936w, https:\/\/mesaymantel.digital\/wp-content\/uploads\/2022\/02\/Imagen13-300x137.png 300w, https:\/\/mesaymantel.digital\/wp-content\/uploads\/2022\/02\/Imagen13-768x351.png 768w, https:\/\/mesaymantel.digital\/wp-content\/uploads\/2022\/02\/Imagen13-389x178.png 389w\" sizes=\"(max-width: 936px) 100vw, 936px\" \/><\/figure><div class=\"wp-block-media-text__content\">\n<blockquote class=\"wp-block-quote\"><p><strong>Mes\u00f3n LOS FAROLES.<\/strong><\/p><p><strong>Men\u00fas del d\u00eda, meriendas y cenas por encargo&#8230;<\/strong><\/p><p><strong>Bocadillos y reposter\u00eda casera, comida para llevar&#8230; y mucho m\u00e1s !!!<\/strong><\/p><p><strong>P\u00eddenos presupuesto sin compromiso.<\/strong><\/p><\/blockquote>\n\n\n\n<p><a href=\"https:\/\/clickturismo.es\/losfaroles\/\" target=\"_blank\" rel=\"noreferrer noopener\">https:\/\/clickturismo.es\/losfaroles\/<\/a><\/p>\n\n\n\n<div class=\"wp-container-5 wp-block-buttons\">\n<div class=\"wp-block-button\"><a class=\"wp-block-button__link\" href=\"https:\/\/www.google.com\/maps\/dir\/\/C.+el+Oteruelo,+7+34886+Velilla+del+R%C3%ADo+Carri%C3%B3n+Palencia\/@42.8268933,-4.8454332,17z\/data=!4m5!4m4!1m0!1m2!1m1!1s0xd483c645df2bb87:0x99d1ae2760b0a17\" target=\"_blank\" rel=\"noreferrer noopener\">C\u00f3mo llegar<\/a><\/div>\n<\/div>\n<\/div><\/div>\n\n\n\n<hr class=\"wp-block-separator\"\/>\n\n\n\n<div class=\"wp-block-media-text alignwide is-stacked-on-mobile\"><figure class=\"wp-block-media-text__media\"><a href=\"https:\/\/clickturismo.es\/terrazacarrion\/\"><img loading=\"lazy\" width=\"1024\" height=\"214\" src=\"http:\/\/mesaymantel.digital\/wp-content\/uploads\/2022\/02\/terraza1-1024x214.gif\" alt=\"\" class=\"wp-image-1163 size-full\" srcset=\"https:\/\/mesaymantel.digital\/wp-content\/uploads\/2022\/02\/terraza1-1024x214.gif 1024w, https:\/\/mesaymantel.digital\/wp-content\/uploads\/2022\/02\/terraza1-300x63.gif 300w, https:\/\/mesaymantel.digital\/wp-content\/uploads\/2022\/02\/terraza1-768x160.gif 768w, https:\/\/mesaymantel.digital\/wp-content\/uploads\/2022\/02\/terraza1-1536x320.gif 1536w, https:\/\/mesaymantel.digital\/wp-content\/uploads\/2022\/02\/terraza1-389x81.gif 389w\" sizes=\"(max-width: 1024px) 100vw, 1024px\" \/><\/a><\/figure><div class=\"wp-block-media-text__content\">\n<blockquote class=\"wp-block-quote\"><p><strong>Bar Terraza El Carri\u00f3n, Velilla del R\u00edo Carri\u00f3n.<\/strong><\/p><p><strong><strong>En invierno o en verano disfruta de tus mejores momentos<\/strong><\/strong><\/p><p><strong><strong>a orilla del Carri\u00f3n en nuestra terraza&#8230;<\/strong><\/strong><\/p><\/blockquote>\n\n\n\n<p><a href=\"https:\/\/clickturismo.es\/terrazacarrion\/\" target=\"_blank\" rel=\"noreferrer noopener\">https:\/\/clickturismo.es\/terrazacarrion\/<\/a><\/p>\n\n\n\n<div class=\"wp-container-6 wp-block-buttons\">\n<div class=\"wp-block-button\"><a class=\"wp-block-button__link\" href=\"https:\/\/www.google.com\/maps\/dir\/\/C.+el+Cid,+1+34886+Velilla+del+R%C3%ADo+Carri%C3%B3n+Palencia\/@42.8262719,-4.8474831,17z\/data=!4m5!4m4!1m0!1m2!1m1!1s0xd483c638ddc1fd1:0xa24f2812a7b825f2\" target=\"_blank\" rel=\"noreferrer noopener\">C\u00f3mo llegar<\/a><\/div>\n<\/div>\n<\/div><\/div>\n\n\n\n<hr class=\"wp-block-separator\"\/>\n\n\n\n<hr class=\"wp-block-separator\"\/>\n\n\n\n<div class=\"wp-block-media-text alignwide is-stacked-on-mobile\"><figure class=\"wp-block-media-text__media\"><a href=\"https:\/\/clickturismo.es\/velilladelriocarrion\/\"><img loading=\"lazy\" width=\"1024\" height=\"291\" src=\"http:\/\/mesaymantel.digital\/wp-content\/uploads\/2022\/02\/turismo-palencia-fondo-blanco-1-1024x291.png\" alt=\"\" class=\"wp-image-615 size-full\" srcset=\"https:\/\/mesaymantel.digital\/wp-content\/uploads\/2022\/02\/turismo-palencia-fondo-blanco-1-1024x291.png 1024w, https:\/\/mesaymantel.digital\/wp-content\/uploads\/2022\/02\/turismo-palencia-fondo-blanco-1-300x85.png 300w, https:\/\/mesaymantel.digital\/wp-content\/uploads\/2022\/02\/turismo-palencia-fondo-blanco-1-768x218.png 768w, https:\/\/mesaymantel.digital\/wp-content\/uploads\/2022\/02\/turismo-palencia-fondo-blanco-1-1536x437.png 1536w, https:\/\/mesaymantel.digital\/wp-content\/uploads\/2022\/02\/turismo-palencia-fondo-blanco-1-389x111.png 389w, https:\/\/mesaymantel.digital\/wp-content\/uploads\/2022\/02\/turismo-palencia-fondo-blanco-1.png 1923w\" sizes=\"(max-width: 1024px) 100vw, 1024px\" \/><\/a><\/figure><div class=\"wp-block-media-text__content\">\n<p class=\"has-large-font-size\">Toda la informaci\u00f3n tur\u00edstica de Velilla del R\u00edo Carri\u00f3n en un click.<\/p>\n\n\n\n<p><a href=\"https:\/\/clickturismo.es\/velilladelriocarrion\/\" target=\"_blank\" rel=\"noreferrer noopener\">https:\/\/clickturismo.es\/velilladelriocarrion\/<\/a><\/p>\n<\/div><\/div>\n\n\n\n<hr class=\"wp-block-separator\"\/>\n\n\n\n<hr class=\"wp-block-separator\"\/>\n","protected":false},"excerpt":{"rendered":"<p>Toda la informaci\u00f3n tur\u00edstica de Velilla del R\u00edo Carri\u00f3n en un click. https:\/\/clickturismo.es\/velilladelriocarrion\/<\/p>\n","protected":false},"author":1,"featured_media":0,"parent":0,"menu_order":0,"comment_status":"closed","ping_status":"closed","template":"","meta":{"_monsterinsights_skip_tracking":false,"_monsterinsights_sitenote_active":false,"_monsterinsights_sitenote_note":"","_monsterinsights_sitenote_category":0},"_links":{"self":[{"href":"https:\/\/mesaymantel.digital\/index.php\/wp-json\/wp\/v2\/pages\/870"}],"collection":[{"href":"https:\/\/mesaymantel.digital\/index.php\/wp-json\/wp\/v2\/pages"}],"about":[{"href":"https:\/\/mesaymantel.digital\/index.php\/wp-json\/wp\/v2\/types\/page"}],"author":[{"embeddable":true,"href":"https:\/\/mesaymantel.digital\/index.php\/wp-json\/wp\/v2\/users\/1"}],"replies":[{"embeddable":true,"href":"https:\/\/mesaymantel.digital\/index.php\/wp-json\/wp\/v2\/comments?post=870"}],"version-history":[{"count":4,"href":"https:\/\/mesaymantel.digital\/index.php\/wp-json\/wp\/v2\/pages\/870\/revisions"}],"predecessor-version":[{"id":1523,"href":"https:\/\/mesaymantel.digital\/index.php\/wp-json\/wp\/v2\/pages\/870\/revisions\/1523"}],"wp:attachment":[{"href":"https:\/\/mesaymantel.digital\/index.php\/wp-json\/wp\/v2\/media?parent=870"}],"curies":[{"name":"wp","href":"https:\/\/api.w.org\/{rel}","templated":true}]}}