{"id":871,"date":"2022-02-16T11:03:04","date_gmt":"2022-02-16T11:03:04","guid":{"rendered":"http:\/\/mesaymantel.digital\/?page_id=871"},"modified":"2022-02-21T12:45:52","modified_gmt":"2022-02-21T12:45:52","slug":"venta-de-banos","status":"publish","type":"page","link":"https:\/\/mesaymantel.digital\/index.php\/venta-de-banos\/","title":{"rendered":"Venta de Ba\u00f1os"},"content":{"rendered":"\n<hr class=\"wp-block-separator\"\/>\n\n\n\n<figure class=\"wp-block-image size-large\"><img loading=\"lazy\" width=\"1024\" height=\"120\" src=\"http:\/\/mesaymantel.digital\/wp-content\/uploads\/2022\/02\/2-1024x120.png\" alt=\"\" class=\"wp-image-1466\" srcset=\"https:\/\/mesaymantel.digital\/wp-content\/uploads\/2022\/02\/2-1024x120.png 1024w, https:\/\/mesaymantel.digital\/wp-content\/uploads\/2022\/02\/2-300x35.png 300w, https:\/\/mesaymantel.digital\/wp-content\/uploads\/2022\/02\/2-768x90.png 768w, https:\/\/mesaymantel.digital\/wp-content\/uploads\/2022\/02\/2-1536x179.png 1536w, https:\/\/mesaymantel.digital\/wp-content\/uploads\/2022\/02\/2-2048x239.png 2048w, https:\/\/mesaymantel.digital\/wp-content\/uploads\/2022\/02\/2-389x45.png 389w\" sizes=\"(max-width: 1024px) 100vw, 1024px\" \/><\/figure>\n\n\n\n<hr class=\"wp-block-separator\"\/>\n\n\n\n<figure class=\"wp-block-image size-full is-resized\"><img loading=\"lazy\" src=\"http:\/\/mesaymantel.digital\/wp-content\/uploads\/2022\/02\/30962445656_1e7f24304a_c.jpg\" alt=\"\" class=\"wp-image-1367\" width=\"1241\" height=\"826\" srcset=\"https:\/\/mesaymantel.digital\/wp-content\/uploads\/2022\/02\/30962445656_1e7f24304a_c.jpg 800w, https:\/\/mesaymantel.digital\/wp-content\/uploads\/2022\/02\/30962445656_1e7f24304a_c-300x200.jpg 300w, https:\/\/mesaymantel.digital\/wp-content\/uploads\/2022\/02\/30962445656_1e7f24304a_c-768x511.jpg 768w, https:\/\/mesaymantel.digital\/wp-content\/uploads\/2022\/02\/30962445656_1e7f24304a_c-389x259.jpg 389w\" sizes=\"(max-width: 1241px) 100vw, 1241px\" \/><figcaption>Ba\u00f1os de Cerrato<\/figcaption><\/figure>\n\n\n\n<hr class=\"wp-block-separator\"\/>\n\n\n\n<div class=\"wp-block-media-text alignwide is-stacked-on-mobile\"><figure class=\"wp-block-media-text__media\"><a href=\"https:\/\/clickturismo.es\/cafeespanol\/\"><img loading=\"lazy\" width=\"453\" height=\"275\" src=\"http:\/\/mesaymantel.digital\/wp-content\/uploads\/2022\/02\/dbe2f37f-1f2d-4135-ae89-7fcd699640291.jpg\" alt=\"\" class=\"wp-image-1165 size-full\" srcset=\"https:\/\/mesaymantel.digital\/wp-content\/uploads\/2022\/02\/dbe2f37f-1f2d-4135-ae89-7fcd699640291.jpg 453w, https:\/\/mesaymantel.digital\/wp-content\/uploads\/2022\/02\/dbe2f37f-1f2d-4135-ae89-7fcd699640291-300x182.jpg 300w, https:\/\/mesaymantel.digital\/wp-content\/uploads\/2022\/02\/dbe2f37f-1f2d-4135-ae89-7fcd699640291-389x236.jpg 389w\" sizes=\"(max-width: 453px) 100vw, 453px\" \/><\/a><\/figure><div class=\"wp-block-media-text__content\">\n<blockquote class=\"wp-block-quote\"><p><strong>CA<strong>F\u00c9 ESPA\u00d1OL, Venta de Ba\u00f1os.<\/strong><\/strong><\/p><p><strong><strong>Tapas, raciones, s\u00e1ndwiches, hamburguesas, platos combinados\u2026y nuestro PULPO !!!<\/strong><\/strong><\/p><p><strong><strong>Tu vino, cerveza\u2026 siempre acompa\u00f1ado de una tapa.<\/strong><\/strong><\/p><p><strong><strong>Puedes disfrutar con nosotros, en nuestra pantalla gigante y televisiones de todo el f\u00fatbol:<\/strong><\/strong><\/p><p><strong><strong>Liga, Champions Leage\u2026<\/strong><\/strong><\/p><\/blockquote>\n\n\n\n<p><a href=\"https:\/\/clickturismo.es\/cafeespanol\/\" target=\"_blank\" rel=\"noreferrer noopener\">https:\/\/clickturismo.es\/cafeespanol\/<\/a><\/p>\n\n\n\n<div class=\"wp-container-1 wp-block-buttons\">\n<div class=\"wp-block-button\"><a class=\"wp-block-button__link\" href=\"https:\/\/www.google.com\/maps\/dir\/\/Av.+Primero+de+Junio,+92+34200+Venta+de+Ba%C3%B1os+Palencia\/@41.9186297,-4.4979042,17z\/data=!4m5!4m4!1m0!1m2!1m1!1s0xd47aeb700458f5f:0x790dbf3baff84454\" target=\"_blank\" rel=\"noreferrer noopener\">C\u00f3mo llegar<\/a><\/div>\n<\/div>\n<\/div><\/div>\n\n\n\n<hr class=\"wp-block-separator\"\/>\n\n\n\n<div class=\"wp-block-media-text alignwide is-stacked-on-mobile\"><figure class=\"wp-block-media-text__media\"><a href=\"https:\/\/clickturismo.es\/califas\/\"><img loading=\"lazy\" width=\"960\" height=\"543\" src=\"http:\/\/mesaymantel.digital\/wp-content\/uploads\/2022\/02\/Imagen51.png\" alt=\"\" class=\"wp-image-1168 size-full\" srcset=\"https:\/\/mesaymantel.digital\/wp-content\/uploads\/2022\/02\/Imagen51.png 960w, https:\/\/mesaymantel.digital\/wp-content\/uploads\/2022\/02\/Imagen51-300x170.png 300w, https:\/\/mesaymantel.digital\/wp-content\/uploads\/2022\/02\/Imagen51-768x434.png 768w, https:\/\/mesaymantel.digital\/wp-content\/uploads\/2022\/02\/Imagen51-389x220.png 389w\" sizes=\"(max-width: 960px) 100vw, 960px\" \/><\/a><\/figure><div class=\"wp-block-media-text__content\">\n<blockquote class=\"wp-block-quote\"><p><strong><strong>Vinoteca Califas, Venta de Ba\u00f1os.<\/strong><\/strong><\/p><p><strong><strong>El vino es nuestra pasi\u00f3n y est\u00e1 ligado<\/strong><\/strong><\/p><p><strong><strong>a nuestra tierra&#8230;<\/strong><\/strong><\/p><\/blockquote>\n\n\n\n<p><a href=\"https:\/\/clickturismo.es\/califas\/\" target=\"_blank\" rel=\"noreferrer noopener\">https:\/\/clickturismo.es\/califas\/<\/a><\/p>\n\n\n\n<div class=\"wp-container-2 wp-block-buttons\">\n<div class=\"wp-block-button\"><a class=\"wp-block-button__link\" href=\"\" target=\"_blank\" rel=\"noreferrer noopener\">C\u00f3mo llegar<\/a><\/div>\n<\/div>\n<\/div><\/div>\n\n\n\n<hr class=\"wp-block-separator\"\/>\n\n\n\n<div class=\"wp-block-media-text alignwide is-stacked-on-mobile\"><figure class=\"wp-block-media-text__media\"><a href=\"http:\/\/restauranteellagar.es\/\"><img loading=\"lazy\" width=\"214\" height=\"177\" src=\"http:\/\/mesaymantel.digital\/wp-content\/uploads\/2022\/02\/Captura-de-pantalla-51.png\" alt=\"\" class=\"wp-image-1169 size-full\"\/><\/a><\/figure><div class=\"wp-block-media-text__content\">\n<blockquote class=\"wp-block-quote\"><p><strong>El Lagar es un peque\u00f1o templo gastron\u00f3mico, un restaurante de referencia en Palencia. <\/strong><\/p><p><strong>Con una carta variada dise\u00f1ada con mimo y con la mejor materia prima que nos ofrecen los productos regionales, en El Lagar rendimos homenaje a las tradiciones culinarias del Castilla Le\u00f3n, pero aportando nuestra propia visi\u00f3n desde la creatividad y la pasi\u00f3n de nuestra cocina. <\/strong><\/p><p><strong>El Lagar est\u00e1 situado Venta de Ba\u00f1os, junto a la Bas\u00edlica de San Juan de Ba\u00f1os. En nuestra terraza acondicionada podr\u00e1s disfrutar del mejor clima mientras degustas un plato \u00fanico.<\/strong><\/p><\/blockquote>\n\n\n\n<p><a href=\"http:\/\/restauranteellagar.es\/\" target=\"_blank\" rel=\"noreferrer noopener\">http:\/\/restauranteellagar.es\/<\/a><\/p>\n\n\n\n<div class=\"wp-container-3 wp-block-buttons\">\n<div class=\"wp-block-button\"><a class=\"wp-block-button__link\" href=\"https:\/\/www.google.com\/maps\/place\/Restaurante+El+Lagar\/@41.9201492,-4.472962,15z\/data=!4m2!3m1!1s0x0:0x6307fe54a46cb644?sa=X&amp;ved=2ahUKEwidteO1rob2AhW6iP0HHRFvBPUQ_BJ6BAglEAU\" target=\"_blank\" rel=\"noreferrer noopener\">C\u00f3mo llegar<\/a><\/div>\n<\/div>\n<\/div><\/div>\n\n\n\n<hr class=\"wp-block-separator\"\/>\n\n\n\n<div class=\"wp-block-media-text alignwide is-stacked-on-mobile\"><figure class=\"wp-block-media-text__media\"><a href=\"https:\/\/clickturismo.es\/ideal\/\"><img loading=\"lazy\" width=\"788\" height=\"369\" src=\"http:\/\/mesaymantel.digital\/wp-content\/uploads\/2022\/02\/Imagen11-2.png\" alt=\"\" class=\"wp-image-1170 size-full\" srcset=\"https:\/\/mesaymantel.digital\/wp-content\/uploads\/2022\/02\/Imagen11-2.png 788w, https:\/\/mesaymantel.digital\/wp-content\/uploads\/2022\/02\/Imagen11-2-300x140.png 300w, https:\/\/mesaymantel.digital\/wp-content\/uploads\/2022\/02\/Imagen11-2-768x360.png 768w, https:\/\/mesaymantel.digital\/wp-content\/uploads\/2022\/02\/Imagen11-2-389x182.png 389w\" sizes=\"(max-width: 788px) 100vw, 788px\" \/><\/a><\/figure><div class=\"wp-block-media-text__content\">\n<p class=\"has-large-font-size\">Bar Restaurante Ideal<\/p>\n\n\n\n<p><a href=\"https:\/\/clickturismo.es\/ideal\/\" target=\"_blank\" rel=\"noreferrer noopener\">https:\/\/clickturismo.es\/ideal\/<\/a><\/p>\n\n\n\n<div class=\"wp-container-4 wp-block-buttons\">\n<div class=\"wp-block-button\"><a class=\"wp-block-button__link\" href=\"https:\/\/www.google.com\/maps\/dir\/\/Pl.+Prta+del+Sol+34200+Venta+de+Ba%C3%B1os+Palencia\/@41.9184932,-4.498224,17z\/data=!4m5!4m4!1m0!1m2!1m1!1s0xd47aeb6554eb77b:0xc47597e205f992b\" target=\"_blank\" rel=\"noreferrer noopener\">C\u00f3mo llegar<\/a><\/div>\n<\/div>\n<\/div><\/div>\n\n\n\n<hr class=\"wp-block-separator\"\/>\n\n\n\n<div class=\"wp-block-media-text alignwide is-stacked-on-mobile\"><figure class=\"wp-block-media-text__media\"><a href=\"https:\/\/laodisea.es\/\"><img loading=\"lazy\" width=\"791\" height=\"354\" src=\"http:\/\/mesaymantel.digital\/wp-content\/uploads\/2022\/02\/Imagen3-11.png\" alt=\"\" class=\"wp-image-1171 size-full\" srcset=\"https:\/\/mesaymantel.digital\/wp-content\/uploads\/2022\/02\/Imagen3-11.png 791w, https:\/\/mesaymantel.digital\/wp-content\/uploads\/2022\/02\/Imagen3-11-300x134.png 300w, https:\/\/mesaymantel.digital\/wp-content\/uploads\/2022\/02\/Imagen3-11-768x344.png 768w, https:\/\/mesaymantel.digital\/wp-content\/uploads\/2022\/02\/Imagen3-11-389x174.png 389w\" sizes=\"(max-width: 791px) 100vw, 791px\" \/><\/a><\/figure><div class=\"wp-block-media-text__content\">\n<blockquote class=\"wp-block-quote\"><p><strong>La Odisea, hoy THE ODISEA en Venta de Ba\u00f1os.<br>Hemos realizado una gran reforma para que disfrut\u00e9is de un local totalmente renovado.<br>Cocina tradicional espa\u00f1ola, men\u00fa diario, comida para llevar, raciones, bocadillos, pizzas, tapas, helados, platos combinados, ensaladas, pasta, hamburguesas, sandwiches, revueltos&#8230;Desc\u00fabrenos, no te arrepentir\u00e1s.<\/strong><\/p><p><strong>Queremos darte el mejor servicio unido a una gran calidad, todo a un precio sin competencia.<\/strong><\/p><\/blockquote>\n\n\n\n<p><a href=\"https:\/\/laodisea.es\/\" target=\"_blank\" rel=\"noreferrer noopener\">https:\/\/laodisea.es\/<\/a><\/p>\n\n\n\n<div class=\"wp-container-5 wp-block-buttons\">\n<div class=\"wp-block-button\"><a class=\"wp-block-button__link\" href=\"https:\/\/www.google.com\/maps\/place\/Bar+Cafeteria+La+Odisea\/@41.9200821,-4.4961381,15z\/data=!4m2!3m1!1s0x0:0xef1c4b1c0707f62c?sa=X&amp;ved=2ahUKEwjO3PLUsIb2AhUEtaQKHcQADQkQ_BJ6BAgpEAU\" target=\"_blank\" rel=\"noreferrer noopener\">C\u00f3mo llegar<\/a><\/div>\n<\/div>\n<\/div><\/div>\n\n\n\n<hr class=\"wp-block-separator\"\/>\n\n\n\n<div class=\"wp-block-media-text alignwide is-stacked-on-mobile\"><figure class=\"wp-block-media-text__media\"><a href=\"http:\/\/cervecerialekus.es\/\"><img loading=\"lazy\" width=\"1024\" height=\"818\" src=\"http:\/\/mesaymantel.digital\/wp-content\/uploads\/2022\/02\/Imagen12-1-1024x818.png\" alt=\"\" class=\"wp-image-1172 size-full\" srcset=\"https:\/\/mesaymantel.digital\/wp-content\/uploads\/2022\/02\/Imagen12-1-1024x818.png 1024w, https:\/\/mesaymantel.digital\/wp-content\/uploads\/2022\/02\/Imagen12-1-300x240.png 300w, https:\/\/mesaymantel.digital\/wp-content\/uploads\/2022\/02\/Imagen12-1-768x613.png 768w, https:\/\/mesaymantel.digital\/wp-content\/uploads\/2022\/02\/Imagen12-1-376x300.png 376w, https:\/\/mesaymantel.digital\/wp-content\/uploads\/2022\/02\/Imagen12-1.png 1113w\" sizes=\"(max-width: 1024px) 100vw, 1024px\" \/><\/a><\/figure><div class=\"wp-block-media-text__content\">\n<blockquote class=\"wp-block-quote\"><p><strong>Comenzamos esta andadura en&nbsp;<strong>Venta de Ba\u00f1os el 15 de agosto de 2012<\/strong>&nbsp;y aqu\u00ed seguimos a\u00f1os tras a\u00f1o renovando nuestras ganas de ofrecer a nuestros clientes y amigos buena comida hecha por nosotros, diferente y original.<\/strong><\/p><p><strong>Somos mucho m\u00e1s que una simple cervecer\u00eda<\/strong>.<\/p><\/blockquote>\n\n\n\n<p><a href=\"http:\/\/cervecerialekus.es\/\" target=\"_blank\" rel=\"noreferrer noopener\">http:\/\/cervecerialekus.es\/<\/a><\/p>\n\n\n\n<div class=\"wp-container-6 wp-block-buttons\">\n<div class=\"wp-block-button\"><a class=\"wp-block-button__link\" href=\"https:\/\/www.google.com\/maps\/place\/Cervecer%C3%ADa+Lekus\/@41.9208526,-4.4953894,15z\/data=!4m2!3m1!1s0x0:0x5fdf89df5f785c50?sa=X&amp;ved=2ahUKEwjEqL2tsYb2AhUFvaQKHbuSDtsQ_BJ6BAglEAU\" target=\"_blank\" rel=\"noreferrer noopener\">C\u00f3mo llegar<\/a><\/div>\n<\/div>\n<\/div><\/div>\n\n\n\n<hr class=\"wp-block-separator\"\/>\n\n\n\n<div class=\"wp-block-media-text alignwide is-stacked-on-mobile\"><figure class=\"wp-block-media-text__media\"><a href=\"https:\/\/clickturismo.es\/barorense\/index.html\"><img loading=\"lazy\" width=\"807\" height=\"411\" src=\"http:\/\/mesaymantel.digital\/wp-content\/uploads\/2022\/02\/Imagen16-2.png\" alt=\"\" class=\"wp-image-1173 size-full\" srcset=\"https:\/\/mesaymantel.digital\/wp-content\/uploads\/2022\/02\/Imagen16-2.png 807w, https:\/\/mesaymantel.digital\/wp-content\/uploads\/2022\/02\/Imagen16-2-300x153.png 300w, https:\/\/mesaymantel.digital\/wp-content\/uploads\/2022\/02\/Imagen16-2-768x391.png 768w, https:\/\/mesaymantel.digital\/wp-content\/uploads\/2022\/02\/Imagen16-2-389x198.png 389w\" sizes=\"(max-width: 807px) 100vw, 807px\" \/><\/a><\/figure><div class=\"wp-block-media-text__content\">\n<p class=\"has-large-font-size\">Bar ORENSE<\/p>\n\n\n\n<p><a href=\"https:\/\/clickturismo.es\/barorense\/index.html\" target=\"_blank\" rel=\"noreferrer noopener\">https:\/\/clickturismo.es\/barorense\/index.html<\/a><\/p>\n\n\n\n<div class=\"wp-container-7 wp-block-buttons\">\n<div class=\"wp-block-button\"><a class=\"wp-block-button__link\" href=\"https:\/\/www.google.com\/maps\/dir\/\/C.+Daoiz,+3+34200+Venta+de+Ba%C3%B1os+Palencia\/@41.9176865,-4.4943221,17z\/data=!4m5!4m4!1m0!1m2!1m1!1s0xd47aeb1392ba6cf:0x34eb455951726b9c\" target=\"_blank\" rel=\"noreferrer noopener\">C\u00f3mo llegar<\/a><\/div>\n<\/div>\n<\/div><\/div>\n\n\n\n<hr class=\"wp-block-separator\"\/>\n\n\n\n<hr class=\"wp-block-separator\"\/>\n\n\n\n<div class=\"wp-block-media-text alignwide is-stacked-on-mobile\"><figure class=\"wp-block-media-text__media\"><a href=\"https:\/\/clickturismo.es\/ventadebanos\/\"><img loading=\"lazy\" width=\"1024\" height=\"291\" src=\"http:\/\/mesaymantel.digital\/wp-content\/uploads\/2022\/02\/turismo-palencia-fondo-blanco-1-1024x291.png\" alt=\"\" class=\"wp-image-615 size-full\" srcset=\"https:\/\/mesaymantel.digital\/wp-content\/uploads\/2022\/02\/turismo-palencia-fondo-blanco-1-1024x291.png 1024w, https:\/\/mesaymantel.digital\/wp-content\/uploads\/2022\/02\/turismo-palencia-fondo-blanco-1-300x85.png 300w, https:\/\/mesaymantel.digital\/wp-content\/uploads\/2022\/02\/turismo-palencia-fondo-blanco-1-768x218.png 768w, https:\/\/mesaymantel.digital\/wp-content\/uploads\/2022\/02\/turismo-palencia-fondo-blanco-1-1536x437.png 1536w, https:\/\/mesaymantel.digital\/wp-content\/uploads\/2022\/02\/turismo-palencia-fondo-blanco-1-389x111.png 389w, https:\/\/mesaymantel.digital\/wp-content\/uploads\/2022\/02\/turismo-palencia-fondo-blanco-1.png 1923w\" sizes=\"(max-width: 1024px) 100vw, 1024px\" \/><\/a><\/figure><div class=\"wp-block-media-text__content\">\n<p class=\"has-large-font-size\">Toda la informaci\u00f3n tur\u00edstica de Venta de Ba\u00f1os y Ba\u00f1os de Cerrato en un click.<\/p>\n\n\n\n<p><a href=\"https:\/\/clickturismo.es\/ventadebanos\/\" target=\"_blank\" rel=\"noreferrer noopener\">https:\/\/clickturismo.es\/ventadebanos\/<\/a><\/p>\n<\/div><\/div>\n\n\n\n<hr class=\"wp-block-separator\"\/>\n\n\n\n<hr class=\"wp-block-separator\"\/>\n","protected":false},"excerpt":{"rendered":"<p>Toda la informaci\u00f3n tur\u00edstica de Venta de Ba\u00f1os y Ba\u00f1os de Cerrato en un click. https:\/\/clickturismo.es\/ventadebanos\/<\/p>\n","protected":false},"author":1,"featured_media":0,"parent":0,"menu_order":0,"comment_status":"closed","ping_status":"closed","template":"","meta":{"_monsterinsights_skip_tracking":false,"_monsterinsights_sitenote_active":false,"_monsterinsights_sitenote_note":"","_monsterinsights_sitenote_category":0},"_links":{"self":[{"href":"https:\/\/mesaymantel.digital\/index.php\/wp-json\/wp\/v2\/pages\/871"}],"collection":[{"href":"https:\/\/mesaymantel.digital\/index.php\/wp-json\/wp\/v2\/pages"}],"about":[{"href":"https:\/\/mesaymantel.digital\/index.php\/wp-json\/wp\/v2\/types\/page"}],"author":[{"embeddable":true,"href":"https:\/\/mesaymantel.digital\/index.php\/wp-json\/wp\/v2\/users\/1"}],"replies":[{"embeddable":true,"href":"https:\/\/mesaymantel.digital\/index.php\/wp-json\/wp\/v2\/comments?post=871"}],"version-history":[{"count":4,"href":"https:\/\/mesaymantel.digital\/index.php\/wp-json\/wp\/v2\/pages\/871\/revisions"}],"predecessor-version":[{"id":1524,"href":"https:\/\/mesaymantel.digital\/index.php\/wp-json\/wp\/v2\/pages\/871\/revisions\/1524"}],"wp:attachment":[{"href":"https:\/\/mesaymantel.digital\/index.php\/wp-json\/wp\/v2\/media?parent=871"}],"curies":[{"name":"wp","href":"https:\/\/api.w.org\/{rel}","templated":true}]}}